{"id":1615,"date":"2023-05-02T16:59:45","date_gmt":"2023-05-02T23:59:45","guid":{"rendered":"https:\/\/onlineacademiccommunity.uvic.ca\/riskybehaviourlab\/?page_id=1615"},"modified":"2023-05-02T21:00:28","modified_gmt":"2023-05-03T04:00:28","slug":"perfectionism-in-pre-graduate-students","status":"publish","type":"page","link":"https:\/\/onlineacademiccommunity.uvic.ca\/riskybehaviourlab\/resources\/perfectionism-in-pre-graduate-students\/","title":{"rendered":"Perfectionism in Pre-Graduate Students"},"content":{"rendered":"<p>Sydney Waddington<\/p>\n<p>May 2, 2023<\/p>\n<p><img loading=\"lazy\" decoding=\"async\" class=\" wp-image-1620\" src=\"https:\/\/onlineacademiccommunity.uvic.ca\/riskybehaviourlab\/wp-content\/uploads\/sites\/1974\/2023\/05\/65_MjExMi53MDA5Lm4wMDEuNzTQoS5wNi43NA-900x581.jpg\" alt=\"\" width=\"690\" height=\"445\"><\/p>\n<p><span style=\"color: #000000\"><strong>What is Perfectionism?<\/strong><\/span><\/p>\n<p><span style=\"color: #000000\">Perfectionism is a personality trait that involves striving for excellence and setting excessively high personal standards, often accompanied by high levels of self-criticism [1]. Perfectionism knows no bounds, as it can affect all areas of life, such as appearance, health, sports, relationships, and as we\u2019ll soon come to discuss, academic success.<\/span><\/p>\n<p><span style=\"color: #000000\"><strong>Risk Factors of Perfectionism<\/strong><\/span><\/p>\n<p><span style=\"color: #000000\">Being highly perfectionistic can have serious consequences for some people. Research has shown that perfectionism, and particularly perfectionism that involves a high degree of self-criticism, is associated with the following\u2026<\/span><\/p>\n<ul>\n<li><span style=\"color: #000000\">Mental health challenges, such as depression, anxiety, obsessive-compulsive disorder, eating disorders, and nonsuicidal self-injury [2, 3]<\/span><\/li>\n<li><span style=\"color: #000000\">Maladaptive coping strategies, such as rumination [4]<\/span><\/li>\n<li><span style=\"color: #000000\">Difficulty achieving one\u2019s goals [5]<\/span><\/li>\n<\/ul>\n<p><span style=\"color: #000000\">It is important to note that just because something is highly correlated, such as perfectionism and mental health challenges, does not mean that it is a determining (i.e., causal) factor. Everyone is different, and thus everyone will have different outcomes in life.<\/span><\/p>\n<p><span style=\"color: #000000\"><strong>Perfectionism vs. Competitiveness<\/strong><\/span><\/p>\n<p><span style=\"color: #000000\">Sometimes it can be difficult to tease apart perfectionism from other traits that are also related to striving for success, such as competitiveness. One form of competitiveness that can be particularly tricky to contrast is <em>personal enhancement<\/em> competitiveness, which is characterised by \u201cthe desire to perform well to display one&#8217;s competency, achievement, and self-improvement\u201d [6]. The key difference between perfectionism and competitiveness is that perfectionistic individuals are concerned with performing flawlessly, whereas competitive individuals are concerned with outperforming someone, whether it be themselves or someone else.<\/span><\/p>\n<p><span style=\"color: #000000\"><strong>Perfectionism vs. Academic Achievement<\/strong><\/span><\/p>\n<p><span style=\"color: #000000\">It is important to realize that perfectionism is not the same as having reasonable expectations for your academic performance. While perfectionism can contribute to unhealthy habits due to unreasonably high expectations, academic achievement involves setting and achieving realistic goals that do not significantly interfere with other aspects of your life.<\/span><\/p>\n<p><span style=\"color: #000000\">Perfectionism and academic achievement won\u2019t look the same for everyone, but some examples to distinguish the two are the following\u2026<\/span><\/p>\n<p><span style=\"color: #000000\"><strong>Academic Achievement: <\/strong><\/span><\/p>\n<p><span style=\"color: #000000\">\u201cI can\u2019t hangout with friends this weekend, because I have an exam on Monday\u201d<\/span><\/p>\n<p><span style=\"color: #000000\">\u201cThe graduate program I\u2019m interested in suggests that applicants should have experience in two different labs, so I\u2019ll consider joining a third lab if I have time, to stand out on my application\u201d<\/span><\/p>\n<p><span style=\"color: #000000\">\u201cI\u2019m not confident in my graduate school application essay, so I\u2019ll read it over and see where I can improve it\u201d<\/span><\/p>\n<p><span style=\"color: #000000\"><strong>Perfectionism:<\/strong><\/span><\/p>\n<p><span style=\"color: #000000\">\u201cI can\u2019t have friends because I need to focus on earning over 95% in every course\u201d<\/span><\/p>\n<p><span style=\"color: #000000\">\u201cThe program I\u2019m interested in suggests that applicants should have experience in two different research labs, so I\u2019ll join five to really stand out\u201d<\/span><\/p>\n<p><span style=\"color: #000000\">\u201cI have to re-do my graduate school application essay, because I saw one typo and can\u2019t risk any mistakes\u201d<\/span><\/p>\n<p><span style=\"color: #000000\"><strong>Perfectionism and Pre-Graduate School<\/strong><\/span><\/p>\n<p><span style=\"color: #000000\">As mentioned, perfectionism can affect any and all areas of life, and completing the daunting checklist involved in applying to graduate school is no exception. Many students can begin to feel overwhelmed by the high expectations set by graduate programs, leading to the development of some perfectionistic tendencies regarding their academic success.<\/span><\/p>\n<p><span style=\"color: #000000\">Some areas where perfectionism can creep in are\u2026<\/span><\/p>\n<ul>\n<li><span style=\"color: #000000\">Filling out graduate school applications<\/span><\/li>\n<li><span style=\"color: #000000\">Filling up your <em>Curriculum Vieta<\/em><\/span><\/li>\n<li><span style=\"color: #000000\">Maintaining a high GPA<\/span><\/li>\n<li><span style=\"color: #000000\">Taking graduate school admissions tests<\/span><\/li>\n<li><span style=\"color: #000000\">Participating in extra curriculars<\/span><\/li>\n<li><span style=\"color: #000000\">Finding ways to develop or demonstrate certain skills<\/span><\/li>\n<\/ul>\n<p><span style=\"color: #000000\"><strong>How to Cope with Perfectionism as a Pre-Graduate Student<\/strong><\/span><\/p>\n<p><span style=\"color: #000000\">Although there are many ways to cope with perfectionism, and not every method will work for everyone, here are some strategies that have been dug up from education, psychology, and counselling literature [7, 8] \u2026<\/span><\/p>\n<ul>\n<li><span style=\"color: #000000\">Reframing perfectionism as a multidimensional construct<\/span>\n<ul>\n<li><span style=\"color: #000000\">Rather than perfectionism being all bad, try to pull apart which aspects of perfectionism are helpful and healthy versus the ones that are maladaptive and self-damaging, then do your best to stay within the positives.<\/span>\n<ul>\n<li><span style=\"color: #000000\">Some examples of adaptive aspects include having a strong work ethic, having a good sense of responsibility and accountability, etc.<\/span><\/li>\n<li><span style=\"color: #000000\">Some examples of maladaptive aspects include fixating on one thing, doing something at the expense of your own mental health, and being overly self-critical when excessively high standards are not met, etc.<\/span><\/li>\n<\/ul>\n<\/li>\n<li><span style=\"color: #000000\">Promote realistic goal setting<\/span>\n<ul>\n<li><span style=\"color: #000000\">Rather than setting unreasonably high expectations, take a step back and revaluate the reality of what you\u2019re asking yourself to do, and question if achieving the goal involves jeopardizing any aspect of your life, such as mental health, relationships, other responsibilities, etc.<\/span><\/li>\n<\/ul>\n<\/li>\n<li><span style=\"color: #000000\">Work on developing a growth rather than fixed mindset<\/span>\n<ul>\n<li><span style=\"color: #000000\">While a fixed mindset is an \u2018all or nothing\u2019 outlook where you believe that there is only failure or success with no in-between, a growth mindset emphasizes that there is value in making mistakes because you can learn and grow from them.<\/span>\n<ul>\n<li><span style=\"color: #000000\">One way to foster a growth mindset is to try and pick out ways that your mistakes can act as learning opportunities, rather than viewing them as instant failure.<\/span><\/li>\n<\/ul>\n<\/li>\n<li><span style=\"color: #000000\">Find a counsellor or use counselling strategies<\/span>\n<ul>\n<li><span style=\"color: #000000\">Counsellors can help people manage their perfectionism through employing various therapeutic approaches. If, however, counselling doesn\u2019t interest you, consider reading counselling books to find some healthy coping strategies.<\/span><\/li>\n<\/ul>\n<\/li>\n<li><span style=\"color: #000000\">Find a community<\/span>\n<ul>\n<li><span style=\"color: #000000\">Making connections with others who struggle with perfectionism can lead to positive outcomes by going through the highs and lows with a peer.<\/span><\/li>\n<\/ul>\n<\/li>\n<\/ul>\n<\/li>\n<\/ul>\n<\/li>\n<\/ul>\n<p><span style=\"color: #000000\">Perfectionism can be difficult to navigate and can add stress and anxiety on top of already stressful situations, such as gearing up to apply to graduate school. It can also be challenging to tell the difference between perfectionism, competitiveness, and academic achievement. To help understand and navigate perfectionism, check out these resources below:<\/span><\/p>\n<ul>\n<li><span style=\"color: #000000\">How to Overcome Perfectionism: 15 Worksheets &amp; Resources<\/span>\n<ul>\n<li><span style=\"color: #000000\"><a style=\"color: #000000\" href=\"https:\/\/positivepsychology.com\/how-to-overcome-perfectionism\/\" target=\"_blank\" rel=\"noopener\">https:\/\/positivepsychology.com\/how-to-overcome-perfectionism\/<\/a><\/span><\/li>\n<\/ul>\n<\/li>\n<li><span style=\"color: #000000\">Perfectionism Counsellors on Counselling BC<\/span>\n<ul>\n<li><span style=\"color: #000000\"><a style=\"color: #000000\" href=\"https:\/\/counsellingbc.com\/counsellors\/practice\/perfectionism-148\" target=\"_blank\" rel=\"noopener\">https:\/\/counsellingbc.com\/counsellors\/practice\/perfectionism-148<\/a><\/span><\/li>\n<\/ul>\n<\/li>\n<li><span style=\"color: #000000\">Overcome Perfectionism<\/span>\n<ul>\n<li><span style=\"color: #000000\"><a style=\"color: #000000\" href=\"https:\/\/www.goodtherapy.org\/learn-about-therapy\/issues\/perfectionism\/overcome\" target=\"_blank\" rel=\"noopener\">https:\/\/www.goodtherapy.org\/learn-about-therapy\/issues\/perfectionism\/overcome<\/a><\/span><\/li>\n<\/ul>\n<\/li>\n<li><span style=\"color: #000000\">How to Break Through Perfectionism When Other Advice Fails<\/span>\n<ul>\n<li><span style=\"color: #000000\"><a style=\"color: #000000\" href=\"https:\/\/www.harleytherapy.co.uk\/counselling\/how-to-stop-being-a-perfectionist.htm\" target=\"_blank\" rel=\"noopener\">https:\/\/www.harleytherapy.co.uk\/counselling\/how-to-stop-being-a-perfectionist.htm<\/a><\/span><\/li>\n<\/ul>\n<\/li>\n<li><span style=\"color: #000000\">Journal Article: <em>Trait perfectionism and competitiveness: Conceptual similarities and differences in a lab-based competitive task<\/em><\/span>\n<ul>\n<li><span style=\"color: #000000\"><a style=\"color: #000000\" href=\"https:\/\/www.sciencedirect.com\/science\/article\/abs\/pii\/S0191886919305422\" target=\"_blank\" rel=\"noopener\">https:\/\/www.sciencedirect.com\/science\/article\/abs\/pii\/S0191886919305422<\/a><\/span><\/li>\n<\/ul>\n<\/li>\n<li><span style=\"color: #000000\">Journal Article: A Meta-Analysis of Perfectionism and Academic Achievement<\/span>\n<ul>\n<li><span style=\"color: #000000\"><a style=\"color: #000000\" href=\"https:\/\/link.springer.com\/article\/10.1007\/s10648-019-09484-2\" target=\"_blank\" rel=\"noopener\">https:\/\/link.springer.com\/article\/10.1007\/s10648-019-09484-2<\/a><\/span><\/li>\n<\/ul>\n<\/li>\n<\/ul>\n<p><span style=\"color: #000000\"><strong>References<\/strong><\/span><\/p>\n<p><span style=\"color: #000000\">[1] Stoeber, J. (2016). Perfectionism. In: Zeigler-Hill, V., Shackelford, T. (eds) Encyclopedia of Personality and Individual Differences. Springer, Cham. <a style=\"color: #000000\" href=\"https:\/\/doi.org\/10.1007\/978-3-319-28099-8_2027-1\">https:\/\/doi.org\/10.1007\/978-3-319-28099-8_2027-1<\/a><\/span><\/p>\n<p><span style=\"color: #000000\">[2] Egan, S. J., Wade, T. D., &amp; Shafran, R. (2011). Perfectionism as a transdiagnostic process: A clinical review. <em>Clinical Psychology Review<\/em>,&nbsp;<em>31<\/em>(2), 203-212. <a style=\"color: #000000\" href=\"https:\/\/doi.org\/10.1016\/j.cpr.2010.04.009\">https:\/\/doi.org\/10.1016\/j.cpr.2010.04.009<\/a><\/span><\/p>\n<p><span style=\"color: #000000\">[3] Zelkowitz, R. L., &amp; Cole, D. A. (2019). Self\u2010criticism as a transdiagnostic process in nonsuicidal self\u2010injury and disordered eating: Systematic review and meta\u2010analysis. <em>Suicide and Life\u2010Threatening Behavior<\/em>,&nbsp;<em>49<\/em>(1), 310-327.<\/span><\/p>\n<p><span style=\"color: #000000\">[4] Kun, B., Urb\u00e1n, R., B\u0151the, B., Griffiths, M. D., Demetrovics, Z., &amp; K\u00f6k\u00f6nyei, G. (2020). Maladaptive Rumination Mediates the Relationship between Self-Esteem, Perfectionism, and Work Addiction: A Largescale Survey Study. <em>International Journal of Environmental Research and Public Health, 17<\/em>(19), 7332. http:\/\/dx.doi.org\/10.3390\/ijerph17197332<\/span><\/p>\n<p><span style=\"color: #000000\">[5] Powers, T. A., Koestner, R., Zuroff, D. C., Milyavskaya, M., &amp; Gorin, A. A. (2011). The effects of self-criticism and self-oriented perfectionism on goal pursuit. <em>Personality and Social Psychology Bulletin<\/em>,&nbsp;<em>37<\/em>(7), 964-975. https:\/\/doi.org\/ 10.1177\/0146167211410246<\/span><\/p>\n<p><span style=\"color: #000000\">[6] Klein, R. G., Dooley, D., Lapierre, K., Pitura, V. A., &amp; Adduono, D. (2020). Trait perfectionism and competitiveness: Conceptual similarities and differences in a lab-based competitive task. <em>Personality and Individual Differences<\/em>, <em>153<\/em>. <a style=\"color: #000000\" href=\"https:\/\/doi.org\/10.1016\/j.paid.2019.109610\">https:\/\/doi.org\/10.1016\/j.paid.2019.109610<\/a><\/span><\/p>\n<p><span style=\"color: #000000\">[7] Dickinson, M. J., &amp; Dickinson, D. A. G. (2015) Practically perfect in every way: can reframing perfectionism for high-achieving undergraduates impact academic resilience? <em>Studies in Higher Education<\/em>, <em>40<\/em>(10), 1889-1903. <a style=\"color: #000000\" href=\"https:\/\/doi.org\/10.1080\/03075079.2014.912625\">https:\/\/doi.org\/10.1080\/03075079.2014.912625<\/a><\/span><\/p>\n<p><span style=\"color: #000000\">[8] Ginsburg, K. R. (2013, October 29). What creates perfectionism. Healthychildren.org. <a style=\"color: #000000\" href=\"https:\/\/www.healthychildren.org\/English\/ages-stages\/young-adult\/Pages\/What-Fuels-Perfectionism.aspx#:~:text=Dweck%20explains%20that%20people%20with,feel%20smart%20when%20they%20avoid\">https:\/\/www.healthychildren.org\/English\/ages-stages\/young-adult\/Pages\/What-Fuels-Perfectionism.aspx#:~:text=Dweck%20explains%20that%20people%20with,feel%20smart%20when%20they%20avoid<\/a><\/span><\/p>\n<p><span style=\"color: #000000\">Image by redgreystock on Freepik<\/span> <a href=\"https:\/\/www.freepik.com\/free-vector\/full-energy-tired-exhausted-woman-office-worker_22511432.htm#query=perfectionism&amp;position=3&amp;from_view=search&amp;track=sph\">https:\/\/www.freepik.com\/free-vector\/full-energy-tired-exhausted-woman-office-worker_22511432.htm#query=perfectionism&amp;position=3&amp;from_view=search&amp;track=sph<\/a><\/p>\n<p>&nbsp;<\/p>\n<p>&nbsp;<\/p>\n<p>&nbsp;<\/p>\n<p>&nbsp;<\/p>\n<p>&nbsp;<\/p>\n<p>&nbsp;<\/p>\n<p>&nbsp;<\/p>\n","protected":false},"excerpt":{"rendered":"<p>Sydney Waddington May 2, 2023 What is Perfectionism? Perfectionism is a personality trait that involves striving for excellence and setting excessively high personal standards, often accompanied by high levels of self-criticism [1]. Perfectionism knows no bounds, as it can affect all areas of life, such as appearance, health, sports, relationships, and as we\u2019ll soon come [&hellip;]<\/p>\n","protected":false},"author":15759,"featured_media":0,"parent":19,"menu_order":0,"comment_status":"closed","ping_status":"closed","template":"","meta":{"_et_pb_use_builder":"","_et_pb_old_content":"","_et_gb_content_width":"","footnotes":""},"class_list":["post-1615","page","type-page","status-publish","hentry"],"_links":{"self":[{"href":"https:\/\/onlineacademiccommunity.uvic.ca\/riskybehaviourlab\/wp-json\/wp\/v2\/pages\/1615","targetHints":{"allow":["GET"]}}],"collection":[{"href":"https:\/\/onlineacademiccommunity.uvic.ca\/riskybehaviourlab\/wp-json\/wp\/v2\/pages"}],"about":[{"href":"https:\/\/onlineacademiccommunity.uvic.ca\/riskybehaviourlab\/wp-json\/wp\/v2\/types\/page"}],"author":[{"embeddable":true,"href":"https:\/\/onlineacademiccommunity.uvic.ca\/riskybehaviourlab\/wp-json\/wp\/v2\/users\/15759"}],"replies":[{"embeddable":true,"href":"https:\/\/onlineacademiccommunity.uvic.ca\/riskybehaviourlab\/wp-json\/wp\/v2\/comments?post=1615"}],"version-history":[{"count":5,"href":"https:\/\/onlineacademiccommunity.uvic.ca\/riskybehaviourlab\/wp-json\/wp\/v2\/pages\/1615\/revisions"}],"predecessor-version":[{"id":1622,"href":"https:\/\/onlineacademiccommunity.uvic.ca\/riskybehaviourlab\/wp-json\/wp\/v2\/pages\/1615\/revisions\/1622"}],"up":[{"embeddable":true,"href":"https:\/\/onlineacademiccommunity.uvic.ca\/riskybehaviourlab\/wp-json\/wp\/v2\/pages\/19"}],"wp:attachment":[{"href":"https:\/\/onlineacademiccommunity.uvic.ca\/riskybehaviourlab\/wp-json\/wp\/v2\/media?parent=1615"}],"curies":[{"name":"wp","href":"https:\/\/api.w.org\/{rel}","templated":true}]}}