{"id":48,"date":"2021-10-23T23:22:13","date_gmt":"2021-10-23T23:22:13","guid":{"rendered":"https:\/\/onlineacademiccommunity.uvic.ca\/reseaufranco\/?page_id=48"},"modified":"2026-02-19T16:36:35","modified_gmt":"2026-02-20T00:36:35","slug":"a-propos","status":"publish","type":"page","link":"https:\/\/onlineacademiccommunity.uvic.ca\/reseaufranco\/","title":{"rendered":"\u00c0 propos"},"content":{"rendered":"\n<h3 class=\"wp-block-heading\"><strong>BIENVENUE SUR LE SITE TEMPORAIRE DE R\u00c9SEAU FRANCO !<\/strong><\/h3>\n\n\n<p><img loading=\"lazy\" decoding=\"async\" class=\"alignleft size-thumbnail wp-image-408\" src=\"https:\/\/onlineacademiccommunity.uvic.ca\/reseaufranco\/wp-content\/uploads\/sites\/6275\/2026\/01\/rf-logoprincipal-rgb-bleu-orange-1-150x150.jpg\" alt=\"\" width=\"150\" height=\"150\" srcset=\"https:\/\/onlineacademiccommunity.uvic.ca\/reseaufranco\/wp-content\/uploads\/sites\/6275\/2026\/01\/rf-logoprincipal-rgb-bleu-orange-1-150x150.jpg 150w, https:\/\/onlineacademiccommunity.uvic.ca\/reseaufranco\/wp-content\/uploads\/sites\/6275\/2026\/01\/rf-logoprincipal-rgb-bleu-orange-1.jpg 269w\" sizes=\"auto, (max-width: 150px) 100vw, 150px\" \/><\/p>\n<p>\u00a0<\/p>\n<p><strong style=\"font-size: revert\">La mission de R\u00e9seau franco<\/strong><span style=\"font-size: revert\"> est d\u2019assurer la visibilit\u00e9 et le rayonnement de la diversit\u00e9 francophone et francophile dans et hors les murs de l\u2019Universit\u00e9 de Victoria. Il repose sur la cr\u00e9ation d\u2019\u00e9v\u00e9nements capables de f\u00e9d\u00e9rer des \u00e9changes culturels, acad\u00e9miques et communautaires. R\u00e9seau franco est aussi un espace de promotion et de valorisation de l\u2019enseignement et de la recherche en langue fran\u00e7aise ou d\u00e9di\u00e9 \u00e0 des enjeux qui touchent les communaut\u00e9s francophones \u00e0 travers le monde. Ce r\u00e9seau d\u00e9fend et met en valeur la diversit\u00e9, l\u2019\u00e9quit\u00e9 et l\u2019inclusion de toutes les mani\u00e8res d\u2019\u00eatre, de penser et de vivre la francophonie et ses expressions culturelles.<\/span><\/p>\n<hr \/>\n<p><strong>Les objectifs de R\u00e9seau franco<\/strong> sont multiples:<\/p>\n<ul>\n<li>favoriser les solidarit\u00e9s intellectuelles entre les francophones et francophiles du corps professoral de l&#8217;Universit\u00e9 de Victoria;<\/li>\n<li>encourager aupr\u00e8s des \u00e9tudiant\u00b7e\u00b7s le d\u00e9sir de d\u00e9couvrir les recherches des professeur\u00b7e\u00b7s francophones, francophiles, ou \u0153uvrant dans des domaines reli\u00e9s de pr\u00e8s ou de loin aux espaces francophones \u00e0 travers le monde;<\/li>\n<li>connecter le milieu de la recherche et de l&#8217;enseignement sup\u00e9rieur avec les communaut\u00e9s;<\/li>\n<li>promouvoir la tenue d&#8217;\u00e9v\u00e9nements scientifiques, intellectuels, culturels et artistiques en fran\u00e7ais.<\/li>\n<\/ul>\n<hr \/>\n<p><strong>L\u2019\u00e9quipe de R\u00e9seau franco<\/strong><\/p>\n<ul>\n<li>Co-direction 2024\/2025 : Sara Harvey et Pierre-Luc Landry<\/li>\n<li>Co-direction 2025\/2026 : Sara Harvey et Catherine L\u00e9ger<\/li>\n<li>Coordination des \u00e9v\u00e9nements culturels et responsable des communications\u00a0: Ang\u00e9lique Germain<\/li>\n<\/ul>\n<hr \/>\n<p style=\"text-align: center\"><strong>R\u00e9seau franco est financ\u00e9 par le minist\u00e8re de l\u2019\u00c9ducation et des Services \u00e0 la petite enfance de la Colombie-Britannique, depuis 2024.<\/strong><\/p>\n<hr \/>\n<p><em>Historiquement, R\u00e9seau franco d\u00e9coule d&#8217;un projet subventionn\u00e9 par le programme\u00a0Experiential Learning Fund Grant de la\u00a0<a href=\"https:\/\/www.uvic.ca\/learningandteaching\/index.php\">Division of Learning and Teaching Support and Innovation<\/a>:\u00a0<strong>Global French Connections: Discovering and Showcasing the Francophone World Through Experiential Learning<\/strong> (UVic ethics protocol number 21\u20130227, 2021\u20132022, sous la direction de Pierre-Luc Landry).<\/em><\/p>","protected":false},"excerpt":{"rendered":"<p>BIENVENUE SUR LE SITE TEMPORAIRE DE R\u00c9SEAU FRANCO ! \u00a0 La mission de R\u00e9seau franco est d\u2019assurer la visibilit\u00e9 et le rayonnement de la diversit\u00e9 francophone et francophile dans et &#8230;<\/p>\n","protected":false},"author":7791,"featured_media":0,"parent":0,"menu_order":0,"comment_status":"closed","ping_status":"closed","template":"","meta":{"footnotes":""},"class_list":["post-48","page","type-page","status-publish","hentry"],"_links":{"self":[{"href":"https:\/\/onlineacademiccommunity.uvic.ca\/reseaufranco\/wp-json\/wp\/v2\/pages\/48","targetHints":{"allow":["GET"]}}],"collection":[{"href":"https:\/\/onlineacademiccommunity.uvic.ca\/reseaufranco\/wp-json\/wp\/v2\/pages"}],"about":[{"href":"https:\/\/onlineacademiccommunity.uvic.ca\/reseaufranco\/wp-json\/wp\/v2\/types\/page"}],"author":[{"embeddable":true,"href":"https:\/\/onlineacademiccommunity.uvic.ca\/reseaufranco\/wp-json\/wp\/v2\/users\/7791"}],"replies":[{"embeddable":true,"href":"https:\/\/onlineacademiccommunity.uvic.ca\/reseaufranco\/wp-json\/wp\/v2\/comments?post=48"}],"version-history":[{"count":25,"href":"https:\/\/onlineacademiccommunity.uvic.ca\/reseaufranco\/wp-json\/wp\/v2\/pages\/48\/revisions"}],"predecessor-version":[{"id":454,"href":"https:\/\/onlineacademiccommunity.uvic.ca\/reseaufranco\/wp-json\/wp\/v2\/pages\/48\/revisions\/454"}],"wp:attachment":[{"href":"https:\/\/onlineacademiccommunity.uvic.ca\/reseaufranco\/wp-json\/wp\/v2\/media?parent=48"}],"curies":[{"name":"wp","href":"https:\/\/api.w.org\/{rel}","templated":true}]}}