{"id":24,"date":"2021-08-20T00:46:39","date_gmt":"2021-08-20T00:46:39","guid":{"rendered":"https:\/\/onlineacademiccommunity.uvic.ca\/reseaufranco\/?page_id=24"},"modified":"2025-08-19T11:22:04","modified_gmt":"2025-08-19T18:22:04","slug":"communaute","status":"publish","type":"page","link":"https:\/\/onlineacademiccommunity.uvic.ca\/reseaufranco\/communaute\/","title":{"rendered":"Communaut\u00e9"},"content":{"rendered":"<p><strong>Liste des organismes communautaires, politiques et artistiques \u0153uvrant dans la francophonie britanno-colombienne\u00a0<\/strong><\/p>\n<p><em>Pour que votre organisme soit ajout\u00e9 au bottin, ou pour toute demande de modification des informations publi\u00e9es, veuillez <a href=\"agermain@uvic.ca\">contacter l&#8217;\u00e9quipe <\/a>de R\u00e9seau franco.<\/em><\/p>\n<pre>L'objectif de cette liste compil\u00e9e par l'\u00e9quipe de R\u00e9seau franco n'est pas de se substituer \u00e0 l'<strong><a href=\"https:\/\/www.annuaireffcb.com\/\" target=\"_blank\" rel=\"noopener\">Annuaire des services en fran\u00e7ais en Colombie-Britannique<\/a><\/strong>, dont nous encourageons bien entendu la consultation.<\/pre>\n<h3><span style=\"color: #005493\">Associations communautaires<\/span><\/h3>\n<p><a href=\"https:\/\/www.afracb.ca\/\" target=\"_blank\" rel=\"noopener\">Assembl\u00e9e francophone des retrait\u00e9(e)s et ain\u00e9(e)s de la Colombie-Britannique<\/a><br \/>\n<a href=\"http:\/\/www.affno-cb.ca\" target=\"_blank\" rel=\"noopener\">Association des francophones et francophiles du Nord-Ouest<\/a><br \/>\n<a href=\"http:\/\/www.francophonenanaimo.org\" target=\"_blank\" rel=\"noopener\">Association des francophones de Nanaimo<\/a><br \/>\n<a href=\"http:\/\/www.afko.ca\/\" target=\"_blank\" rel=\"noopener\">Association des francophones des Kootenays Ouest<\/a><br \/>\n<a href=\"http:\/\/www.afcr.bc.ca\" target=\"_blank\" rel=\"noopener\">Association francophone de Campbell River<\/a><br \/>\n<a href=\"http:\/\/www.francokamloops.org\/\" target=\"_blank\" rel=\"noopener\">Association francophone de Kamloops<\/a><br \/>\n<a href=\"mailto:francophonerichmond@hotmail.com\" target=\"_blank\" rel=\"noopener\">Association francophone de Richmond<\/a><br \/>\n<a href=\"http:\/\/www.afsurrey.ca\" target=\"_blank\" rel=\"noopener\">Association francophone de Surrey<\/a><br \/>\n<a href=\"https:\/\/afros.ca\/index.php\/en\/about-us\/\" target=\"_blank\" rel=\"noopener\">Association francophone des Rocheuses du Sud<\/a><br \/>\n<a href=\"https:\/\/afcr.bc.ca\/\" target=\"_blank\" rel=\"noopener\">Association francophone du Centre de l&#8217;\u00cele<\/a><br \/>\n<a href=\"http:\/\/www.ccfpg.ca\" target=\"_blank\" rel=\"noopener\">Cercle des Canadiens-Fran\u00e7ais de Prince George<\/a><br \/>\n<a href=\"http:\/\/www.clubbonaccueil.com\/\" target=\"_blank\" rel=\"noopener\">Club Bon Accueil de Powell River<\/a><br \/>\n<a href=\"https:\/\/www.ffcb.ca\/\" target=\"_blank\" rel=\"noopener\">F\u00e9d\u00e9ration des francophones de Colombie-Britannique<\/a><br \/>\n<a href=\"http:\/\/www.maillardville.com\" target=\"_blank\" rel=\"noopener\">Soci\u00e9t\u00e9 francophone de Maillardville<\/a><br \/>\n<a href=\"http:\/\/www.francocentre.com\/\">Soci\u00e9t\u00e9 francophone de Victoria<\/a><\/p>\n<h3><span style=\"color: #005493\">Commerce et professions<\/span><\/h3>\n<p><a href=\"https:\/\/www2.gov.bc.ca\/gov\/content\/governments\/organizational-structure\/office-of-the-premier\/intergovernmental-relations-secretariat\/francophone\" target=\"_blank\" rel=\"noopener\">Affaires francophones, secr\u00e9tariat aux affaires intergouvernementales (Gouvernement de la Colombie-Britannique)<\/a><br \/>\n<a href=\"https:\/\/ajefcb.ca\/\" target=\"_blank\" rel=\"noopener\">Association des juristes d&#8217;expression fran\u00e7aise de la Colombie-Britannique<\/a><br \/>\n<a href=\"https:\/\/ccfvancouver.com\/en\/\" target=\"_blank\" rel=\"noopener\">Chambre de commerce francophone<\/a><br \/>\n<a href=\"https:\/\/www.sdecb.com\/\" target=\"_blank\" rel=\"noopener\">Soci\u00e9t\u00e9 de d\u00e9veloppement \u00e9conomique de la Colombie-Britannique<\/a><\/p>\n<h3><span style=\"color: #005493\">Culture et loisirs<\/span><\/h3>\n<p><a href=\"https:\/\/afvictoria.ca\/welcome-2\/\" target=\"_blank\" rel=\"noopener\">Alliance Fran\u00e7aise de Victoria<\/a><br \/>\n<a href=\"http:\/\/www.chca-bc.com\" target=\"_blank\" rel=\"noopener\">Association culturelle canado-ha\u00eftienne de la Colombie-Britannique<\/a><br \/>\n<a href=\"https:\/\/ahfv.org\/\" target=\"_blank\" rel=\"noopener\">Association historique francophone de Victoria<\/a><br \/>\n<a href=\"http:\/\/www.leccfo.org\" target=\"_blank\" rel=\"noopener\">Centre culturel francophone de l&#8217;Okanagan<\/a><br \/>\n<a href=\"http:\/\/www.maillardville.com\/\" target=\"_blank\" rel=\"noopener\">Centre culturel francophone de Maillardville<\/a><br \/>\n<a href=\"http:\/\/www.lecentreculturel.com\" target=\"_blank\" rel=\"noopener\">Centre culturel francophone de Vancouver<\/a><br \/>\n<a href=\"https:\/\/www.ccafcb.com\/\" target=\"_blank\" rel=\"noopener\">Conseil culturel et artistique francophone de la Colombie-Britannique<\/a><br \/>\n<a href=\"https:\/\/thelasource.com\/fr\/\" target=\"_blank\" rel=\"noopener\">Journal bilingue La Source<\/a><br \/>\n<a href=\"http:\/\/editionspno.com\/\" target=\"_blank\" rel=\"noopener\">Les \u00e9ditions du Pacifique Nord-Ouest<\/a><br \/>\n<a href=\"https:\/\/lamaison.bc.ca\/\" target=\"_blank\" rel=\"noopener\">Maison de la Francophonie de Vancouver et Studio 16<\/a><br \/>\n<a href=\"https:\/\/radiovictoria.ca\/\" target=\"_blank\" rel=\"noopener\">Radio Victoria<\/a><br \/>\n<a href=\"http:\/\/www.scoutsfranco.com\/\" target=\"_blank\" rel=\"noopener\">Scouts francophones de la Colombie-Britannique<\/a><br \/>\n<a href=\"http:\/\/www.africafest.ca\" target=\"_blank\" rel=\"noopener\">Soci\u00e9t\u00e9 culturelle africaine et carib\u00e9enne de Victoria<\/a><br \/>\n<a href=\"https:\/\/www.shfcb.ca\/\" target=\"_blank\" rel=\"noopener\">Soci\u00e9t\u00e9 historique francophone de Colombie-Britannique<\/a><br \/>\n<a href=\"http:\/\/www.seizieme.ca\/\" target=\"_blank\" rel=\"noopener\">Th\u00e9\u00e2tre la Seizi\u00e8me<\/a><br \/>\n<a href=\"http:\/\/www.rendez-vousvancouver.com\/\" target=\"_blank\" rel=\"noopener\">Vision Ouest Productions \u2013 Les Rendez-vous du cin\u00e9ma<\/a><\/p>\n<h3><span style=\"color: #005493\">Milieu scolaire et enseignement postsecondaire<\/span><\/h3>\n<p><a href=\"https:\/\/sites.google.com\/site\/lespetitscoeurscomox\/\" target=\"_blank\" rel=\"noopener\">Association de parents de l&#8217;\u00e9cole Au-coeur-de-l&#8217;\u00eele<\/a><br \/>\n<a href=\"mailto:ape.cotedusoleil@gmail.com\">Association de parents de l&#8217;\u00e9cole C\u00f4te-du-soleil<\/a><br \/>\n<a href=\"mailto:apepembi@gmail.com\" target=\"_blank\" rel=\"noopener\">Association de parents de l&#8217;\u00e9cole de la Vall\u00e9e<\/a><br \/>\n<a href=\"mailto:colibrisape@gmail.com\" target=\"_blank\" rel=\"noopener\">Association de parents de l&#8217;\u00e9cole des Colibris<\/a><br \/>\n<a href=\"mailto:ape.ecole.des.navigateurs@gmail.com\" target=\"_blank\" rel=\"noopener\">Association de parents de l&#8217;\u00e9cole des Navigateurs<\/a><br \/>\n<a href=\"mailto:apeseptsommets@gmail.com\" target=\"_blank\" rel=\"noopener\">Association de parents de l&#8217;\u00e9cole des Sept-sommets<\/a><br \/>\n<a href=\"mailto:ape@apeentrelacspac.ca\" target=\"_blank\" rel=\"noopener\">Association de parents de l&#8217;\u00e9cole Entre-lacs<\/a><br \/>\n<a href=\"mailto:apeterrace@gmail.com\" target=\"_blank\" rel=\"noopener\">Association de parents de l&#8217;\u00e9cole Jack-Cook<\/a><br \/>\n<a href=\"mailto:apelapasserelle@gmail.com\" target=\"_blank\" rel=\"noopener\">Association de parents de l&#8217;\u00e9cole La Passerelle<\/a><br \/>\n<a href=\"mailto:aiglonsape@gmail.com\" target=\"_blank\" rel=\"noopener\">Association de parents de l&#8217;\u00e9cole Les Aiglons<\/a><br \/>\n<a href=\"https:\/\/sites.google.com\/view\/annehebert-apeah\/services\/garderies\" target=\"_blank\" rel=\"noopener\">Association de parents de l&#8217;\u00e9cole Norval-Morrisseau<\/a><br \/>\n<a href=\"http:\/\/aperosedesvents.com\/\" target=\"_blank\" rel=\"noopener\">Association de parents de l&#8217;\u00e9cole Rose-des-vents<\/a><br \/>\n<a href=\"mailto:apejulesverne2019@gmail.com\" target=\"_blank\" rel=\"noopener\">Association de parents de l&#8217;\u00e9cole secondaire Jules-Verne<\/a><br \/>\n<a href=\"mailto:APE_piolat@yahoo.com\" target=\"_blank\" rel=\"noopener\">Association des parents d&#8217;\u00e9l\u00e8ves de l&#8217;\u00e9cole Andr\u00e9-Piolat<\/a><br \/>\n<a href=\"mailto:apesophiemorigeau@gmail.com\" target=\"_blank\" rel=\"noopener\">Association des parents d&#8217;\u00e9l\u00e8ves de l&#8217;\u00e9cole Sophie-Morigeau<\/a><br \/>\n<a href=\"mailto:apegrandscedres@gmail.com\" target=\"_blank\" rel=\"noopener\">Association des parents d\u2019\u00e9l\u00e8ves de l&#8217;\u00e9cole des Grands-c\u00e8dres<\/a><br \/>\n<a href=\"http:\/\/lespetitsoursons.ca\/\" target=\"_blank\" rel=\"noopener\">Association des parents de l&#8217;\u00e9cole de l&#8217;Anse-au-sable<\/a><br \/>\n<a href=\"https:\/\/annehebert.csf.bc.ca\/services-ressources\/garderie-le-parasol\/\" target=\"_blank\" rel=\"noopener\">Association des parents de l&#8217;\u00e9cole Anne-H\u00e9bert<\/a><br \/>\n<a href=\"mailto:beausoleil.victoria@gmail.com\" target=\"_blank\" rel=\"noopener\">Association des parents de l&#8217;\u00e9cole Beausoleil<\/a><br \/>\n<a href=\"mailto:apecollinesdor@gmail.com\" target=\"_blank\" rel=\"noopener\">Association des parents de l&#8217;\u00e9cole Collines-d&#8217;or<\/a><br \/>\n<a href=\"mailto:edr.ape.2018@gmail.com\" target=\"_blank\" rel=\"noopener\">Association des parents de l&#8217;\u00e9cole des Deux-rives<\/a><br \/>\n<a href=\"mailto:ape.ecoledesglaciers@gmail.com\" target=\"_blank\" rel=\"noopener\">Association des parents de l&#8217;\u00e9cole des Glaciers<\/a><br \/>\n<a href=\"mailto:sentiersalpins.ape@gmail.com\" target=\"_blank\" rel=\"noopener\">Association des parents de l&#8217;\u00e9cole des Sentiers-alpins<\/a><br \/>\n<a href=\"mailto:pacpacifique@gmail.com\" target=\"_blank\" rel=\"noopener\">Association des parents de l&#8217;\u00e9cole du Pacifique<\/a><br \/>\n<a href=\"mailto:ape_franconord@outlook.com\" target=\"_blank\" rel=\"noopener\">Association des parents de l&#8217;\u00e9cole Franco-nord<\/a><br \/>\n<a href=\"mailto:apeecolegolden@gmail.com\" target=\"_blank\" rel=\"noopener\">Association des parents de l&#8217;\u00e9cole francophone de Golden<\/a><br \/>\n<a href=\"mailto:association.parents.smithers@gmail.com\" target=\"_blank\" rel=\"noopener\">Association des parents de l&#8217;\u00e9cole francophone de Smithers<\/a><br \/>\n<a href=\"mailto:apeecolegabrielleroy@gmail.com\" target=\"_blank\" rel=\"noopener\">Association des parents de l&#8217;\u00e9cole Gabrielle-Roy<\/a><br \/>\n<a href=\"mailto:parentsoceane@gmail.com\" target=\"_blank\" rel=\"noopener\">Association des parents de l&#8217;\u00e9cole Oc\u00e9ane<\/a><br \/>\n<a href=\"http:\/\/parentsbrodeur.ca\/nouvelles-ape\/\" target=\"_blank\" rel=\"noopener\">Association des parents de l&#8217;\u00e9cole Victor-Brodeur<\/a><br \/>\n<a href=\"mailto:ecoleduboisjoliAPE@gmail.com\" target=\"_blank\" rel=\"noopener\">Association des parents de la pr\u00e9maternelle Lutins du Bois<\/a><br \/>\n<a href=\"http:\/\/prematernellevbv.com\/fr\/page-daccueil\/\" target=\"_blank\" rel=\"noopener\">Association des parents de V&#8217;l\u00e0 l&#8217;bon Vent<\/a><br \/>\n<a href=\"mailto:apemeretmontagne@gmail.com\" target=\"_blank\" rel=\"noopener\">Association des parents des \u00e9coles francophones de Campbell River<\/a><br \/>\n<a href=\"mailto:ecolecowichan@gmail.com\" target=\"_blank\" rel=\"noopener\">Association des parents francophones de la Vall\u00e9e de Cowichan<\/a><br \/>\n<a href=\"https:\/\/www.petitsvoyageurs.com\/\" target=\"_blank\" rel=\"noopener\">Association des parents francophones de Langley<\/a><br \/>\n<a href=\"https:\/\/www.appipc.ca\/\" target=\"_blank\" rel=\"noopener\">Association provinciale des professeurs d&#8217;immersion et du programme francophone de Colombie-Britannique<\/a><br \/>\n<a href=\"http:\/\/www.sfu.ca\/baff-offa\/fr.html\" target=\"_blank\" rel=\"noopener\">Bureau des affaires francophones et francophiles (Simon Fraser University)<\/a><br \/>\n<a href=\"https:\/\/bc-yk.cpf.ca\" target=\"_blank\" rel=\"noopener\">Canadian Parents for French \u2013 BC<\/a><br \/>\n<a href=\"http:\/\/www.educacentre.com\/\" target=\"_blank\" rel=\"noopener\">Coll\u00e8ge Educacentre<\/a><br \/>\n<a href=\"https:\/\/www.csf.bc.ca\/en\/\" target=\"_blank\" rel=\"noopener\">Conseil scolaire francophone de Colombie-Britannique<\/a><br \/>\n<a href=\"https:\/\/www.uvic.ca\/humanities\/french\/index.php\" target=\"_blank\" rel=\"noopener\">D\u00e9partement de fran\u00e7ais (University of Victoria)<\/a><br \/>\n<a href=\"https:\/\/fpfcb.bc.ca\/\" target=\"_blank\" rel=\"noopener\">F\u00e9d\u00e9ration des parents francophones de Colombie-Britannique<\/a><br \/>\n<a href=\"https:\/\/continuingstudies.uvic.ca\/languages-and-travel\/topics\/french-language\" target=\"_blank\" rel=\"noopener\">French program, Continuing Studies (University of Victoria)<\/a><br \/>\n<a href=\"https:\/\/www.mytinyschool.com\/\" target=\"_blank\" rel=\"noopener\">My Tiny School<\/a><br \/>\n<a href=\"https:\/\/www.pommedapi.org\/\" target=\"_blank\" rel=\"noopener\">Pr\u00e9maternelle Pomme d&#8217;Api<\/a><br \/>\n<a href=\"https:\/\/trottintrottinette.com\/\" target=\"_blank\" rel=\"noopener\">Pr\u00e9maternelle Trottin-Trottinette<\/a><br \/>\n<a href=\"https:\/\/pionniers.csf.bc.ca\/nouvelles\/service-the-garde-before-and-after-school-care\/\" target=\"_blank\" rel=\"noopener\">Soci\u00e9t\u00e9 d&#8217;\u00c9ducation Gareau<\/a><br \/>\n<a href=\"https:\/\/moussaillons.ca\/\" target=\"_blank\" rel=\"noopener\">Soci\u00e9t\u00e9 de la garderie et pr\u00e9maternelle Les Moussaillons<\/a><br \/>\n<a href=\"https:\/\/www.sautemouton.ca\/bienvenue\/\" target=\"_blank\" rel=\"noopener\">Soci\u00e9t\u00e9 de la garderie et de la pr\u00e9maternelle de Victoria<\/a><br \/>\n<a href=\"https:\/\/rosedesvents.csf.bc.ca\/services-ressources\/petite-enfance\/garderie-et-pre-scolaire\/\" target=\"_blank\" rel=\"noopener\">Soci\u00e9t\u00e9 de la garderie L&#8217;\u00cele aux enfants<\/a><br \/>\n<a href=\"https:\/\/entrelacs.csf.bc.ca\/services-ressources\/petite-enfance\/prematernelle\/\" target=\"_blank\" rel=\"noopener\">Soci\u00e9t\u00e9 de la Petite Enfance de l&#8217;\u00e9cole Entre-lacs<\/a><br \/>\n<a href=\"https:\/\/boisjoli.csf.bc.ca\/services-ressources\/petite-enfance\/pre-maternelle\/\" target=\"_blank\" rel=\"noopener\">Soci\u00e9t\u00e9 des parents de l&#8217;\u00e9cole du Bois-joli<\/a><br \/>\n<a href=\"http:\/\/www.prematernellelacoccinelle.org\/\" target=\"_blank\" rel=\"noopener\">Soci\u00e9t\u00e9 des parents de la Coccinelle<\/a><br \/>\n<a href=\"mailto:apelaverendrye@gmail.com\" target=\"_blank\" rel=\"noopener\">Soci\u00e9t\u00e9 du Comit\u00e9 consultatif de l&#8217;\u00e9cole La V\u00e9rendrye<\/a><br \/>\n<a href=\"http:\/\/www.lespetitsdupacifique.com\/\" target=\"_blank\" rel=\"noopener\">Soci\u00e9t\u00e9 les Petits du Pacifique<\/a><br \/>\n<a href=\"https:\/\/www.tartineetchocolat.ca\/\" target=\"_blank\" rel=\"noopener\">Soci\u00e9t\u00e9 pr\u00e9maternelle et Garderie Tartine et chocolat<\/a><br \/>\n<a href=\"http:\/\/www.jardindenfants.ca\/\" target=\"_blank\" rel=\"noopener\">Soci\u00e9t\u00e9 pr\u00e9maternelle Les P&#8217;tits Lutins<\/a><br \/>\n<a href=\"https:\/\/www.sepfcb.com\/\" target=\"_blank\" rel=\"noopener\">Syndicat des enseignantes et enseignants du programme francophone de la Colombie-Britannique<\/a><br \/>\n<a href=\"http:\/\/www.tire-lire.ca\/\" target=\"_blank\" rel=\"noopener\">Tire-Lire<\/a><\/p>\n<h3><span style=\"color: #005493\">Sant\u00e9 et soci\u00e9t\u00e9<\/span><\/h3>\n<p><a href=\"http:\/\/cafe-cb.ca\/\" target=\"_blank\" rel=\"noopener\">Caf\u00e9 \u2013 Centre d\u2019appui \u00e0 la famille et \u00e0 l\u2019enfance<\/a><br \/>\n<a href=\"https:\/\/www.cjfcb.com\/\" target=\"_blank\" rel=\"noopener\">Conseil jeunesse francophone de Colombie-Britannique<\/a><br \/>\n<a href=\"http:\/\/www.informelles.ca\" target=\"_blank\" rel=\"noopener\"><span data-sheets-value=\"{&quot;1&quot;:2,&quot;2&quot;:&quot;Inform'Elles&quot;}\" data-sheets-userformat=\"{&quot;2&quot;:513,&quot;3&quot;:{&quot;1&quot;:0},&quot;12&quot;:0}\">Inform&#8217;Elles<\/span><\/a><br \/>\n<a href=\"https:\/\/www.lbv.ca\/\" target=\"_blank\" rel=\"noopener\">La Boussole (Centre communautaire francophone \u00e0 la vocation sociale)<\/a><br \/>\n<a href=\"https:\/\/pcjccp.ca\/frn\/comite-dexperts-droitde-la-personne\/\" target=\"_blank\" rel=\"noopener\">Programme de contestation judiciaire<\/a><br \/>\n<a href=\"https:\/\/www.vivreencb.ca\/fr\/a-propos\" target=\"_blank\" rel=\"noopener\">Programme d\u2019immigration francophone de la Colombie-Britannique<\/a><br \/>\n<a href=\"https:\/\/reseaufemmes.bc.ca\/\" target=\"_blank\" rel=\"noopener\">R\u00e9seau-Femmes Colombie-Britannique<\/a><br \/>\n<a href=\"https:\/\/resosante.ca\/\" target=\"_blank\" rel=\"noopener\">R\u00e9so-Sant\u00e9 de Colombie-Britannique<\/a><br \/>\n<a href=\"http:\/\/www.phsa.ca\/our-services\/programs-services\/services-francophones\" target=\"_blank\" rel=\"noopener\">Services francophones de la R\u00e9gie provinciale de la sant\u00e9\u00a0<\/a><\/p>\n<pre>Les organismes suivants n'oeuvrent pas uniquement en Colombie-Britannique mais peuvent int\u00e9resser la francophonie britanno-colombienne:\n\n<a href=\"http:\/\/www.acufc.ca\" target=\"_blank\" rel=\"noopener\">Association des coll\u00e8ges et universit\u00e9s de la francophonie canadienne<\/a>\n<a href=\"https:\/\/arrf.ca\/\" target=\"_blank\" rel=\"noopener\">Association des radios r\u00e9gionales francophones<\/a>\n<a href=\"https:\/\/francophoniedesameriques.com\/\" target=\"_blank\" rel=\"noopener\">Centre de la Francophonie des Am\u00e9riques<\/a>\n<a href=\"https:\/\/fcfa.ca\/\" target=\"_blank\" rel=\"noopener\">F\u00e9d\u00e9ration des communaut\u00e9s francophones et acadienne<\/a>\n<a href=\"https:\/\/jeuxfc.ca\/\" target=\"_blank\" rel=\"noopener\">Jeux de la francophonie canadienne<\/a>\n<a href=\"https:\/\/www.francophonie.org\/\" target=\"_blank\" rel=\"noopener\">Organisation internationale de Francophonie<\/a>\n<a href=\"http:\/\/www.canadiensensante.gc.ca\/\" target=\"_blank\" rel=\"noopener\">Sant\u00e9 Canada<\/a><\/pre>\n","protected":false},"excerpt":{"rendered":"<p>Liste des organismes communautaires, politiques et artistiques \u0153uvrant dans la francophonie britanno-colombienne\u00a0 Pour que votre organisme soit ajout\u00e9 au bottin, ou pour toute demande de modification des informations publi\u00e9es, veuillez &#8230;<\/p>\n","protected":false},"author":7791,"featured_media":0,"parent":0,"menu_order":0,"comment_status":"closed","ping_status":"closed","template":"","meta":{"footnotes":""},"class_list":["post-24","page","type-page","status-publish","hentry"],"_links":{"self":[{"href":"https:\/\/onlineacademiccommunity.uvic.ca\/reseaufranco\/wp-json\/wp\/v2\/pages\/24","targetHints":{"allow":["GET"]}}],"collection":[{"href":"https:\/\/onlineacademiccommunity.uvic.ca\/reseaufranco\/wp-json\/wp\/v2\/pages"}],"about":[{"href":"https:\/\/onlineacademiccommunity.uvic.ca\/reseaufranco\/wp-json\/wp\/v2\/types\/page"}],"author":[{"embeddable":true,"href":"https:\/\/onlineacademiccommunity.uvic.ca\/reseaufranco\/wp-json\/wp\/v2\/users\/7791"}],"replies":[{"embeddable":true,"href":"https:\/\/onlineacademiccommunity.uvic.ca\/reseaufranco\/wp-json\/wp\/v2\/comments?post=24"}],"version-history":[{"count":9,"href":"https:\/\/onlineacademiccommunity.uvic.ca\/reseaufranco\/wp-json\/wp\/v2\/pages\/24\/revisions"}],"predecessor-version":[{"id":368,"href":"https:\/\/onlineacademiccommunity.uvic.ca\/reseaufranco\/wp-json\/wp\/v2\/pages\/24\/revisions\/368"}],"wp:attachment":[{"href":"https:\/\/onlineacademiccommunity.uvic.ca\/reseaufranco\/wp-json\/wp\/v2\/media?parent=24"}],"curies":[{"name":"wp","href":"https:\/\/api.w.org\/{rel}","templated":true}]}}