{"id":858,"date":"2017-04-25T08:39:16","date_gmt":"2017-04-25T15:39:16","guid":{"rendered":"https:\/\/onlineacademiccommunity.uvic.ca\/press\/?page_id=858"},"modified":"2018-08-13T14:37:07","modified_gmt":"2018-08-13T21:37:07","slug":"complexites-capacites-communautes","status":"publish","type":"page","link":"https:\/\/onlineacademiccommunity.uvic.ca\/press\/books\/titles\/complexites-capacites-communautes\/","title":{"rendered":"Complexit\u00e9s, Capacit\u00e9s, Communaut\u00e9s"},"content":{"rendered":"<p>[et_pb_section bb_built=&#8221;1&#8243; admin_label=&#8221;Books Header&#8221; fullwidth=&#8221;on&#8221; specialty=&#8221;off&#8221; transparent_background=&#8221;off&#8221; allow_player_pause=&#8221;off&#8221; inner_shadow=&#8221;off&#8221; parallax=&#8221;off&#8221; parallax_method=&#8221;on&#8221; make_fullwidth=&#8221;off&#8221; use_custom_width=&#8221;off&#8221; width_unit=&#8221;on&#8221; make_equal=&#8221;off&#8221; use_custom_gutter=&#8221;off&#8221; locked=&#8221;on&#8221; next_background_color=&#8221;#ffffff&#8221; global_module=&#8221;736&#8243; prev_background_color=&#8221;#000000&#8243;][et_pb_fullwidth_header global_parent=&#8221;736&#8243; subhead=&#8221;Books&#8221; background_layout=&#8221;dark&#8221; text_orientation=&#8221;left&#8221; header_fullscreen=&#8221;off&#8221; header_scroll_down=&#8221;off&#8221; background_color=&#8221;#002754&#8243; parallax=&#8221;off&#8221; parallax_method=&#8221;off&#8221; content_orientation=&#8221;center&#8221; image_orientation=&#8221;center&#8221; custom_button_one=&#8221;off&#8221; button_one_letter_spacing=&#8221;0&#8243; button_one_use_icon=&#8221;default&#8221; button_one_icon_placement=&#8221;right&#8221; button_one_on_hover=&#8221;on&#8221; button_one_letter_spacing_hover=&#8221;0&#8243; custom_button_two=&#8221;off&#8221; button_two_letter_spacing=&#8221;0&#8243; button_two_use_icon=&#8221;default&#8221; button_two_icon_placement=&#8221;right&#8221; button_two_on_hover=&#8221;on&#8221; button_two_letter_spacing_hover=&#8221;0&#8243; subhead_font_size=&#8221;20&#8243; subhead_font=&#8221;|on|||&#8221; parent_locked=&#8221;on&#8221; content_max_width=&#8221;100%&#8221; \/][\/et_pb_section][et_pb_section bb_built=&#8221;1&#8243; locked=&#8221;off&#8221; prev_background_color=&#8221;#000000&#8243; next_background_color=&#8221;#000000&#8243;][et_pb_row parallax_method_1=&#8221;off&#8221; parallax_method_2=&#8221;off&#8221; parent_locked=&#8221;off&#8221; background_position=&#8221;top_left&#8221; background_repeat=&#8221;repeat&#8221; background_size=&#8221;initial&#8221;][et_pb_column type=&#8221;1_3&#8243;][et_pb_image admin_label=&#8221;Book Cover&#8221; src=&#8221;https:\/\/onlineacademiccommunity.uvic.ca\/press\/wp-content\/uploads\/sites\/2554\/2017\/04\/CCC-Fr-Cover.jpg&#8221; alt=&#8221;Complexit\u00e9s, Capacit\u00e9s, Communaut\u00e9s cover&#8221; title_text=&#8221;Complexit\u00e9s, Capacit\u00e9s, Communaut\u00e9s&#8221; show_in_lightbox=&#8221;on&#8221; saved_tabs=&#8221;all&#8221; parent_locked=&#8221;off&#8221; animation_style=&#8221;slide&#8221; animation_duration=&#8221;500ms&#8221; animation_intensity_slide=&#8221;10%&#8221; animation_direction=&#8221;left&#8221; show_bottom_space=&#8221;on&#8221; \/][\/et_pb_column][et_pb_column type=&#8221;2_3&#8243;][et_pb_text admin_label=&#8221;Book Header&#8221; saved_tabs=&#8221;all&#8221; parent_locked=&#8221;off&#8221; background_position=&#8221;top_left&#8221; background_repeat=&#8221;repeat&#8221; background_size=&#8221;initial&#8221;]<\/p>\n<h1>COMPLEXIT\u00c9S, CAPACIT\u00c9S, COMMUNAUT\u00c9S<\/h1>\n<h3>Changer le discours sur le d\u00e9veloppement dans l\u2019\u00e9ducation, la protection et le d\u00e9veloppement de la petite enfance<\/h3>\n<h5>By ALAN PENCE &amp; ALLISON BENNER<\/h5>\n<p>[\/et_pb_text][et_pb_text admin_label=&#8221;Details&#8221; parent_locked=&#8221;off&#8221; background_position=&#8221;top_left&#8221; background_repeat=&#8221;repeat&#8221; background_size=&#8221;initial&#8221; _builder_version=&#8221;3.11&#8243;]<\/p>\n<p>2016<br \/>\n9781550585926 (couverture souple)<br \/>\n9781550585919 (PDF)<br \/>\n9781550585933 (EPUB)<br \/>\n130 pages<\/p>\n<p><a rel=\"license\" href=\"http:\/\/creativecommons.org\/licenses\/by-nc\/4.0\/\"><img decoding=\"async\" alt=\"Creative Commons License\" style=\"border-width:0\" src=\"https:\/\/i.creativecommons.org\/l\/by-nc\/4.0\/88x31.png\" \/><\/a><br \/>This work is licensed under a <a rel=\"license\" href=\"http:\/\/creativecommons.org\/licenses\/by-nc\/4.0\/\">Creative Commons Attribution-NonCommercial 4.0 International License<\/a>.<\/p>\n<p>[\/et_pb_text][et_pb_button admin_label=&#8221;Bookstore button&#8221; button_url=&#8221;https:\/\/www.uvicbookstore.ca\/general\/browse\/uvic\/9781550585926&#8243; button_text=&#8221;Order Paperback&#8221; button_alignment=&#8221;left&#8221; background_layout=&#8221;dark&#8221; custom_button=&#8221;on&#8221; button_text_size=&#8221;12&#8243; button_bg_color=&#8221;#005493&#8243; button_use_icon=&#8221;on&#8221; button_icon=&#8221;%%114%%&#8221; button_icon_placement=&#8221;left&#8221; button_on_hover=&#8221;off&#8221; button_text_size_last_edited=&#8221;off|&#8221; background_color=&#8221;#c63527&#8243; parent_locked=&#8221;off&#8221; \/][et_pb_button admin_label=&#8221;Download Button&#8221; button_url=&#8221;http:\/\/hdl.handle.net\/1828\/7342&#8243; button_text=&#8221;Free Download&#8221; button_alignment=&#8221;left&#8221; background_layout=&#8221;dark&#8221; module_class=&#8221;btn-right&#8221; custom_button=&#8221;on&#8221; button_text_size=&#8221;12&#8243; button_bg_color=&#8221;#005493&#8243; button_icon=&#8221;%%266%%&#8221; button_icon_placement=&#8221;left&#8221; button_on_hover=&#8221;off&#8221; background_color=&#8221;#c63527&#8243; parent_locked=&#8221;off&#8221; _builder_version=&#8221;3.0.76&#8243; url_new_window=&#8221;on&#8221; button_letter_spacing=&#8221;0&#8243; button_letter_spacing_hover=&#8221;0&#8243; \/][et_pb_image admin_label=&#8221;OA Logo&#8221; src=&#8221;https:\/\/onlineacademiccommunity.uvic.ca\/press\/wp-content\/uploads\/sites\/2554\/2017\/03\/384pxOA_logo_PLoS_transparent.svg_.png&#8221; title_text=&#8221;This title is Open Access&#8221; animation=&#8221;off&#8221; align=&#8221;right&#8221; max_width=&#8221;50px&#8221; max_width_last_edited=&#8221;off|&#8221; always_center_on_mobile=&#8221;off&#8221; custom_margin=&#8221;||-80px|&#8221; show_in_lightbox=&#8221;off&#8221; url_new_window=&#8221;off&#8221; use_overlay=&#8221;off&#8221; sticky=&#8221;off&#8221; force_fullwidth=&#8221;off&#8221; use_border_color=&#8221;off&#8221; border_color=&#8221;#ffffff&#8221; border_style=&#8221;solid&#8221; parent_locked=&#8221;off&#8221; animation_style=&#8221;none&#8221; animation_duration=&#8221;1000ms&#8221; animation_intensity_slide=&#8221;50%&#8221; show_bottom_space=&#8221;on&#8221; \/][et_pb_image admin_label=&#8221;Stats Icon&#8221; src=&#8221;https:\/\/onlineacademiccommunity.uvic.ca\/press\/wp-content\/uploads\/sites\/2554\/2017\/03\/stats-icon-REV.png&#8221; title_text=&#8221;Download Statistics&#8221; animation=&#8221;off&#8221; align=&#8221;right&#8221; max_width=&#8221;50px&#8221; max_width_last_edited=&#8221;off|&#8221; always_center_on_mobile=&#8221;off&#8221; custom_margin=&#8221;-80px|80px||&#8221; show_in_lightbox=&#8221;off&#8221; url=&#8221;https:\/\/webapp.library.uvic.ca\/dspace\/stats\/dspaceItemStats.php?title=Complexit%C3%A9s,%20Capacit%C3%A9s,%20Communaut%C3%A9s:%20Changer%20le%20discours%20sur%20le%20d%C3%A9veloppement%20dans%20l%E2%80%99%C3%A9ducation,%20la%20protection%20et%20le%20d%C3%A9veloppement%20de%20la%20petite%20enfance&amp;handle=1828\/7342&amp;owningItem=240f5d07-1c7f-4620-b1fb-e550c816f478&#8243; url_new_window=&#8221;on&#8221; use_overlay=&#8221;off&#8221; sticky=&#8221;off&#8221; force_fullwidth=&#8221;off&#8221; border_style=&#8221;solid&#8221; parent_locked=&#8221;off&#8221; _builder_version=&#8221;3.0.76&#8243; show_bottom_space=&#8221;on&#8221; \/][\/et_pb_column][\/et_pb_row][et_pb_row parent_locked=&#8221;off&#8221; background_position=&#8221;top_left&#8221; background_repeat=&#8221;repeat&#8221; background_size=&#8221;initial&#8221;][et_pb_column type=&#8221;4_4&#8243;][et_pb_tabs parent_locked=&#8221;off&#8221; background_position=&#8221;top_left&#8221; background_repeat=&#8221;repeat&#8221; background_size=&#8221;initial&#8221;][et_pb_tab title=&#8221;Overview&#8221; tab_font=&#8221;||||&#8221; tab_line_height=&#8221;2em&#8221; tab_line_height_tablet=&#8221;2em&#8221; tab_line_height_phone=&#8221;2em&#8221; body_font=&#8221;||||&#8221; body_line_height=&#8221;2em&#8221; body_line_height_tablet=&#8221;2em&#8221; body_line_height_phone=&#8221;2em&#8221;]<\/p>\n<p>Le terme \u201crenforcement des capacit\u00e9s\u201d est entr\u00e9 dans le langage courant durant le d\u00e9veloppement international du vingt-et-uni\u00e8me si\u00e8cle. Alors que ce terme a une signification diff\u00e9rente pour diff\u00e9rentes personnes, il est souvent utilis\u00e9 pour d\u00e9crire une infusion de connaissances ou de comp\u00e9tences pour contribuer \u00e0 la cr\u00e9ation d\u2019un gouvernement ou institution capable de r\u00e9pondre aux d\u00e9fis majeurs li\u00e9s au d\u00e9veloppement. Toutefois, comme d\u2019autres interventions bien intentionn\u00e9es de l\u2019Ouest industrialis\u00e9, un tel \u201crenforcement des capacit\u00e9s\u201d peut avoir un effet autant destructeur que productif. Ce volume probl\u00e9matise de telles activit\u00e9s et pr\u00e9sente une autre fa\u00e7on de promouvoir la construction de capacit\u00e9 dans le cadre du d\u00e9veloppement. Le volume commence par une exploration du concept de renforcement des capacit\u00e9s et se concentre ensuite sur deux exemples de promotion de capacit\u00e9s pour l\u2019\u00e9ducation, les soins et le d\u00e9veloppement de la petite enfance (DPE). Le Programme de Partenariats des Premi\u00e8res Nations (PPPN), un programme d\u2019\u00e9ducation postsecondaire innovateur et efficace lanc\u00e9 en 1989 \u00e0 la demande d\u2019un grand conseil tribal dans le nord du Canada, a men\u00e9 \u00e0 10 apports \u00e9ducatifs dans diverses communaut\u00e9s autochtones au cours des vingt ans qui ont suivis. Le deuxi\u00e8me programme, lanc\u00e9 en 1994 \u00e0 la demande du si\u00e8ge de l\u2019UNICEF, met l\u2019accent sur l\u2019Afrique subsaharienne. Alors que le programme inclut toute une gamme d\u2019activit\u00e9s qui concernent la promotion de capacit\u00e9s, le vecteur central pour ce travail de d\u00e9veloppement est l\u2019Universit\u00e9 Virtuelle pour le D\u00e9veloppement de la Petite-Enfance (UVDPE), un programme cr\u00e9\u00e9 en 2001 et maintenant en phase de transition vers les universit\u00e9s africaines. Ce livre d\u00e9crit des approches pour la promotion de capacit\u00e9 qui r\u00e9pondent aux complexit\u00e9s et aux possibilit\u00e9s des communaut\u00e9s \u2013 au niveau local ainsi que national. Ces initiatives d\u00e9fient le discours actuel en ce qui concerne le d\u00e9veloppent dans le cadre du DPE et du d\u00e9veloppement international et, ce faisant, fournit d\u2019autres moyens de renforcer les capacit\u00e9s pour les chercheurs et les professionnels dans le DPE, l\u2019\u00e9ducation, et le vaste domaine du d\u00e9veloppement international.<\/p>\n<p><strong>Sujets:<\/strong> enfants&#8211;d\u00e9veloppement, \u00e9ducation de la premi\u00e8re enfance, pu\u00e9riculture<\/p>\n<p>[\/et_pb_tab][et_pb_tab title=&#8221;Author&#8221; tab_font=&#8221;||||&#8221; tab_line_height=&#8221;2em&#8221; tab_line_height_tablet=&#8221;2em&#8221; tab_line_height_phone=&#8221;2em&#8221; body_font=&#8221;||||&#8221; body_line_height=&#8221;2em&#8221; body_line_height_tablet=&#8221;2em&#8221; body_line_height_phone=&#8221;2em&#8221;]<\/p>\n<p><strong>Dr. Alan Pence<\/strong><\/p>\n<p><strong>Dr. Allison Benner<\/strong><\/p>\n<p>[\/et_pb_tab][et_pb_tab title=&#8221;Table of Contents&#8221; tab_font=&#8221;||||&#8221; tab_line_height=&#8221;2em&#8221; tab_line_height_tablet=&#8221;2em&#8221; tab_line_height_phone=&#8221;2em&#8221; body_font=&#8221;||||&#8221; body_line_height=&#8221;2em&#8221; body_line_height_tablet=&#8221;2em&#8221; body_line_height_phone=&#8221;2em&#8221;]<\/p>\n<p><strong>COMPLEXIT\u00c9S, CAPACIT\u00c9S, COMMUNAUT\u00c9S: Changer le discours sur le d\u00e9veloppement dans l\u2019\u00e9ducation, la protection et le d\u00e9veloppement de la petite enfance\u00a0<\/strong><\/p>\n<p>ACRONYMES ET ABBREVIATIONS<br \/>\nINTRODUCTION<\/p>\n<p>Chapitre 1 | DU RENFORCEMENT DES CAPACIT\u00c9S \u00c0 LA PROMOTION DES CAPACIT\u00c9S<br \/>\nChapitre 2 | CRITIQUE DES DISCOURS DOMINANTS DANS LE DOMAINE DU DPE \u00c0 L\u2019\u00c9CHELON INTERNATIONAL<br \/>\nChapitre 3 | PROMOUVOIR LES CAPACIT\u00c9S DANS LE DOMAINE DU DPE : APPRENDRE DES COMMUNAUT\u00c9S<br \/>\nChapitre 4 | PROMOUVOIR LES CAPACIT\u00c9S DANS LE DOMAINE DU DPE : DES COMMUNAUT\u00c9S AUX PAYS<br \/>\nChapitre 5 | UNIVERSIT\u00c9 VIRTUELLE POUR LE D\u00c9VELOPPEMENT DE LA PETITE ENFANCE (UVDPE)<br \/>\nChapitre 6 | ETUDIER LES EFFETS D\u2019ENTRA\u00ceNEMENT DE L\u2019UVDPE<br \/>\nChapitre 7 | RAPPORT SUR UNE \u00c9TUDE DE CAS &#8211; TANZANIE<br \/>\nChapitre 8 | RAPPORT SUR L\u2019\u00c9TUDE DE CAS &#8211; MALAWI<br \/>\nChapitre 9 | VOIES VERS L\u2019AVANT<\/p>\n<p>[\/et_pb_tab][et_pb_tab title=&#8221;Reviews&#8221; tab_font=&#8221;||||&#8221; tab_line_height=&#8221;2em&#8221; tab_line_height_tablet=&#8221;2em&#8221; tab_line_height_phone=&#8221;2em&#8221; body_font=&#8221;||||&#8221; body_line_height=&#8221;2em&#8221; body_line_height_tablet=&#8221;2em&#8221; body_line_height_phone=&#8221;2em&#8221;][\/et_pb_tab][\/et_pb_tabs][\/et_pb_column][\/et_pb_row][\/et_pb_section][et_pb_section bb_built=&#8221;1&#8243; admin_label=&#8221;section&#8221; transparent_background=&#8221;off&#8221; allow_player_pause=&#8221;off&#8221; inner_shadow=&#8221;off&#8221; parallax=&#8221;off&#8221; parallax_method=&#8221;on&#8221; make_fullwidth=&#8221;off&#8221; use_custom_width=&#8221;off&#8221; width_unit=&#8221;on&#8221; make_equal=&#8221;off&#8221; use_custom_gutter=&#8221;off&#8221; locked=&#8221;off&#8221; prev_background_color=&#8221;#ffffff&#8221; global_module=&#8221;533&#8243; next_background_color=&#8221;#000000&#8243;][et_pb_row admin_label=&#8221;row&#8221; global_parent=&#8221;533&#8243; parent_locked=&#8221;off&#8221; background_position=&#8221;top_left&#8221; background_repeat=&#8221;repeat&#8221; background_size=&#8221;initial&#8221;][et_pb_column type=&#8221;1_4&#8243;][et_pb_text global_parent=&#8221;533&#8243; use_border_color=&#8221;off&#8221; parent_locked=&#8221;off&#8221; background_position=&#8221;top_left&#8221; background_repeat=&#8221;repeat&#8221; background_size=&#8221;initial&#8221; _builder_version=&#8221;3.3.1&#8243;]<\/p>\n<div id=\"page\">\n<footer id=\"footer\">\n<div class=\"wrapper\">\n<div class=\"col\">\n<h5>Contact<\/h5>\n<p>Inba Kehoe<br \/>Copyright &amp; Scholarly Communications Librarian<br \/>University of Victoria Libraries<br \/>PO Box 1800 STN CSC<br \/>Victoria BC \u00a0 V8W 3H5<br \/>Canada<\/p>\n<\/div>\n<\/div>\n<\/footer>\n<\/div>\n<p>[\/et_pb_text][\/et_pb_column][et_pb_column type=&#8221;1_4&#8243;][et_pb_text global_parent=&#8221;533&#8243; use_border_color=&#8221;off&#8221; parent_locked=&#8221;off&#8221; background_position=&#8221;top_left&#8221; background_repeat=&#8221;repeat&#8221; background_size=&#8221;initial&#8221; _builder_version=&#8221;3.3.1&#8243;]<\/p>\n<div id=\"page\">\n<footer id=\"footer\">\n<div class=\"wrapper\">\n<div class=\"col\">\n<h5>Copyright<\/h5>\n<p>\u00a9 2017 UVic Libraries<\/p>\n<ul>\n<li><a href=\"https:\/\/www.uvic.ca\/home\/about\/copyright\/index.php\">Copyright info<\/a><\/li>\n<li><a href=\"https:\/\/www.uvic.ca\/home\/about\/legal-notices\/index.php\">Legal notices<\/a><\/li>\n<\/ul>\n<\/div>\n<\/div>\n<\/footer>\n<\/div>\n<p>[\/et_pb_text][\/et_pb_column][et_pb_column type=&#8221;1_4&#8243;][et_pb_text global_parent=&#8221;533&#8243; background_layout=&#8221;light&#8221; text_orientation=&#8221;left&#8221; use_border_color=&#8221;off&#8221; border_color=&#8221;#ffffff&#8221; border_style=&#8221;solid&#8221; parent_locked=&#8221;off&#8221; background_position=&#8221;top_left&#8221; background_repeat=&#8221;repeat&#8221; background_size=&#8221;initial&#8221;]<\/p>\n<div id=\"page\">\n<footer id=\"footer\">\n<div class=\"wrapper\">\n<div class=\"col\">\n<h5>Accessibility<\/h5>\n<ul>\n<li><a href=\"https:\/\/www.uvic.ca\/home\/about\/accessibility\/index.php\">Website accessibility info<\/a><\/li>\n<li><a href=\"https:\/\/www.uvic.ca\/facilities\/service\/accessibility\/index.php\">Campus accessibility info<\/a><\/li>\n<\/ul>\n<\/div>\n<\/div>\n<\/footer>\n<\/div>\n<p>[\/et_pb_text][\/et_pb_column][et_pb_column type=&#8221;1_4&#8243;][et_pb_social_media_follow global_parent=&#8221;533&#8243; link_shape=&#8221;rounded_rectangle&#8221; background_layout=&#8221;light&#8221; url_new_window=&#8221;off&#8221; follow_button=&#8221;off&#8221; parent_locked=&#8221;off&#8221; border_radii=&#8221;on|3px|3px|3px|3px&#8221;][et_pb_social_media_follow_network social_network=&#8221;twitter&#8221; url=&#8221;https:\/\/twitter.com\/uvicpress&#8221; skype_action=&#8221;call&#8221; bg_color=&#8221;#00aced&#8221;] Twitter [\/et_pb_social_media_follow_network][et_pb_social_media_follow_network social_network=&#8221;rss&#8221; skype_action=&#8221;call&#8221; bg_color=&#8221;#ff8a3c&#8221;] RSS [\/et_pb_social_media_follow_network][\/et_pb_social_media_follow][et_pb_blurb admin_label=&#8221;UVic Libraries&#8221; global_parent=&#8221;533&#8243; url_new_window=&#8221;on&#8221; use_icon=&#8221;off&#8221; icon_color=&#8221;#c63527&#8243; use_circle=&#8221;off&#8221; circle_color=&#8221;#c63527&#8243; use_circle_border=&#8221;off&#8221; circle_border_color=&#8221;#c63527&#8243; icon_placement=&#8221;top&#8221; animation=&#8221;top&#8221; background_layout=&#8221;light&#8221; text_orientation=&#8221;left&#8221; use_icon_font_size=&#8221;off&#8221; use_border_color=&#8221;off&#8221; border_color=&#8221;#ffffff&#8221; border_style=&#8221;solid&#8221; parent_locked=&#8221;off&#8221; background_position=&#8221;top_left&#8221; background_repeat=&#8221;repeat&#8221; background_size=&#8221;initial&#8221; image_max_width=&#8221;100%&#8221;]<\/p>\n<p>Sponsored by:<\/p>\n<p><a href=\"https:\/\/www.uvic.ca\/library\/index.php\"><img loading=\"lazy\" decoding=\"async\" class=\"alignright wp-image-1055 size-full\" src=\"https:\/\/onlineacademiccommunity.uvic.ca\/press\/wp-content\/uploads\/sites\/2554\/2013\/12\/LIBR_comb_h_4c.png\" alt=\"\" width=\"590\" height=\"130\" \/><\/a><\/p>\n<p>[\/et_pb_blurb][\/et_pb_column][\/et_pb_row][\/et_pb_section]<\/p>\n","protected":false},"excerpt":{"rendered":"<p>COMPLEXIT\u00c9S, CAPACIT\u00c9S, COMMUNAUT\u00c9S Changer le discours sur le d\u00e9veloppement dans l\u2019\u00e9ducation, la protection et le d\u00e9veloppement de la petite enfance By ALAN PENCE &amp; ALLISON BENNER 2016 9781550585926 (couverture souple) 9781550585919 (PDF) 9781550585933 (EPUB) 130 pages This work is licensed under a Creative Commons Attribution-NonCommercial 4.0 International License. Le terme \u201crenforcement des capacit\u00e9s\u201d est entr\u00e9 [&hellip;]<\/p>\n","protected":false},"author":4704,"featured_media":0,"parent":670,"menu_order":0,"comment_status":"closed","ping_status":"closed","template":"","meta":{"_et_pb_use_builder":"on","_et_pb_old_content":"","_et_gb_content_width":"","footnotes":""},"class_list":["post-858","page","type-page","status-publish","hentry"],"jetpack_sharing_enabled":true,"_links":{"self":[{"href":"https:\/\/onlineacademiccommunity.uvic.ca\/press\/wp-json\/wp\/v2\/pages\/858","targetHints":{"allow":["GET"]}}],"collection":[{"href":"https:\/\/onlineacademiccommunity.uvic.ca\/press\/wp-json\/wp\/v2\/pages"}],"about":[{"href":"https:\/\/onlineacademiccommunity.uvic.ca\/press\/wp-json\/wp\/v2\/types\/page"}],"author":[{"embeddable":true,"href":"https:\/\/onlineacademiccommunity.uvic.ca\/press\/wp-json\/wp\/v2\/users\/4704"}],"replies":[{"embeddable":true,"href":"https:\/\/onlineacademiccommunity.uvic.ca\/press\/wp-json\/wp\/v2\/comments?post=858"}],"version-history":[{"count":15,"href":"https:\/\/onlineacademiccommunity.uvic.ca\/press\/wp-json\/wp\/v2\/pages\/858\/revisions"}],"predecessor-version":[{"id":1893,"href":"https:\/\/onlineacademiccommunity.uvic.ca\/press\/wp-json\/wp\/v2\/pages\/858\/revisions\/1893"}],"up":[{"embeddable":true,"href":"https:\/\/onlineacademiccommunity.uvic.ca\/press\/wp-json\/wp\/v2\/pages\/670"}],"wp:attachment":[{"href":"https:\/\/onlineacademiccommunity.uvic.ca\/press\/wp-json\/wp\/v2\/media?parent=858"}],"curies":[{"name":"wp","href":"https:\/\/api.w.org\/{rel}","templated":true}]}}