{"id":1485,"date":"2024-04-26T10:11:29","date_gmt":"2024-04-26T17:11:29","guid":{"rendered":"https:\/\/onlineacademiccommunity.uvic.ca\/nhice\/?page_id=1485"},"modified":"2024-04-26T10:14:19","modified_gmt":"2024-04-26T17:14:19","slug":"committees","status":"publish","type":"page","link":"https:\/\/onlineacademiccommunity.uvic.ca\/nhice\/committees\/","title":{"rendered":"Committees"},"content":{"rendered":"<p>[et_pb_section fb_built=&#8221;1&#8243; custom_padding_last_edited=&#8221;on|desktop&#8221; _builder_version=&#8221;4.16&#8243; custom_padding=&#8221;26px|0px|2px|0px&#8221; custom_padding_tablet=&#8221;50px|0|50px|0&#8243; custom_padding_phone=&#8221;&#8221; padding_mobile=&#8221;off&#8221; global_colors_info=&#8221;{}&#8221;][et_pb_row padding_mobile=&#8221;off&#8221; column_padding_mobile=&#8221;on&#8221; _builder_version=&#8221;4.16&#8243; background_size=&#8221;initial&#8221; background_position=&#8221;top_left&#8221; background_repeat=&#8221;repeat&#8221; global_colors_info=&#8221;{}&#8221;][et_pb_column type=&#8221;4_4&#8243; _builder_version=&#8221;4.16&#8243; custom_padding=&#8221;|||&#8221; global_colors_info=&#8221;{}&#8221; custom_padding__hover=&#8221;|||&#8221;][\/et_pb_column][\/et_pb_row][\/et_pb_section][et_pb_section fb_built=&#8221;1&#8243; specialty=&#8221;on&#8221; custom_padding_last_edited=&#8221;on|desktop&#8221; parallax_method_1=&#8221;off&#8221; parallax_method_2=&#8221;off&#8221; _builder_version=&#8221;4.16&#8243; custom_padding=&#8221;0px|0px|0px|0px&#8221; custom_padding_tablet=&#8221;50px|0|50px|0&#8243; custom_padding_phone=&#8221;&#8221; padding_mobile=&#8221;off&#8221; global_colors_info=&#8221;{}&#8221;][et_pb_column type=&#8221;1_4&#8243; _builder_version=&#8221;4.16&#8243; custom_padding=&#8221;|||&#8221; global_colors_info=&#8221;{}&#8221; custom_padding__hover=&#8221;|||&#8221;][et_pb_sidebar area=&#8221;sidebar-1&#8243; _builder_version=&#8221;4.16&#8243; header_font=&#8221;||||&#8221; header_font_size=&#8221;12px&#8221; body_font=&#8221;|on|||&#8221; body_font_size=&#8221;15px&#8221; body_line_height=&#8221;2.2em&#8221; global_colors_info=&#8221;{}&#8221;][\/et_pb_sidebar][\/et_pb_column][et_pb_column type=&#8221;3_4&#8243; specialty_columns=&#8221;3&#8243; _builder_version=&#8221;4.16&#8243; custom_padding=&#8221;|||&#8221; global_colors_info=&#8221;{}&#8221; custom_padding__hover=&#8221;|||&#8221;][et_pb_row_inner padding_mobile=&#8221;off&#8221; column_padding_mobile=&#8221;on&#8221; _builder_version=&#8221;4.16&#8243; custom_margin=&#8221;|||&#8221; global_colors_info=&#8221;{}&#8221;][et_pb_column_inner saved_specialty_column_type=&#8221;3_4&#8243; _builder_version=&#8221;4.16&#8243; background_image=&#8221;https:\/\/onlineacademiccommunity.uvic.ca\/nhice\/wp-content\/uploads\/sites\/2382\/2017\/05\/7557328600_ff15ff7070_o1_narrown_new.jpg&#8221; custom_padding=&#8221;|||&#8221; global_colors_info=&#8221;{}&#8221; custom_padding__hover=&#8221;|||&#8221;][et_pb_blurb title=&#8221;NHICE 04&#8243; _builder_version=&#8221;4.16&#8243; header_font=&#8221;|on|||&#8221; header_text_color=&#8221;#ffffff&#8221; header_font_size=&#8221;73px&#8221; header_letter_spacing=&#8221;10px&#8221; header_line_height=&#8221;2.2em&#8221; body_text_color=&#8221;#ffffff&#8221; body_font_size=&#8221;30px&#8221; body_line_height=&#8221;1em&#8221; background_color=&#8221;rgba(108,216,0,0)&#8221; background_size=&#8221;initial&#8221; background_position=&#8221;top_left&#8221; background_repeat=&#8221;repeat&#8221; text_orientation=&#8221;center&#8221; background_layout=&#8221;dark&#8221; custom_margin=&#8221;|||&#8221; global_colors_info=&#8221;{}&#8221;][\/et_pb_blurb][\/et_pb_column_inner][\/et_pb_row_inner][et_pb_row_inner admin_label=&#8221;Row&#8221; _builder_version=&#8221;4.16&#8243; global_colors_info=&#8221;{}&#8221;][et_pb_column_inner saved_specialty_column_type=&#8221;3_4&#8243; _builder_version=&#8221;4.16&#8243; custom_padding=&#8221;|||&#8221; global_colors_info=&#8221;{}&#8221; custom_padding__hover=&#8221;|||&#8221;][et_pb_accordion admin_label=&#8221;Accordion&#8221; _builder_version=&#8221;4.24.2&#8243; body_font=&#8221;||||||||&#8221; hover_enabled=&#8221;0&#8243; global_colors_info=&#8221;{}&#8221; sticky_enabled=&#8221;0&#8243;][et_pb_accordion_item title=&#8221;Scientific Committee&#8221; open=&#8221;on&#8221; _builder_version=&#8221;4.24.2&#8243; hover_enabled=&#8221;0&#8243; global_colors_info=&#8221;{}&#8221; toggle_font=&#8221;|700|||||||&#8221; sticky_enabled=&#8221;0&#8243;]<\/p>\n<table style=\"font-weight: 400;width: 85.132547%;height: 1506px\" width=\"97%\">\n<tbody>\n<tr style=\"height: 37px\">\n<td style=\"width: 31.64813%;height: 37px\" width=\"208\">Atsushi Iwamae<\/td>\n<td style=\"width: 47.684935%;height: 37px\" width=\"321\">Kindai University<\/td>\n<td style=\"width: 10.025063%;height: 37px\" width=\"76\">Japan<\/td>\n<\/tr>\n<tr style=\"height: 51px\">\n<td style=\"width: 31.64813%;height: 51px\" width=\"208\">Bijan Adl-Zarrabi<\/td>\n<td style=\"width: 47.684935%;height: 51px\" width=\"321\">Chalmers University of Technology<\/td>\n<td style=\"width: 10.025063%;height: 51px\" width=\"76\">Sweden<\/td>\n<\/tr>\n<tr style=\"height: 51px\">\n<td style=\"width: 31.64813%;height: 51px\" width=\"208\">Brahim Benmokrane<\/td>\n<td style=\"width: 47.684935%;height: 51px\" width=\"321\">University of Sherbrooke<\/td>\n<td style=\"width: 10.025063%;height: 51px\" width=\"76\">Canada<\/td>\n<\/tr>\n<tr style=\"height: 51px\">\n<td style=\"width: 31.64813%;height: 51px\" width=\"208\">Caterina Valeo<\/td>\n<td style=\"width: 47.684935%;height: 51px\" width=\"321\">University of Victoria<\/td>\n<td style=\"width: 10.025063%;height: 51px\" width=\"76\">Canada<\/td>\n<\/tr>\n<tr style=\"height: 51px\">\n<td style=\"width: 31.64813%;height: 51px\" width=\"208\">Dominique Derome<\/td>\n<td style=\"width: 47.684935%;height: 51px\" width=\"321\">University of Sherbrooke<\/td>\n<td style=\"width: 10.025063%;height: 51px\" width=\"76\">Canada<\/td>\n<\/tr>\n<tr style=\"height: 51px\">\n<td style=\"width: 31.64813%;height: 51px\" width=\"208\">Fitsum Tariku<\/td>\n<td style=\"width: 47.684935%;height: 51px\" width=\"321\">British Columbia Institute of Technology<\/td>\n<td style=\"width: 10.025063%;height: 51px\" width=\"76\">Canada<\/td>\n<\/tr>\n<tr style=\"height: 51px\">\n<td style=\"width: 31.64813%;height: 51px\" width=\"208\">Girma Bitsuamlak<\/td>\n<td style=\"width: 47.684935%;height: 51px\" width=\"321\">Western University<\/td>\n<td style=\"width: 10.025063%;height: 51px\" width=\"76\">Canada<\/td>\n<\/tr>\n<tr style=\"height: 51px\">\n<td style=\"width: 31.64813%;height: 51px\" width=\"208\">Harjit Singh<\/td>\n<td style=\"width: 47.684935%;height: 51px\" width=\"321\">Brunel University London<\/td>\n<td style=\"width: 10.025063%;height: 51px\" width=\"76\">UK<\/td>\n<\/tr>\n<tr style=\"height: 51px\">\n<td style=\"width: 31.64813%;height: 51px\" width=\"208\">Hillol Chakravarty<\/td>\n<td style=\"width: 47.684935%;height: 51px\" width=\"321\">National Institute of Technology, Calicut<\/td>\n<td style=\"width: 10.025063%;height: 51px\" width=\"76\">India<\/td>\n<\/tr>\n<tr style=\"height: 51px\">\n<td style=\"width: 31.64813%;height: 51px\" width=\"208\">Hua Ge<\/td>\n<td style=\"width: 47.684935%;height: 51px\" width=\"321\">Concordia University<\/td>\n<td style=\"width: 10.025063%;height: 51px\" width=\"76\">Canada<\/td>\n<\/tr>\n<tr style=\"height: 51px\">\n<td style=\"width: 31.64813%;height: 51px\" width=\"208\">Jieying Wang<\/td>\n<td style=\"width: 47.684935%;height: 51px\" width=\"321\">FPInnovations<\/td>\n<td style=\"width: 10.025063%;height: 51px\" width=\"76\">Canada<\/td>\n<\/tr>\n<tr style=\"height: 51px\">\n<td style=\"width: 31.64813%;height: 51px\" width=\"208\">Jun-Tae Kim<\/td>\n<td style=\"width: 47.684935%;height: 51px\" width=\"321\">Kongju National University<\/td>\n<td style=\"width: 10.025063%;height: 51px\" width=\"76\">Korea<\/td>\n<\/tr>\n<tr style=\"height: 51px\">\n<td style=\"width: 31.64813%;height: 51px\" width=\"208\">Mario A. Medina<\/td>\n<td style=\"width: 47.684935%;height: 51px\" width=\"321\">Texas A&amp;M University<\/td>\n<td style=\"width: 10.025063%;height: 51px\" width=\"76\">USA<\/td>\n<\/tr>\n<tr style=\"height: 51px\">\n<td style=\"width: 31.64813%;height: 51px\" width=\"208\">Michael Lacasse<\/td>\n<td style=\"width: 47.684935%;height: 51px\" width=\"321\">National Research Council Canada<\/td>\n<td style=\"width: 10.025063%;height: 51px\" width=\"76\">Canada<\/td>\n<\/tr>\n<tr style=\"height: 74px\">\n<td style=\"width: 31.64813%;height: 74px\" width=\"208\">Phalguni Mukhopadhyaya (Chair)<\/td>\n<td style=\"width: 47.684935%;height: 74px\" width=\"321\">University of Victoria<\/td>\n<td style=\"width: 10.025063%;height: 74px\" width=\"76\">Canada<\/td>\n<\/tr>\n<tr style=\"height: 51px\">\n<td style=\"width: 31.64813%;height: 51px\" width=\"208\">Stefano Sfarra<\/td>\n<td style=\"width: 47.684935%;height: 51px\" width=\"321\">University of L&#8217;Aquila<\/td>\n<td style=\"width: 10.025063%;height: 51px\" width=\"76\">Italy<\/td>\n<\/tr>\n<tr style=\"height: 51px\">\n<td style=\"width: 31.64813%;height: 51px\" width=\"208\">Rajasekar Elangovan<\/td>\n<td style=\"width: 47.684935%;height: 51px\" width=\"321\">Indian Institute of Technology<\/td>\n<td style=\"width: 10.025063%;height: 51px\" width=\"76\">India<\/td>\n<\/tr>\n<tr style=\"height: 51px\">\n<td style=\"width: 31.64813%;height: 51px\" width=\"208\">Richard Laing<\/td>\n<td style=\"width: 47.684935%;height: 51px\" width=\"321\">Northumbria University<\/td>\n<td style=\"width: 10.025063%;height: 51px\" width=\"76\">UK<\/td>\n<\/tr>\n<tr style=\"height: 51px\">\n<td style=\"width: 31.64813%;height: 51px\" width=\"208\">Rishi Gupta<\/td>\n<td style=\"width: 47.684935%;height: 51px\" width=\"321\">University of Victoria<\/td>\n<td style=\"width: 10.025063%;height: 51px\" width=\"76\">Canada<\/td>\n<\/tr>\n<tr style=\"height: 51px\">\n<td style=\"width: 31.64813%;height: 51px\" width=\"208\">Sardar Malek<\/td>\n<td style=\"width: 47.684935%;height: 51px\" width=\"321\">University of Victoria<\/td>\n<td style=\"width: 10.025063%;height: 51px\" width=\"76\">Canada<\/td>\n<\/tr>\n<tr style=\"height: 74px\">\n<td style=\"width: 31.64813%;height: 74px\" width=\"208\">Samuel Brunner<\/td>\n<td style=\"width: 47.684935%;height: 74px\" width=\"321\">Swiss Federal Lab for Materials Science and Technology<\/td>\n<td style=\"width: 10.025063%;height: 74px\" width=\"76\">Switzerland<\/td>\n<\/tr>\n<tr style=\"height: 51px\">\n<td style=\"width: 31.64813%;height: 51px\" width=\"208\">Samuel V. Glass<\/td>\n<td style=\"width: 47.684935%;height: 51px\" width=\"321\">Forest Products Laboratory<\/td>\n<td style=\"width: 10.025063%;height: 51px\" width=\"76\">USA<\/td>\n<\/tr>\n<tr style=\"height: 51px\">\n<td style=\"width: 31.64813%;height: 51px\" width=\"208\">Thomas Froese<\/td>\n<td style=\"width: 47.684935%;height: 51px\" width=\"321\">University of Victoria<\/td>\n<td style=\"width: 10.025063%;height: 51px\" width=\"76\">Canada<\/td>\n<\/tr>\n<tr style=\"height: 74px\">\n<td style=\"width: 31.64813%;height: 74px\" width=\"208\">Shankha Pratim Bhattacharya<\/td>\n<td style=\"width: 47.684935%;height: 74px\" width=\"321\">Indian Institute of Technology, Kharagpur<\/td>\n<td style=\"width: 10.025063%;height: 74px\" width=\"76\">India<\/td>\n<\/tr>\n<tr style=\"height: 51px\">\n<td style=\"width: 31.64813%;height: 51px\" width=\"208\">Wahid Maref<\/td>\n<td style=\"width: 47.684935%;height: 51px\" width=\"321\">\u00c9cole de technologie sup\u00e9rieure (\u00c9TS)<\/td>\n<td style=\"width: 10.025063%;height: 51px\" width=\"76\">Canada<\/td>\n<\/tr>\n<tr style=\"height: 51px\">\n<td style=\"width: 31.64813%;height: 51px\" width=\"208\">Wilma Leung<\/td>\n<td style=\"width: 47.684935%;height: 51px\" width=\"321\">BC Housing<\/td>\n<td style=\"width: 10.025063%;height: 51px\" width=\"76\">Canada<\/td>\n<\/tr>\n<tr style=\"height: 51px\">\n<td style=\"width: 31.64813%;height: 51px\" width=\"208\">Y. H. Chui<\/td>\n<td style=\"width: 47.684935%;height: 51px\" width=\"321\">University of Alberta<\/td>\n<td style=\"width: 10.025063%;height: 51px\" width=\"76\">Canada<\/td>\n<\/tr>\n<tr style=\"height: 74px\">\n<td style=\"width: 31.64813%;height: 74px\" width=\"208\">Zhaofeng Chen<\/td>\n<td style=\"width: 47.684935%;height: 74px\" width=\"321\">Nanjing University of Aeronautics and Astronautics<\/td>\n<td style=\"width: 10.025063%;height: 74px\" width=\"76\">China<\/td>\n<\/tr>\n<\/tbody>\n<\/table>\n<p>&nbsp;<\/p>\n<p>[\/et_pb_accordion_item][\/et_pb_accordion][\/et_pb_column_inner][\/et_pb_row_inner][\/et_pb_column][\/et_pb_section]<\/p>\n","protected":false},"excerpt":{"rendered":"<p>Atsushi Iwamae Kindai University Japan Bijan Adl-Zarrabi Chalmers University of Technology Sweden Brahim Benmokrane University of Sherbrooke Canada Caterina Valeo University of Victoria Canada Dominique Derome University of Sherbrooke Canada Fitsum Tariku British Columbia Institute of Technology Canada Girma Bitsuamlak Western University Canada Harjit Singh Brunel University London UK Hillol Chakravarty National Institute of Technology, [&hellip;]<\/p>\n","protected":false},"author":4828,"featured_media":0,"parent":0,"menu_order":0,"comment_status":"closed","ping_status":"closed","template":"","meta":{"_et_pb_use_builder":"on","_et_pb_old_content":"","_et_gb_content_width":"","footnotes":""},"class_list":["post-1485","page","type-page","status-publish","hentry"],"_links":{"self":[{"href":"https:\/\/onlineacademiccommunity.uvic.ca\/nhice\/wp-json\/wp\/v2\/pages\/1485","targetHints":{"allow":["GET"]}}],"collection":[{"href":"https:\/\/onlineacademiccommunity.uvic.ca\/nhice\/wp-json\/wp\/v2\/pages"}],"about":[{"href":"https:\/\/onlineacademiccommunity.uvic.ca\/nhice\/wp-json\/wp\/v2\/types\/page"}],"author":[{"embeddable":true,"href":"https:\/\/onlineacademiccommunity.uvic.ca\/nhice\/wp-json\/wp\/v2\/users\/4828"}],"replies":[{"embeddable":true,"href":"https:\/\/onlineacademiccommunity.uvic.ca\/nhice\/wp-json\/wp\/v2\/comments?post=1485"}],"version-history":[{"count":5,"href":"https:\/\/onlineacademiccommunity.uvic.ca\/nhice\/wp-json\/wp\/v2\/pages\/1485\/revisions"}],"predecessor-version":[{"id":1493,"href":"https:\/\/onlineacademiccommunity.uvic.ca\/nhice\/wp-json\/wp\/v2\/pages\/1485\/revisions\/1493"}],"wp:attachment":[{"href":"https:\/\/onlineacademiccommunity.uvic.ca\/nhice\/wp-json\/wp\/v2\/media?parent=1485"}],"curies":[{"name":"wp","href":"https:\/\/api.w.org\/{rel}","templated":true}]}}