{"id":6,"date":"2019-07-05T20:20:24","date_gmt":"2019-07-05T20:20:24","guid":{"rendered":"https:\/\/onlineacademiccommunity.uvic.ca\/multinarrative\/?page_id=6"},"modified":"2020-03-13T23:50:42","modified_gmt":"2020-03-13T23:50:42","slug":"about","status":"publish","type":"page","link":"https:\/\/onlineacademiccommunity.uvic.ca\/multinarrative\/about\/","title":{"rendered":"About us"},"content":{"rendered":"<p>For several years, researchers, many based at the Christian-Albrechts-University, Kiel, have been investigating the abundance of artifacts in contemporary media that consist of multiple and seemingly disjointed narratives. Jutta Zimmermann, Andr\u00e9 Schwarck, Cord-Christian Casper, Kerstin Howaldt, Emmanuel Tristan Kugland, and others have been organizing meetings, workshops, and projects to develop a theoretical framework that can address this interesting narrative structure.<\/p>\n<p>At the 2017 conference of the International Society for the Study of Narrative in Lexington Kentucky, Andr\u00e9 Schwarck, Liz Bahs, and Corinne Bancroft met over a book called <em>The History of Love<\/em> (Nicole Krauss).\u00a0 They discovered that they share an enthusiasm for literature that juxtaposes distinct narrative strands.\u00a0 Andr\u00e9 Schwarck was a founding member and key organizer of the multi-narrative research group at CAU. Meanwhile, in the U.K., Liz Bahs wrote her own poetry as she studied the polyphonic and polyvoiced nature of contemporary poetry sequences.\u00a0 At the same time and across the ocean, Corinne Bancroft traced the outlines of a novel genre\u00a0 called the braided narrative, where authors twine together distinct, often conflicting narrative threads.\u00a0 Since Lexington, these scholars have continued to collaborate to research the delightful, troubling, and mysterious aspects of the multi-narrative.<\/p>\n<p><strong>Affiliated Researchers<\/strong><\/p>\n<p><strong>Liz Bahs<\/strong> is a Teaching Fellow of English Literature and Creative Writing at University of Surrey, UK. She completed her doctoral research at Royal Holloway, University of London in 2017 with a thesis titled, On the Threshold: The Polyphonic Poetry Sequence. The focus of her poetry and her research is narrative form and lyric progression in contemporary polyvocal \/ polyphonic poetry sequences. She is a two-time Fellow of the Hambidge Center for Arts and Sciences (USA) where she was Writer-in-Residence (2018 &amp; 2019). Recent poetry includes a collection, Stay Bones, (2019), and a poetry pamphlet, Greyhound Night Service, (2018). She writes poetry reviews for Frogmore Press and blogs at: <a href=\"http:\/\/whenyoureadtome.blogspot.co.uk\">whenyoureadtome.blogspot.co.uk<\/a>.<\/p>\n<p><strong>Corinne Bancroft\u00a0<\/strong> is an Assistant Professor of English at the University of Victoria.\u00a0 She earned her Ph.D. from the University of California, Santa Barbara with a dissertation titled &#8220;A Child&#8217;s Call: Braiding Narratives in the Face of Racial Violence&#8221; which traces how American authors focus on child characters as instruments for narrating violence, <em>and <\/em>how these children&#8217;s voices call adult characters and actual readers toward a heightened sense of social responsibility. \u00a0\u00a0She recently published \u201cThe Braided Narrative\u201d in the October 2018 issue of <em>Narrative<\/em>.\u00a0 Her other publications appear in <em>Style<\/em> and <em>Cognitive Semiotics<\/em>.<\/p>\n<p><strong>Domenico A. Beneventi <\/strong>is Professor of English and Comparative Literature at Universit\u00e9 de Sherbrooke. His research interests and publications focus on Canadian and Qu\u00e9b\u00e9cois literatures, urban writing, gender and queer studies, and representations of marginality in the city. He is co-editor of <em>Contested Spaces, Counter-narratives, and Culture from Below <\/em>(University of Toronto Press, 2018) and of <em>La lutte pour l&#8217;espace : ville, performance, et\u2028culture d&#8217;en bas <\/em>(Presses de l&#8217;Universit\u00e9 Laval, 2017). He was guest editor of a Special Issue of <em>Canadian Literature <\/em>on the theme of &#8220;Queer Frontiers&#8221; (#224 Spring 2015) and was co-editor of &#8220;Adjacencies: Minority Writing in Canada&#8221; (Guernica, 2004). He is the Director of the VersUS research centre at Universit\u00e9 de Sherbrooke.<\/p>\n<p><strong>Cord-Christian Casper <\/strong>has studied English and German in Cambridge and Kiel. His dissertation at the University of Kiel (2017) has traced the representation of political radicalism in early modernist political fiction. His current research project investigates nonhuman knowledge in Nature Writing. Further research areas include modernist language theory, New Materialism, visual culture, and comics studies.\u00a0 Recent publications are \u201cRadical Politics at the Margins of Modernism\u201d (Cambridge Scholars, 2015) and \u201cThe Hard, Definite, Personal Word\u201d (Wien: Lit, 2017). He is the co-founder and publisher of Closure: the Kiel University E-Journal for Comics Studies.<\/p>\n<p><strong>Kerstin Howaldt<\/strong> studied English Philology, Romance Philology and German Literary and Media Studies at the University of Kiel. Since 2015, she is a PhD candidate at the University of Erfurt where she was given a Christoph-Martin-Wieland-dissertation-scholarship (2015-2018). Since October 2018, she is a research associate at the Chair of English Literature. Her PhD project explores the production of eventfulness in 20th century British farce. An article which investigates the spatio-temporal dimension of eventfulness in Dave Eggers\u2019s novel A Hologram for the King was published in August 2019 in the edited volume Timescapes of Waiting. Spaces of Stasis, Delay and Deferral (Brill). Further research interests include New Materialism (particularly climate-change theatre), Comics Studies and Multi-Narratives. At the 2019 ISSN conference in Pamplona, she presented her paper \u201cAffected Paper-Narratives. Annotating and Crossing Out Stories in Julian Barnes\u2019s The Only Story.<\/p>\n<p><strong>Emmanuel Tristan Kugland\u00a0<\/strong> has studied English, Philosophy, and Pedagogics. He is currently a PhD candidate at Kiel University. In his research, he focusses on authorial narration and the representation of history in fiction.<\/p>\n<p><strong>Andr\u00e9 Schwarck <\/strong>received his PhD with a dissertation on Laurence Sterne\u2019s <em>Tristram Shandy <\/em>(W\u00fcrzburg, 2012) which analyzes the novel\u2019s interplay of temporal, modal and generic qualities. In Lexington (2017) he gave a paper titled \u201c\u2018Awaking to the Reality of the Tiger\u2019: Reality Effects in Yann Martel\u2019s <em>Life of Pi<\/em>\u201d; in Montreal (2018) he was a panel co-organizer of\u201cMulti-Narratives: A Framework\u201c. He is a founding member of research group on multi-narratives, his current research interest in narrative studies focuses on fictionality. Most recent publication: \u201c\u2018Useless, off-beat information!\u2019: Knowledge and Successiveness in Brian Friel\u2019s Molly Sweeney.\u201d Literature and Knowledge. Ed. Antje Kley and Kai Merten. Frankfurt am Main: Lang, 2018.<\/p>\n<p><strong>Evan Van Tassell<\/strong> is a PhD Student in English at the Ohio State University, studying experimental narrative techniques in contemporary media. His research focuses on multiplicity in print and visual texts; rhetorical approaches to narrative; and new media and multimodal fiction.<\/p>\n<p><strong>Jutta Zimmermann<\/strong> is Professor of North American Studies at Christian-Albrechts-University of Kiel. In her dissertation on postmodern Canadian metafiction she has analyzed the different forms of metafiction and the uses to which they are put by Canadian authors in the second half of the 20th century. Her second book focuses on forms of dialogue in 19th century American realist novels. Readings of Howells, James, and Wharton show how dialogues are used to negotiate gender roles and to ultimately destabilize conventional notions of femininity and masculinity as shaped by the sentimental literary tradition on the one and the scientific evolutionary discourse on the other hand.<\/p>\n","protected":false},"excerpt":{"rendered":"<p>For several years, researchers, many based at the Christian-Albrechts-University, Kiel, have been investigating the abundance of artifacts in contemporary media that consist of multiple and seemingly disjointed narratives. Jutta Zimmermann, Andr\u00e9 Schwarck, Cord-Christian Casper, Kerstin Howaldt, Emmanuel Tristan Kugland, and others have been organizing meetings, workshops, and projects to develop a theoretical framework that can &hellip; <a href=\"https:\/\/onlineacademiccommunity.uvic.ca\/multinarrative\/about\/\" class=\"more-link\">Continue reading <span class=\"screen-reader-text\">About us<\/span> <span class=\"meta-nav\">&rarr;<\/span><\/a><\/p>\n","protected":false},"author":7702,"featured_media":0,"parent":0,"menu_order":0,"comment_status":"closed","ping_status":"closed","template":"","meta":{"footnotes":""},"class_list":["post-6","page","type-page","status-publish","hentry"],"_links":{"self":[{"href":"https:\/\/onlineacademiccommunity.uvic.ca\/multinarrative\/wp-json\/wp\/v2\/pages\/6","targetHints":{"allow":["GET"]}}],"collection":[{"href":"https:\/\/onlineacademiccommunity.uvic.ca\/multinarrative\/wp-json\/wp\/v2\/pages"}],"about":[{"href":"https:\/\/onlineacademiccommunity.uvic.ca\/multinarrative\/wp-json\/wp\/v2\/types\/page"}],"author":[{"embeddable":true,"href":"https:\/\/onlineacademiccommunity.uvic.ca\/multinarrative\/wp-json\/wp\/v2\/users\/7702"}],"replies":[{"embeddable":true,"href":"https:\/\/onlineacademiccommunity.uvic.ca\/multinarrative\/wp-json\/wp\/v2\/comments?post=6"}],"version-history":[{"count":12,"href":"https:\/\/onlineacademiccommunity.uvic.ca\/multinarrative\/wp-json\/wp\/v2\/pages\/6\/revisions"}],"predecessor-version":[{"id":106,"href":"https:\/\/onlineacademiccommunity.uvic.ca\/multinarrative\/wp-json\/wp\/v2\/pages\/6\/revisions\/106"}],"wp:attachment":[{"href":"https:\/\/onlineacademiccommunity.uvic.ca\/multinarrative\/wp-json\/wp\/v2\/media?parent=6"}],"curies":[{"name":"wp","href":"https:\/\/api.w.org\/{rel}","templated":true}]}}