{"id":155,"date":"2023-10-02T01:07:37","date_gmt":"2023-10-02T01:07:37","guid":{"rendered":"https:\/\/onlineacademiccommunity.uvic.ca\/mcriinke\/?page_id=155"},"modified":"2023-10-02T01:07:55","modified_gmt":"2023-10-02T01:07:55","slug":"victoria-2009","status":"publish","type":"page","link":"https:\/\/onlineacademiccommunity.uvic.ca\/mcriinke\/victoria-2009\/","title":{"rendered":"Victoria 2009"},"content":{"rendered":"\n<h2 class=\"wp-block-heading\">Research Foundations for Understanding Books and Reading in a Digital Age (October 23-24 2009)<\/h2>\n\n\n\n<p>Sponsored by INKE and SSHRC<\/p>\n\n\n\n<h3 class=\"wp-block-heading\">Program<\/h3>\n\n\n\n<p>All sessions take place in the Arbutus Room, in the Cadboro Commons at the University of&nbsp;Victoria (<a href=\"https:\/\/www.uvic.ca\/buildings\/com.html\" target=\"_blank\" rel=\"noreferrer noopener\">https:\/\/www.uvic.ca\/buildings\/com.html<\/a>). Support is provided by the Electronic Textual&nbsp;Cultures Lab (<a href=\"http:\/\/etcl.uvic.ca\/\" target=\"_blank\" rel=\"noreferrer noopener\">http:\/\/etcl.uvic.ca\/<\/a>).<\/p>\n\n\n\n<p>Friday, October 23<br>1.00 pm: Welcome (Andrew Rippin, Dean of Humanities, Ray Siemens, INKE)<\/p>\n\n\n\n<p>1.15-2.45 pm (Session 1): Foundations, Theoretical Frameworks. Chair: Richard Cunningham<\/p>\n\n\n\n<p>1. &nbsp;Craig Saiper: Simulating Reading: Digital Research Beyond the Database.<br>2. &nbsp;Jean Guy Meunier, Pierre Poirier, Jean Danis, and Nicolas Payette: Theoretical Grounding for Computer Assisted Scholarly Reading of Text (CASROT).<br>3. &nbsp;Ray Siemens, Richard Cunningham, Alan Galey, Stan Ruecker, Lynne Siemens, Claire Warwick, and the INKE Team: Implementing New Knowledge Environments: Year 1 Research Foundations.<\/p>\n\n\n\n<p>3.00-5.00 pm (Session 2): Function, Application, and Process. Chair: Meagan Timney<\/p>\n\n\n\n<p>4. &nbsp;Rama C. Hoetzlein: Alternatives to Author-centric Knowledge Organization.<br>5. &nbsp;Ethan Hawkley: Where\u2019s Walden?: Searching, Indexing, Reading and Living in the Digital Age.<br>6. &nbsp;Serina Patterson: Creating a Virtual Library Classroom Tool for Digital Age Youth.<br>7. &nbsp;James MacGregor, Michael Joyce, Brett Hirsch, Cara Leitch, Ray Siemens, Chia-Ning Chiang, and Rick&nbsp;Kopak: Revolutionary Reading, Evolutionary Toolmaking: (Re)development of Scholarly Reading&nbsp;and Annotation Tools in Response to an Ever-changing Scholarly Climate.<\/p>\n\n\n\n<p>6.00 pm \u2013 Evening Reception and Dinner (Fifth Street Bar and Wood Fired Grill)<\/p>\n\n\n\n<p>Saturday, October 24<br>8.00-8.30 am: Coffee, Juice, Muffins<\/p>\n\n\n\n<p>8.30-10.00 am (Session 3): Corpora and GIS Approaches. Chair: Brett Hirsch<\/p>\n\n\n\n<p>8. &nbsp;Martin Mueller: An English Diachronic Digital Annotated Corpus (EDDAC).<br>9. &nbsp;Marc Plamondon: The Lemma and Database Design: Redesigning Representative Poetry Online, Lemmatizing Lexicons of Early Modern English, and Envisioning the Lemmatic Web.<br>10. &nbsp;\u00d8yvind Eide: Sound, Ink, Bytes: Geographical Information through the Centuries.<\/p>\n\n\n\n<p>10.15-11.45 am (Session 4): Text, Design, Interface Chair: Stan Ruecker<\/p>\n\n\n\n<p>11. &nbsp;Alan Galey, Richard Cunningham, Brent Nelson, Ray Siemens, Paul Werstine,&nbsp;and the INKE Group: Beyond Remediation: The Role of Textual Studies in Implementing New Knowledge&nbsp;Environments.<br>12. &nbsp;John Bath: Tradition and Transparency: Why Book Design Still Matters in the Digital Age.<br>13. &nbsp;Sharon Oviatt: Designing Interfaces that Stimulate Ideational Super-fluency.<\/p>\n\n\n\n<p>11.45-1.00 pm: Lunch<\/p>\n\n\n\n<p>1.00-2.00 pm (Session 5): Presenting Texts Chair: Alan Galey<\/p>\n\n\n\n<p>14. &nbsp;Jennifer Roberts-Smith, Sandra Gabriele, Stan Ruecker, and St\u00e9fan Sinclair with Matt Bouchard, Shawn DeSouza-Coelho, Diane Jakacki, Annemarie Kong, David Lam, and Omar Rodriguez: The Text and the Line of Action: Re-conceiving Watching the Script.<br>15. &nbsp;Brett Hirsch, Stuart Arneil, Greg Newton: \u201cMark the Play\u201d: Electronic Editions of Shakespeare and Video Content.<\/p>\n\n\n\n<p>2.15-3.15 pm (Session 6): Algorithmic Approaches Chair: Cara Leitch<\/p>\n\n\n\n<p>16. &nbsp;Stan Ruecker, Geoffrey Rockwell, Milena Radzikowska, St\u00e9fan Sinclair, Christian Vandendorpe, Ray Siemens, Teresa Dobson, Lindsay Doll, Mark Bieber, Michael Eberle-Sinatra, and the INKE Group: Drilling for Papers in INKE.<br>17. &nbsp;Patrick Juola: Guessing at the Content of a Million Books.<\/p>\n\n\n\n<p>3.30-5.00 pm (Session 7): Communities, Teams. Chair: Ray Siemens<\/p>\n\n\n\n<p>18. &nbsp;Aaron McCollough: Bedfellows in Mass Digital Conversion: Ten Years of Text Creation Partnership(s).<br>19. &nbsp;Bertrand Gervais and the NT2 Laboratory Team (Bertrand Gervais, Joanne Lalonde, Ren\u00e9 Audet, Ollivier Dyens; Am\u00e9lie Paquet, Paule Mackrous, Fr\u00e9d\u00e9rique Dub\u00e9, Alice van der Klei, Am\u00e9lie Langlois B\u00e9liveau and Gabriel Gaudette): The NT2 Hypermedia Art and Literature Directory: A New Knowledge Environment Devoted to the Valorization of Screen Culture.<br>20. &nbsp;Lynne Siemens: From Writing the Grant to Working the Grant: An Exploration of Processes and Procedures in Transition.<\/p>\n\n\n\n<p><strong>Image Copyright:<\/strong><br>2012 Syd Bauman, available under the Creative Commons<br>Attribution-ShareAlike 3.0 Unported License. (See<br><a href=\"http:\/\/creativecommons.org\/licenses\/by-sa\/3.0\/\" target=\"_blank\" rel=\"noreferrer noopener\">http:\/\/creativecommons.org\/licenses\/by-sa\/3.0\/<\/a>)<\/p>\n","protected":false},"excerpt":{"rendered":"<p>Research Foundations for Understanding Books and Reading in a Digital Age (October 23-24 2009) Sponsored by INKE and SSHRC Program All sessions take place in the Arbutus Room, in the Cadboro Commons at the University of&nbsp;Victoria (https:\/\/www.uvic.ca\/buildings\/com.html). Support is provided by the Electronic Textual&nbsp;Cultures Lab (http:\/\/etcl.uvic.ca\/). Friday, October 231.00 pm: Welcome (Andrew Rippin, Dean of [&hellip;]<\/p>\n","protected":false},"author":5873,"featured_media":0,"parent":0,"menu_order":0,"comment_status":"closed","ping_status":"closed","template":"","meta":{"_et_pb_use_builder":"off","_et_pb_old_content":"","_et_gb_content_width":"","footnotes":""},"class_list":["post-155","page","type-page","status-publish","hentry"],"_links":{"self":[{"href":"https:\/\/onlineacademiccommunity.uvic.ca\/mcriinke\/wp-json\/wp\/v2\/pages\/155","targetHints":{"allow":["GET"]}}],"collection":[{"href":"https:\/\/onlineacademiccommunity.uvic.ca\/mcriinke\/wp-json\/wp\/v2\/pages"}],"about":[{"href":"https:\/\/onlineacademiccommunity.uvic.ca\/mcriinke\/wp-json\/wp\/v2\/types\/page"}],"author":[{"embeddable":true,"href":"https:\/\/onlineacademiccommunity.uvic.ca\/mcriinke\/wp-json\/wp\/v2\/users\/5873"}],"replies":[{"embeddable":true,"href":"https:\/\/onlineacademiccommunity.uvic.ca\/mcriinke\/wp-json\/wp\/v2\/comments?post=155"}],"version-history":[{"count":2,"href":"https:\/\/onlineacademiccommunity.uvic.ca\/mcriinke\/wp-json\/wp\/v2\/pages\/155\/revisions"}],"predecessor-version":[{"id":157,"href":"https:\/\/onlineacademiccommunity.uvic.ca\/mcriinke\/wp-json\/wp\/v2\/pages\/155\/revisions\/157"}],"wp:attachment":[{"href":"https:\/\/onlineacademiccommunity.uvic.ca\/mcriinke\/wp-json\/wp\/v2\/media?parent=155"}],"curies":[{"name":"wp","href":"https:\/\/api.w.org\/{rel}","templated":true}]}}