{"id":71,"date":"2024-02-20T23:14:43","date_gmt":"2024-02-20T23:14:43","guid":{"rendered":"https:\/\/onlineacademiccommunity.uvic.ca\/mannersgroup\/?page_id=71"},"modified":"2024-02-21T17:56:03","modified_gmt":"2024-02-21T17:56:03","slug":"hannah-schnicke","status":"publish","type":"page","link":"https:\/\/onlineacademiccommunity.uvic.ca\/mannersgroup\/hannah-schnicke\/","title":{"rendered":"Hannah Schnicke"},"content":{"rendered":"<p>[et_pb_section fb_built=&#8221;1&#8243; theme_builder_area=&#8221;post_content&#8221; _builder_version=&#8221;4.23.4&#8243; _module_preset=&#8221;default&#8221;][et_pb_row _builder_version=&#8221;4.23.4&#8243; _module_preset=&#8221;default&#8221; column_structure=&#8221;1_2,1_2&#8243; theme_builder_area=&#8221;post_content&#8221;][et_pb_column _builder_version=&#8221;4.23.4&#8243; _module_preset=&#8221;default&#8221; type=&#8221;1_2&#8243; theme_builder_area=&#8221;post_content&#8221;][et_pb_image src=&#8221;https:\/\/onlineacademiccommunity.uvic.ca\/mannersgroup\/wp-content\/uploads\/sites\/8659\/2024\/02\/hannahs.jpg&#8221; _builder_version=&#8221;4.23.4&#8243; _module_preset=&#8221;default&#8221; theme_builder_area=&#8221;post_content&#8221; hover_enabled=&#8221;0&#8243; sticky_enabled=&#8221;0&#8243;][\/et_pb_image][\/et_pb_column][et_pb_column _builder_version=&#8221;4.23.4&#8243; _module_preset=&#8221;default&#8221; type=&#8221;1_2&#8243; theme_builder_area=&#8221;post_content&#8221;][et_pb_text _builder_version=&#8221;4.23.4&#8243; _module_preset=&#8221;default&#8221; theme_builder_area=&#8221;post_content&#8221; hover_enabled=&#8221;0&#8243; sticky_enabled=&#8221;0&#8243;]<\/p>\n<h1 style=\"text-align: justify\"><span>Hannah Schnicke<\/span><\/h1>\n<p style=\"text-align: justify\"><span>Hannah grew up in a small village close to Cologne, Germany and moved to M\u00fcnster to complete her B.Sc. in Chemistry at the Westf\u00e4lische-Wilhelms University (WWU). She completed her thesis in the Fern\u00e1ndez group, which involved supramolecular polymerization of a BODIPY-containing Pt(II) complex. As part of her master studies at the WWU, she joined the Manners group in May 2021 working on the field of supramolecular polymerization of Pt(II) complexes. In July 2022, she completed her M.Sc. at the WWU, where she worked on aqueous supramolecular polymerization and coordination isomerism of a Pt(II) complex. In September 2022, she re-joined the Manners group at UVIC to start her Ph.D. focusing on the synthesis of polymer micelles with potential biomedical applications. In her free time, Hannah enjoys cooking, rock climbing, and adventuring in nature.<\/span><\/p>\n<p>[\/et_pb_text][et_pb_image src=&#8221;https:\/\/onlineacademiccommunity.uvic.ca\/mannersgroup\/wp-content\/uploads\/sites\/8659\/2024\/02\/germany-1.jpg&#8221; _builder_version=&#8221;4.23.4&#8243; _module_preset=&#8221;default&#8221; theme_builder_area=&#8221;post_content&#8221; hover_enabled=&#8221;0&#8243; sticky_enabled=&#8221;0&#8243; align=&#8221;center&#8221;][\/et_pb_image][\/et_pb_column][\/et_pb_row][\/et_pb_section]<\/p>\n","protected":false},"excerpt":{"rendered":"<p>Hannah Schnicke Hannah grew up in a small village close to Cologne, Germany and moved to M\u00fcnster to complete her B.Sc. in Chemistry at the Westf\u00e4lische-Wilhelms University (WWU). She completed her thesis in the Fern\u00e1ndez group, which involved supramolecular polymerization of a BODIPY-containing Pt(II) complex. As part of her master studies at the WWU, she [&hellip;]<\/p>\n","protected":false},"author":19926,"featured_media":0,"parent":0,"menu_order":0,"comment_status":"closed","ping_status":"closed","template":"","meta":{"_et_pb_use_builder":"on","_et_pb_old_content":"<!-- wp:divi\/placeholder \/-->","_et_gb_content_width":"","footnotes":""},"class_list":["post-71","page","type-page","status-publish","hentry"],"_links":{"self":[{"href":"https:\/\/onlineacademiccommunity.uvic.ca\/mannersgroup\/wp-json\/wp\/v2\/pages\/71","targetHints":{"allow":["GET"]}}],"collection":[{"href":"https:\/\/onlineacademiccommunity.uvic.ca\/mannersgroup\/wp-json\/wp\/v2\/pages"}],"about":[{"href":"https:\/\/onlineacademiccommunity.uvic.ca\/mannersgroup\/wp-json\/wp\/v2\/types\/page"}],"author":[{"embeddable":true,"href":"https:\/\/onlineacademiccommunity.uvic.ca\/mannersgroup\/wp-json\/wp\/v2\/users\/19926"}],"replies":[{"embeddable":true,"href":"https:\/\/onlineacademiccommunity.uvic.ca\/mannersgroup\/wp-json\/wp\/v2\/comments?post=71"}],"version-history":[{"count":4,"href":"https:\/\/onlineacademiccommunity.uvic.ca\/mannersgroup\/wp-json\/wp\/v2\/pages\/71\/revisions"}],"predecessor-version":[{"id":129,"href":"https:\/\/onlineacademiccommunity.uvic.ca\/mannersgroup\/wp-json\/wp\/v2\/pages\/71\/revisions\/129"}],"wp:attachment":[{"href":"https:\/\/onlineacademiccommunity.uvic.ca\/mannersgroup\/wp-json\/wp\/v2\/media?parent=71"}],"curies":[{"name":"wp","href":"https:\/\/api.w.org\/{rel}","templated":true}]}}