{"id":21,"date":"2024-02-20T21:49:07","date_gmt":"2024-02-20T21:49:07","guid":{"rendered":"https:\/\/onlineacademiccommunity.uvic.ca\/mannersgroup\/?page_id=21"},"modified":"2026-01-13T21:57:38","modified_gmt":"2026-01-13T21:57:38","slug":"former-group-members","status":"publish","type":"page","link":"https:\/\/onlineacademiccommunity.uvic.ca\/mannersgroup\/former-group-members\/","title":{"rendered":"Former Group Members"},"content":{"rendered":"<p>[et_pb_section fb_built=&#8221;1&#8243; _builder_version=&#8221;4.23.4&#8243; _module_preset=&#8221;default&#8221; global_colors_info=&#8221;{}&#8221;][et_pb_row _builder_version=&#8221;4.23.4&#8243; _module_preset=&#8221;default&#8221; hover_enabled=&#8221;0&#8243; global_colors_info=&#8221;{}&#8221; sticky_enabled=&#8221;0&#8243;][et_pb_column type=&#8221;4_4&#8243; _builder_version=&#8221;4.23.4&#8243; _module_preset=&#8221;default&#8221; global_colors_info=&#8221;{}&#8221;][et_pb_text _builder_version=&#8221;4.27.5&#8243; _module_preset=&#8221;default&#8221; hover_enabled=&#8221;0&#8243; global_colors_info=&#8221;{}&#8221; sticky_enabled=&#8221;0&#8243;]<\/p>\n<p><strong>Academia: Faculty Research and Teaching Positions<\/strong><\/p>\n<p>Prof. Thomas Baumgartner &#8211; <em>University of Calgary<\/em>, Canada<br \/>Prof. Saurabh Chitnis &#8211; <em>University of Victoria<\/em>, Canada<br \/>Prof. Renhua Deng &#8211; <em>Huazhong University of Science and Technology<\/em>, China<br \/>Prof. Hongjing Dou &#8211; <em>Shanghai Jiao Tong University<\/em>, China<br \/>Prof. Dan Foucher &#8211; <em>Toronto Metropolitan University<\/em>, Canada<br \/>Prof. Tomoya Fukui &#8211; <em>Tokyo Institute of Technology<\/em>, Japan<br \/>Dr. Yang Gao &#8211; <em>Beihang University<\/em>, China<br \/>Prof. Derek P. Gates &#8211; <em>University of British Columbia<\/em>, Canada<br \/>Prof. Torben Gaedt &#8211; Department of Chemistry, <em>Technical University of Munich<\/em>, Germany<br \/>Prof. Joe Gilroy &#8211; <em>Western University<\/em>, Canada<br \/>Prof. Xiaoming He &#8211; <em>Tongji University<\/em>, China<br \/>Prof. Dr. Holger Helten &#8211; <em>University of W\u00fcrzburg<\/em>, Germany<br \/>Prof. Dave Herbert &#8211; <em>University of Manitoba<\/em>, Canada<br \/>Prof. Zac Hudson &#8211; <em>University of British Columbia<\/em>, Canada<br \/>Prof. Frieder J\u00e4kle &#8211; <em>Rutgers University<\/em>, USA<br \/>Prof. Xuhui Jin &#8211; <em>Beijing Institute of Technology<\/em>, China<br \/>Prof. Titel Jurca &#8211; <em>University of Central Florida<\/em>, FL, USA<br \/>Prof. Yuetong Kang &#8211; <em>Tsinghua University<\/em>, China<br \/>Prof. Subrata Kundu &#8211; <em>Indian Institute of Technology-Delhi<\/em>, India<br \/>Prof. Xiaoyu Li &#8211; <em>Beijing Institute of Technology<\/em>, China<br \/>Dr. Prof. Mong Liang &#8211; <em>National Chia-Yi University<\/em>, Taiwan<br \/>Prof. Erin Leitao &#8211; <em>University of Auckland<\/em>, New Zealand<br \/>Prof. Kun Liu &#8211; <em>Jilin University<\/em>, China<br \/>Prof. Mark MacLachlan &#8211; <em>University of British Columbia<\/em>, Canada<br \/>Dr. Yukihito Matsuura &#8211; <em>Nara National College of Technology<\/em>, Japan<br \/>Prof. Andrew McWilliams &#8211; <em>Toronto Metropolitan University<\/em>, Canada<br \/>Dr. Siti Fairus Mohd Yusoff &#8211; <em>Universiti Kebangsaan Malaysia<\/em>, Malaysia<br \/>Dr. Rebecca Musgrave &#8211; <em>King\u2019s College London<\/em>, London, UK<br \/>Prof. Masato Nanjo &#8211; <em>Tottori University<\/em>, Japan<br \/>Prof. Ali Nazemi &#8211; <em>Universite du Quebec a Montreal<\/em>, Canada<br \/>Prof. Sanjib K Patra &#8211; <em>Indian Institute of Technology-Kharagpur<\/em>, India<br \/>Dr. Nicole Power-Billard &#8211; <em>Seneca College<\/em>, Canada<br \/>Dr. Alejandro Presa Soto &#8211; <em>University of Oviedo<\/em>, Spain<br \/>Prof. Jieshu Qian &#8211;<em> Nanjing University of Science and Technology<\/em>, China<br \/>Prof. Feng Qiu &#8211; <em>Shanghai Institute of Technology<\/em>, China<br \/>Prof. Huibin Qiu &#8211; <em>Shanghai Tech. University<\/em>, China<br \/>Prof. Paul J. Ragogna &#8211; <em>University of Western Ontario<\/em>, Canada<br \/>Prof. David Rider &#8211; <em>Western Washington University<\/em>, USA<br \/>Prof. Eric Rivard &#8211; <em>University of Alberta<\/em>, Canada<br \/>Prof. Paul Rupar &#8211; <em>University of Alabama<\/em>, USA<br \/>Prof. Felix Schacher &#8211; <em>Freidrich Schiller University Jena<\/em>, Germany<br \/>Dr. Andr\u00e9 Sch\u00e4fer &#8211; <em>University of Saarland<\/em>, Germany<br \/>Prof. Greg Smith &#8211; <em>University of Cape Town<\/em>, South Africa<br \/>Prof. Anne Staubitz &#8211; <em>University of Bremen<\/em>, Germany<br \/>Prof. Steve Street &#8211; <em>University of Liverpool<\/em>, UK<br \/>Prof. Kyoung Taek Kim &#8211; <em>Seoul National University<\/em>, South Korea<br \/>Prof. Makoto Tanabe &#8211; <em>Tokyo Institute of Technology<\/em>, Japan<br \/>Prof. Ben-Zhong Tang &#8211; <em>Hong Kong University of Science and Technology<\/em>, China<br \/>Dr. Siree Tangbunsuk &#8211; <em>Kasetsart University<\/em>, Thailand<br \/>Prof. Jia Tian &#8211; <em>Shanghai Institute of Organic Chemistry<\/em>, China<br \/>Prof. Xiaosong Wang &#8211; Department of Chemistry, <em>University of Waterloo<\/em>, Canada<br \/>Dr. Bin Wang &#8211; <em>Lamar University<\/em>, USA<br \/>Prof. Yishan Wang &#8211; <em>Qingdao University of Science and Technology<\/em>, China<br \/>Prof. Zhuo Wang &#8211; <em>University of Windsor<\/em>, Canada<br \/>Prof. Lipeng Wu &#8211; <em>Lanzhou Institute of Chemical Physics<\/em>, China<br \/>Prof. Yifan Zhang &#8211; <em>Chinese Academy of Science<\/em>, China<\/p>\n<p><strong>Research, Industry and Government Labs<\/strong><\/p>\n<p>Dr. Rumman Ahmed &#8211; Technical Director R&amp;D Europe, <em>Arq Group Ltd.<\/em>, UK<br \/>Dr. Huda Al-Kharusi &#8211; <em>Ministry of Education<\/em>, Oman<br \/>Dr. Vincent Annibale &#8211; Patent Examiner, <em>Canadian Intellectual Property Office<\/em>, Gatineau, Quebec, Canada<br \/>Dr. Andre Arsenault &#8211; Chief Technology Officer, <em>Opalux Inc.,<\/em> Toronto, Ontario, Canada<br \/>Dr. Marius Arz &#8211; Patent Examiner, <em>European Patent Office<\/em>, Germany<br \/>Dr. Alex Bartole-Scott &#8211; Laboratory Manager, <em>University of Saskatschewan<\/em>, Saskatoon, Saskatchewan, Canada<br \/>Dr. Laura Beckett &#8211; Project Engineer, <em>Brunell<\/em>, Manching, Germany<br \/>Dr. Vasilios Bellas &#8211; <em>Provet S.A.<\/em>, Greece<br \/>Dr. Martin Bendle &#8211; Solutions Architect, <em>Capgemini Engineering<\/em>, Bristol, UK<br \/>Dr. Andrea Berenbaum &#8211; Principal, <em>Smart &amp; Biggar LLP<\/em>, Vancouver, Canada<br \/>Dr. Vivienne Blackstone &#8211; Senior Portfolio Manager, <em>EPSRC<\/em>, Swindon, UK<br \/>Dr. Charlotte Boott &#8211; Research Coordinator, <em>University of Liverpool<\/em>, Liverpool, UK<br \/>Dr. Sara Bourke-Jaska &#8211; Chemistry Teacher, <em>The Renert School<\/em>, Calgary, Alberta, Canada<br \/>Dr. Matthew Brumwell &#8211;<br \/>Dr. Lan Cao &#8211; Technology Manager-Elastomers, <em>Huntsman Polyurethanes<\/em>, New Hampshire, USA<br \/>Dr. Laurent Chabanne &#8211; Freelance Scientific Consultant, Lyon, France<br \/>Dr. Grace Chan &#8211; PDRF with Prof. Robert Grubbs, <em>California Institute of Technology<\/em>, USA<br \/>Alison Cheng &#8211; Project Leader, <em>Opalux Inc.<\/em>, Toronto, Ontario, Canada<br \/>Dr. Tsz Shing Cheung &#8211; Research Chemist,\u00a0<em>Hermay Labs<\/em>, Edmonton, Alberta, Canada<br \/>Paul Choi &#8211; Director of Partnerships, <em>DMB Management<\/em>, Dublin, Ireland<br \/>Dr. Tim Clark &#8211; Business Operations Manager, <em>GreenCentre Canada<\/em>, Kingston, Ontario, Canada<br \/>Dr. Scott Clendenning &#8211; <em>Intel Corp.<\/em>, Portland, OR, USA<br \/>Dr. Paul Cyr &#8211; Technology Transfer Officer, <em>University of British Columbia<\/em>, Vancouver, British Columbia, Canada<br \/>Dr. Theresa Dellermann &#8211; Public Funding Manager,\u00a0<em>WACKER<\/em>, Munich, Germany<br \/>Dr. Hendrik &#8220;Jimi&#8221; Dorn &#8211; <em>Ontario Centre of Forensic Sciences<\/em>, Toronto, Ontario, Canada<br \/>Dr. Van An Du &#8211; Low Carbon Fuels Feedstock Manager, <em>Shell<\/em>, Hamburg, Germany<br \/>Dr. Emma L. Dunphy<br \/>Dr. Barnali Dutta &#8211; Regulatory Submissions Coordinator, <em>Medpace<\/em>, Munich, Germany<br \/>Dr. Max Erhard &#8211; R&amp;D Manager, <em>Kl\u00fcber Lubrication (Shanghai) Co. Ltd.<\/em>, China<br \/>Dr. Mark Edwards &#8211; Community &amp; Government Relations, <em>Teck Resources Ltd.<\/em>, Vancouver, British Columbia, Canada<br \/>Dr. Charlotte Ellis &#8211; Scientist, <em>STEMCELL Technologies<\/em>, Vancouver, British Columbia, Canada<br \/>Dr. Jean-Charles Eloi &#8211; Electron Microscope Technician, <em>University of Bristol<\/em>, Bristol, UK<br \/>Dr. Chris Evans &#8211; Senior Director, Pipelines, Gas and LNG, <em>Natural Resources Canada<\/em>, Ottawa, Canada<br \/>Dr. John Finnegan &#8211; Account Executive, <em>Inpart<\/em>, Sheffield, UK<br \/>Dr. Sebastian Fournier-Bidoz &#8211; Head of R&amp;D and Chief Technical Officer, <em>Fio Corporation<\/em><br \/>Dr. Lars Friebe &#8211; <em>European Patent Office<\/em><br \/>Josie Galloro &#8211; Teacher, <em>Stephen Lewis Secondary School<\/em>, York Region, Ontario, Canada<br \/>Dr. Diego Garcia Hernandez &#8211; Sr. Policy Analyst Science, <em>Government of British Columbia<\/em>, Canada<br \/>Dr. Paloma G\u00f3mez-Elipe &#8211; Research Scientist, Spain<br \/>Dr. Madlen Ginzburg &#8211; <em>Ontario Centre of Forensic Sciences<\/em>, Toronto, Ontario, Canada<br \/>Dr. Oliver Gould &#8211; Head of Reasearch and Innovation,<em> Made of Air<\/em>, Berlin, Germany<br \/>Dr. Jessica Gwyther &#8211; Key Account Director, <em>Framatome Ltd.<\/em>, Bristol, UK<br \/>Dr. Rebekah Hailes &#8211; Program Manager, <em>Pretzel Therapeutics<\/em>, Gothenburg, Sweden<br \/>John Halfyard &#8211; Metallurgist, <em>Vale<\/em>, Newfoundland, Canada<br \/>Dr. Yunxiang He &#8211; PDRF with Prof. Jungling Guo, <em>Sichuan University<\/em>, China<br \/>Dr. Charles H. Honeyman &#8211; CEO, <em>Forward Water Technologies<\/em>, Toronto, Ontario, Canada<br \/>Dr. Ming-Siao Hsiao &#8211; Research Investigator, <em>DuPont<\/em>, Columbus, Ohio, USA<br \/>Dr. Loan Huynh &#8211; Technology Director, <em>Trait Biosciences Inc.<\/em>, New Mexico, USA<br \/>Dr. Keith Huynh &#8211; Product Manager, <em>Entegris<\/em>, Billerica, MA, USA<br \/>Dr. Cecilia Leong &#8211; PDRF Prof. Rachel O&#8217;Reilly Group, Warwick, UK<br \/>Dr. Chen Li &#8211; PDRF,\u00a0<em>University of California, Los Angeles<\/em>, Los Angeles, CA, USA<br \/>Dr. Charlie Jarrett-Wilkins &#8211; Head of Process, <em>Exactmer<\/em>, Tonbridge, UK<br \/>Dr. Cory Jaska &#8211; Research Scientist Supervisor, <em>Secure Energy Services<\/em>, Calgary, Alberta, Canada<br \/>Dr. Alastair Knights &#8211; Global Scientific Communications Senior Associate, <em>Eli Lilly<\/em>, Cork, Ireland<br \/>Dr. Kevin Kulbaba &#8211; Technical Service &amp; Development Manager, <em>ARLANXEO<\/em>, Ontario, Canada<br \/>Dr. Emily Kynaston &#8211; Senior Principal Scientist, <em>Syngenta<\/em>, UK<br \/>Dr. Shixing Lei &#8211;<br \/>Dr. Kajin Lee &#8211; Private Chemistry Tutor, Vancouver, BC, Canada<br \/>Dr. Xiao-Hua Liu &#8211; Computer Scientist, Toronto, ON, Canada<br \/>Dr. David Lunn &#8211; Head of Science, <em>XFuel<\/em>, Oxford, UK<br \/>Dr. Liam MacFarlane &#8211; Research Scientist, <em>Eupraxia Pharmaceuticals Inc.<\/em>, Victoria, British Columbia, Canada<br \/>Dr. Harvey MacKenzie &#8211; PDRF with Prof. Akshay Rao, <em>University of Cambridge<\/em>, Cambridge, UK<br \/>Dr. Arunava Maity &#8211; PDRF with Prof. Ali Nazemi, <em>Universit\u00e9 du Qu\u00e9bec \u00e0 Montr\u00e9al<\/em>, Quebec, Canada<br \/>Dr. Jason Massey &#8211; <em>OR-TEC Inc.<\/em>, Mississauga, Ontario, Canada<br \/>Dr. Georgeta Masson &#8211; Product Stewardship Chemist, <em>Chevron Oronite<\/em>, California, USA<br \/>Dr. Ulrich Mayer &#8211; Scientific Writer,<em> Cavendish Laboratory<\/em>, University of Cambridge, UK<br \/>Dr. Nina McGrath &#8211; Area Lead (Content), <em>European Food Information Council<\/em>, Brussels, Belgium<br \/>Dr. Mitchell Nascimento &#8211; PDRF with Prof. Erin Leitao,\u00a0<em>University of Auckland<\/em>, Auckland, New Zealand<br \/>Dr. James Nelson &#8211; Senior Product Development Specialist, <em>3M Automotive &amp; Aerospace Solutions Division<\/em>, St. Paul, MN, USA<br \/>Dr. Paul Nguyen &#8211; Senior Research Chemist, <em>ExxonMobil Chemical Co.<\/em>, London, Ontario, Canada<br \/>Dr. Yizing Ni &#8211; <em>Supelco Inc. State College<\/em>, PA, USA<br \/>Dr. Adam Nunns &#8211; Renewable Energy Consultant, <em>Wood<\/em>, Scotland, UK<br \/>Dr. Nicola Oldroyd &#8211; Manager, <em>Ernst &amp; Young<\/em>, Reading, UK<br \/>Dr. Alex Oliver &#8211; Senior Policy Advisor, <em>Research England<\/em>, Bristol, UK<br \/>Dr. Chantal Paquet &#8211; Senior Research Officer, <em>National Research Council of Canada<\/em>, Ottawa, Ontario, Canada<br \/>Dr. Hayley Parkin &#8211; PDRF with Prof. Pawel Swietach,\u00a0<em>University of Oxford<\/em>, Oxford, UK<br \/>Dr. Samuel Pearce &#8211; Research Scientist, <em>Johnson Matthey<\/em>, Sonning Common, UK<br \/>Dr. Timothy J. Peckham &#8211; Technology Consultant, <em>TJPVANB Chemical Consulting<\/em>, Vancouver, British Columbia, Canada<br \/>Dr. Stefan Pfirrmann &#8211; R&amp;D Director Graphic Innovations, <em>ORAFOL Europe GmbH<\/em>, Oranienburg, Germany<br \/>Dr. John K. Pudelski &#8211; VP Technology and New Business Developments, Lubricants &amp; Specialties, <em>HF Sinclair,<\/em> Cleveland, OH, USA<br \/>Dr. Rui Resendes &#8211; Director of Development, <em>Change Chemistry<\/em>, ON, Canada<br \/>Dr. Diego Resendiz-Lara &#8211; Research Assistant, <em>University of Oxford<\/em>, Oxford, UK<br \/>Dr. Alasdair Robertson &#8211; Materials R&amp;D Manager, <em>Invinity Energy System Plc.<\/em>, Edinburgh, UK<br \/>Dr. Matthew Robinson &#8211; QC Technical Manager, <em>PharmEng Technology<\/em>, Toronto, Ontario, Canada<br \/>Jose Rodezno &#8211; Sr Director, <em>LGC Standards<\/em>, Toronto, Ontario, Canada<br \/>Dr. Ralph Ruffolo &#8211; Ontario Ministry of the Environment, ON, Canada<br \/>Dr. Inmaculada Matas Ruiz &#8211; Freelance Scientific Officer, <em>Engago<\/em>, Seville, Spain<br \/>Dr. Ron Rulkens &#8211; Consultant, <em>Montevena Consulting<\/em>, Saratoga, CA, USA<br \/>Dr. Andrew Russell &#8211; Associate, <em>Carpmaels &amp; Ransford<\/em>, London, UK<br \/>Ryan A. Singh &#8211; Curriculum Head of Science, <em>Peel District School Board<\/em>, Toronto, Canada<br \/>Dr. Florian Sch\u00f6n &#8211; Lab Team Lead, <em>BASF<\/em>, Germany<br \/>Dr. Huda Shaikh &#8211; Research Scientist, <em>Johnson Matthey<\/em>, Sonning Common, UK<br \/>Dr. Matt Sloan &#8211; Associate, <em>Teach for Australia<\/em>, Melbourne, Australia<br \/>Dr. Naomi Stubbs &#8211; Materials Scientist, Reading, UK<br \/>Dr. Tom Taylor &#8211; R&amp;D Associate, <em>DAK Americas<\/em>, Columbia, South Carolina, USA<br \/>Dr. Karen Temple &#8211; Commercialization Manager, <em>University of Toronto<\/em>, Toronto, Ontario, Canada<br \/>Dr. Ulrich Tritschler &#8211; Production Manager, <em>BASF<\/em>, Germany<br \/>Dr. James Vance &#8211; QC Analyst, Belfast, UK<br \/>Lawrence Vanderark &#8211; R&amp;D Manager, <em>Scotts Canada Ltd.<\/em>, Canada<br \/>Dr. Guido Vandermeulen &#8211; Principal Research Scientist, <em>BASF<\/em>, Germany<br \/>Dr. Marcus Vespa &#8211; Formulation Chemist,\u00a0<em>10FOLD Group<\/em>, Okotoks, AB, Canada<br \/>Dr. Ulf Vogel &#8211; Research Associate with Prof. Manfred Scheer, <em>Universit\u00e4t Regensburg<\/em>, Germany<br \/>Dr. Hai Wang &#8211; Senior Manager, <em>Applied Materials<\/em>, California, USA<br \/>Dr. George Whittell &#8211; Core Technology Manager, <em>Edwards<\/em>, Bristol, UK<br \/>Dr. Matthew Wiebe &#8211; PDRF with Prof. Anne Staubitz, <em>Universit\u00e4t Kiel<\/em>, Kiel, Germany<br \/>Dr. Chuanqi Zhao &#8211;<br \/>Dr. Weija Zheng &#8211; PDRF with Prof. Kun Liu,\u00a0<em>Jilin University<\/em>, Jilin, China<br \/>Dr. Jiawen Zhuo &#8211; Application Development Manager, <em>ARLANXEO<\/em>, Cologne, Germany<br \/>Dr. Ralf Ziembinski &#8211; Head of Product Development Compounds &amp; Extrusions, <em>RAUMDIC AG<\/em>, Helmbrechts, Germany<\/p>\n<p>[\/et_pb_text][\/et_pb_column][\/et_pb_row][\/et_pb_section]<\/p>\n","protected":false},"excerpt":{"rendered":"<p>Academia: Faculty Research and Teaching Positions Prof. Thomas Baumgartner &#8211; University of Calgary, CanadaProf. Saurabh Chitnis &#8211; University of Victoria, CanadaProf. Renhua Deng &#8211; Huazhong University of Science and Technology, ChinaProf. Hongjing Dou &#8211; Shanghai Jiao Tong University, ChinaProf. Dan Foucher &#8211; Toronto Metropolitan University, CanadaProf. Tomoya Fukui &#8211; Tokyo Institute of Technology, JapanDr. Yang [&hellip;]<\/p>\n","protected":false},"author":19926,"featured_media":0,"parent":0,"menu_order":0,"comment_status":"closed","ping_status":"closed","template":"","meta":{"_et_pb_use_builder":"on","_et_pb_old_content":"<!-- wp:divi\/placeholder \/-->","_et_gb_content_width":"","footnotes":""},"class_list":["post-21","page","type-page","status-publish","hentry"],"_links":{"self":[{"href":"https:\/\/onlineacademiccommunity.uvic.ca\/mannersgroup\/wp-json\/wp\/v2\/pages\/21","targetHints":{"allow":["GET"]}}],"collection":[{"href":"https:\/\/onlineacademiccommunity.uvic.ca\/mannersgroup\/wp-json\/wp\/v2\/pages"}],"about":[{"href":"https:\/\/onlineacademiccommunity.uvic.ca\/mannersgroup\/wp-json\/wp\/v2\/types\/page"}],"author":[{"embeddable":true,"href":"https:\/\/onlineacademiccommunity.uvic.ca\/mannersgroup\/wp-json\/wp\/v2\/users\/19926"}],"replies":[{"embeddable":true,"href":"https:\/\/onlineacademiccommunity.uvic.ca\/mannersgroup\/wp-json\/wp\/v2\/comments?post=21"}],"version-history":[{"count":16,"href":"https:\/\/onlineacademiccommunity.uvic.ca\/mannersgroup\/wp-json\/wp\/v2\/pages\/21\/revisions"}],"predecessor-version":[{"id":356,"href":"https:\/\/onlineacademiccommunity.uvic.ca\/mannersgroup\/wp-json\/wp\/v2\/pages\/21\/revisions\/356"}],"wp:attachment":[{"href":"https:\/\/onlineacademiccommunity.uvic.ca\/mannersgroup\/wp-json\/wp\/v2\/media?parent=21"}],"curies":[{"name":"wp","href":"https:\/\/api.w.org\/{rel}","templated":true}]}}