{"id":150,"date":"2017-04-21T16:48:38","date_gmt":"2017-04-21T23:48:38","guid":{"rendered":"https:\/\/onlineacademiccommunity.uvic.ca\/lorihamar\/?page_id=150"},"modified":"2018-01-30T12:15:18","modified_gmt":"2018-01-30T20:15:18","slug":"wsanec-spwolle","status":"publish","type":"page","link":"https:\/\/onlineacademiccommunity.uvic.ca\/lorihamar\/wsanec-spwolle\/","title":{"rendered":"W\u0331S\u00c1NE\u0106 SPW\u0331ELLO"},"content":{"rendered":"<p><a href=\"https:\/\/onlineacademiccommunity.uvic.ca\/lorihamar\/wp-content\/uploads\/sites\/2519\/2017\/04\/20170412-197-e1492820496147.jpg\"><img loading=\"lazy\" decoding=\"async\" class=\"aligncenter wp-image-262 size-medium\" src=\"https:\/\/onlineacademiccommunity.uvic.ca\/lorihamar\/wp-content\/uploads\/sites\/2519\/2017\/04\/20170412-197-e1492820496147-620x249.jpg\" alt=\"\" width=\"620\" height=\"249\" srcset=\"https:\/\/onlineacademiccommunity.uvic.ca\/lorihamar\/wp-content\/uploads\/sites\/2519\/2017\/04\/20170412-197-e1492820496147-620x249.jpg 620w, https:\/\/onlineacademiccommunity.uvic.ca\/lorihamar\/wp-content\/uploads\/sites\/2519\/2017\/04\/20170412-197-e1492820496147-768x309.jpg 768w, https:\/\/onlineacademiccommunity.uvic.ca\/lorihamar\/wp-content\/uploads\/sites\/2519\/2017\/04\/20170412-197-e1492820496147-1000x402.jpg 1000w, https:\/\/onlineacademiccommunity.uvic.ca\/lorihamar\/wp-content\/uploads\/sites\/2519\/2017\/04\/20170412-197-e1492820496147.jpg 1800w\" sizes=\"auto, (max-width: 620px) 100vw, 620px\" \/><\/a><\/p>\n<p>In the fall of 2016, a UVic composition student, Kim Farris-Manning put out a call to the dance community seeking a choreographer who might be interested in working on a site specific piece to take place on Mt. Tolmie. The composition was based on the text of the &#8220;Four Winds&#8221; as told by First Nations elder, STOL\u023bEL, and would engage approximately 30 musicians.<\/p>\n<figure id=\"attachment_168\" aria-describedby=\"caption-attachment-168\" style=\"width: 620px\" class=\"wp-caption alignleft\"><img loading=\"lazy\" decoding=\"async\" class=\"wp-image-168 size-medium\" src=\"https:\/\/onlineacademiccommunity.uvic.ca\/lorihamar\/wp-content\/uploads\/sites\/2519\/2017\/04\/IMG_20170204_094440786-e1492405042776-620x381.jpg\" alt=\"\" width=\"620\" height=\"381\" srcset=\"https:\/\/onlineacademiccommunity.uvic.ca\/lorihamar\/wp-content\/uploads\/sites\/2519\/2017\/04\/IMG_20170204_094440786-e1492405042776-620x381.jpg 620w, https:\/\/onlineacademiccommunity.uvic.ca\/lorihamar\/wp-content\/uploads\/sites\/2519\/2017\/04\/IMG_20170204_094440786-e1492405042776-768x472.jpg 768w, https:\/\/onlineacademiccommunity.uvic.ca\/lorihamar\/wp-content\/uploads\/sites\/2519\/2017\/04\/IMG_20170204_094440786-e1492405042776-1000x615.jpg 1000w\" sizes=\"auto, (max-width: 620px) 100vw, 620px\" \/><figcaption id=\"caption-attachment-168\" class=\"wp-caption-text\">composer Kim Farris-Manning&#8217;s notes<\/figcaption><\/figure>\n<p>Studies in Child and Youth Care continue to reshape and challenge my understanding of how I work within my privileged white social location. I was curious to discover Kim\u2019s perspective as a young composer responding to the structures of her university music program. I responded to her call and discovered the proposed dancers for the work would be children from L\u00c1U,WELNEW Tribal School. I eagerly suggested we approach her project as a component of my practicum, and seek permission from the community to collaborate in creating the live performance.<\/p>\n<p>After receiving positive support from the principal and supervisors connected to my practicum, I approached the grade 3 SEN\u0106O\u0166EN Immersion class. I was generously invited to collaborate with \u00a0 STIWET and XEDXOLME\u023dOT, teachers of the class, and we supported the children in designing a site specific dance. STIWET advised the appropriate title to be W\u0331S\u00c1NE\u0106\u00a0SPW\u0331ELLO.<\/p>\n<p>&nbsp;<\/p>\n<p style=\"text-align: right\"><strong>Welcome to W\u0331S\u00c1NE\u0106\u00a0SPW\u0331ELLO<\/strong><strong>.<\/strong><\/p>\n<figure id=\"attachment_260\" aria-describedby=\"caption-attachment-260\" style=\"width: 488px\" class=\"wp-caption alignleft\"><img loading=\"lazy\" decoding=\"async\" class=\"wp-image-260\" src=\"https:\/\/onlineacademiccommunity.uvic.ca\/lorihamar\/wp-content\/uploads\/sites\/2519\/2017\/04\/20170412-130-620x413.jpg\" alt=\"\" width=\"488\" height=\"325\" srcset=\"https:\/\/onlineacademiccommunity.uvic.ca\/lorihamar\/wp-content\/uploads\/sites\/2519\/2017\/04\/20170412-130-620x413.jpg 620w, https:\/\/onlineacademiccommunity.uvic.ca\/lorihamar\/wp-content\/uploads\/sites\/2519\/2017\/04\/20170412-130-768x511.jpg 768w, https:\/\/onlineacademiccommunity.uvic.ca\/lorihamar\/wp-content\/uploads\/sites\/2519\/2017\/04\/20170412-130-1000x666.jpg 1000w, https:\/\/onlineacademiccommunity.uvic.ca\/lorihamar\/wp-content\/uploads\/sites\/2519\/2017\/04\/20170412-130.jpg 1800w\" sizes=\"auto, (max-width: 488px) 100vw, 488px\" \/><figcaption id=\"caption-attachment-260\" class=\"wp-caption-text\">photo by Peter Farris-Manning<\/figcaption><\/figure>\n<p style=\"text-align: right\">We acknowledge that we are visitors on the traditional territory of the\u00a0W\u0331S\u00c1NE\u0106 (Saanich), Lkwungen (Songhees), and Wyomilth (Esquimalt) peoples of the Coast Salish Nation.<\/p>\n<p style=\"text-align: right\">The text of the &#8220;Four Winds&#8221; is as told by STOL\u023bEL, STIWET and XEDXOLME\u023dOT. This story is written in the Strait Salish language SEN\u0106O\u0166EN and will be recited by STIWET and members of the grade 3-immersion class from \u023d\u00c1U, WEL\u1e48EW\u0331.<\/p>\n<p style=\"text-align: right\">Combining contemporary art and music, W\u0331S\u00c1NE\u0106\u00a0SPW\u0331ELLO is an artistic collaboration between students from the \u023d\u00c1U, WEL\u1e48EW\u0331 tribal school and the University of Victoria.<\/p>\n<p style=\"text-align: right\">This performance\/installation will feature approximately 30 minutes of music, dance and sculpture on the concrete platform at the summit of S\u1e48AKA. A collaboration between artists; students and elders; Indigenous people and settlers, this performance will create a forum for thought and discussion surrounding respecting and honouring the earth and its people.<\/p>\n<p>&nbsp;<\/p>\n<p style=\"text-align: center\"><strong>Grade 3 <\/strong><strong>SEN\u0106O\u0166EN<\/strong><strong> Immersion Class<\/strong><\/p>\n<p style=\"text-align: center\">Isaac Bartleman<br \/>\nSTAQWULTEN Jeremy Bartleman<br \/>\n\u0166IWONEMOT Grace Blackwood<br \/>\nLIQI\u0166I\u00c1 Elliott<br \/>\nHELI Heli Etzel<br \/>\nW\u0331EMLE\u015a William Morris<br \/>\nKaleia Sampson<br \/>\nSIX\u0331NOMET Joseph Seward<br \/>\nElizabeth Smith<br \/>\nKennady Sylvester Johnny<br \/>\n\u0106ILTEN Tom<br \/>\n\u023bUL\u00c1\u0166\u00c1 Romaine Underwood<br \/>\nSX\u0331ELI\u0166IYE Kaiea Wilson James<\/p>\n<h3 style=\"text-align: center\"><\/h3>\n<h3 style=\"text-align: center\"><strong>Musicians<\/strong><\/h3>\n<table>\n<tbody>\n<tr>\n<td style=\"text-align: center\" colspan=\"2\"><strong>Conductor<br \/>\n<\/strong><br \/>\nJustin Boechler<\/td>\n<td style=\"text-align: center\" colspan=\"2\"><strong>Flute<br \/>\n<\/strong><br \/>\nGillian Newburn<br \/>\nJillian Broughton<\/td>\n<\/tr>\n<tr>\n<td style=\"text-align: center\"><strong>SOTE\u0106<br \/>\n<\/strong><br \/>\nMargaret Lingas<br \/>\nAli Horton<br \/>\nLaura Kaario<br \/>\nJo\u00e9 Lampron-Dandonneau<br \/>\nEthan Hill<br \/>\nCollin Lloyd<br \/>\nClayton Dowdell<\/td>\n<td style=\"text-align: center\"><strong>S\u1e34\u00c1\u1e48ET<br \/>\n<\/strong><br \/>\nNatasha Penfield<br \/>\nBrittney Jette<br \/>\nDesir\u00e9 Hall<br \/>\nCassidy Stahr<br \/>\nJordan Rettich<br \/>\nKyron Basu<br \/>\nZach Power<br \/>\nKyle Maclean<\/td>\n<td style=\"text-align: center\"><strong>STIWET<br \/>\n<\/strong><br \/>\nJessica Wagner<br \/>\nIrina Kim<br \/>\nMicha Fortin<br \/>\nThomas Nicholson<br \/>\nJoshua Poon<br \/>\nRowan Finley Mcwilliams<br \/>\nSam McNally<br \/>\nColin Malloy<\/td>\n<td style=\"text-align: center\"><strong>S\u0106ES<br \/>\n<\/strong><br \/>\nEmily Stewart<br \/>\nChelsea Kutyn<br \/>\nAlana Hayes<br \/>\nGrady Forsberg<br \/>\nWilliam Constable<br \/>\nHeidi Worrall<br \/>\nJulia Albano-Crockford<\/td>\n<\/tr>\n<\/tbody>\n<\/table>\n<p>&nbsp;<\/p>\n<p><img loading=\"lazy\" decoding=\"async\" class=\"wp-image-233 aligncenter\" src=\"https:\/\/onlineacademiccommunity.uvic.ca\/lorihamar\/wp-content\/uploads\/sites\/2519\/2017\/04\/SPWOLLE-overview-620x413.jpg\" alt=\"\" width=\"871\" height=\"580\" srcset=\"https:\/\/onlineacademiccommunity.uvic.ca\/lorihamar\/wp-content\/uploads\/sites\/2519\/2017\/04\/SPWOLLE-overview-620x413.jpg 620w, https:\/\/onlineacademiccommunity.uvic.ca\/lorihamar\/wp-content\/uploads\/sites\/2519\/2017\/04\/SPWOLLE-overview-768x511.jpg 768w, https:\/\/onlineacademiccommunity.uvic.ca\/lorihamar\/wp-content\/uploads\/sites\/2519\/2017\/04\/SPWOLLE-overview-1000x665.jpg 1000w, https:\/\/onlineacademiccommunity.uvic.ca\/lorihamar\/wp-content\/uploads\/sites\/2519\/2017\/04\/SPWOLLE-overview.jpg 1799w\" sizes=\"auto, (max-width: 767px) 89vw, (max-width: 1000px) 54vw, (max-width: 1071px) 543px, 580px\" \/><\/p>\n<table>\n<tbody>\n<tr>\n<td style=\"text-align: center;vertical-align: top\"><strong>Mentors<br \/>\n<\/strong><br \/>\nMaryann Gladstone<br \/>\nLisa Gunderson<br \/>\nJin-Sun Yoon<br \/>\nSam Etzel<br \/>\nChristopher Butterfield<br \/>\nAnnette Brosin<br \/>\nDaniel Laskarin<br \/>\nHjalmer Wenstob<br \/>\nChris Lindsay<\/td>\n<td style=\"text-align: center\"><strong>Support<br \/>\n<\/strong><br \/>\n\u023bOSINIYE Linda Elliot<br \/>\nMENE\u0166IYE Elisha Elliot<br \/>\nSX\u0331ED\u0166ELISIYE Renee Sampson<br \/>\nPS,K\u0335IT\u0338TENOT Robin Cooper<br \/>\n\u0166I\u0166\u00cdYELWET Maureen Williams<br \/>\nSandy Henry<br \/>\nNENSIMU Rita Morris<br \/>\n\u023bULET\u00c1 Romain Underwood<br \/>\nUMEKIEXTUE Sandi Howard<br \/>\nTraci Sam<br \/>\nMarilyn Crossley<br \/>\nVal Samuel<br \/>\nNancy Eassie<br \/>\nXane St. Phillip<br \/>\nJim Gerwing<br \/>\nPeter from Home Depot<\/td>\n<\/tr>\n<\/tbody>\n<\/table>\n<p><strong><br \/>\nThank you to the <\/strong><strong>\u023d\u00c1U, WEL\u1e48EW\u0331 tribal school and the University of Victoria for supporting and engaging in this collaboration<\/strong><strong>.<\/strong><\/p>\n<p><strong>\u2026And a special thank you to all of our family and friends for <\/strong><strong>your unending help and support!<\/strong><strong>\u00a0<\/strong><\/p>\n<p><strong>Sponsored by<\/strong><\/p>\n<p>The Ida Halpern Scholarship Fund, Fairway Market, Market On Yates, and Starbucks.<\/p>\n","protected":false},"excerpt":{"rendered":"<p>In the fall of 2016, a UVic composition student, Kim Farris-Manning put out a call to the dance community seeking a choreographer who might be interested in working on a site specific piece to take place on Mt. Tolmie. The composition was based on the text of the &#8220;Four Winds&#8221; as told by First Nations &hellip; <\/p>\n<p class=\"link-more\"><a href=\"https:\/\/onlineacademiccommunity.uvic.ca\/lorihamar\/wsanec-spwolle\/\" class=\"more-link\">Continue reading<span class=\"screen-reader-text\"> &#8220;W\u0331S\u00c1NE\u0106 SPW\u0331ELLO&#8221;<\/span><\/a><\/p>\n","protected":false},"author":4996,"featured_media":0,"parent":0,"menu_order":0,"comment_status":"closed","ping_status":"closed","template":"","meta":{"footnotes":""},"class_list":["post-150","page","type-page","status-publish","hentry"],"_links":{"self":[{"href":"https:\/\/onlineacademiccommunity.uvic.ca\/lorihamar\/wp-json\/wp\/v2\/pages\/150","targetHints":{"allow":["GET"]}}],"collection":[{"href":"https:\/\/onlineacademiccommunity.uvic.ca\/lorihamar\/wp-json\/wp\/v2\/pages"}],"about":[{"href":"https:\/\/onlineacademiccommunity.uvic.ca\/lorihamar\/wp-json\/wp\/v2\/types\/page"}],"author":[{"embeddable":true,"href":"https:\/\/onlineacademiccommunity.uvic.ca\/lorihamar\/wp-json\/wp\/v2\/users\/4996"}],"replies":[{"embeddable":true,"href":"https:\/\/onlineacademiccommunity.uvic.ca\/lorihamar\/wp-json\/wp\/v2\/comments?post=150"}],"version-history":[{"count":50,"href":"https:\/\/onlineacademiccommunity.uvic.ca\/lorihamar\/wp-json\/wp\/v2\/pages\/150\/revisions"}],"predecessor-version":[{"id":405,"href":"https:\/\/onlineacademiccommunity.uvic.ca\/lorihamar\/wp-json\/wp\/v2\/pages\/150\/revisions\/405"}],"wp:attachment":[{"href":"https:\/\/onlineacademiccommunity.uvic.ca\/lorihamar\/wp-json\/wp\/v2\/media?parent=150"}],"curies":[{"name":"wp","href":"https:\/\/api.w.org\/{rel}","templated":true}]}}