{"id":6,"date":"2019-10-18T21:07:38","date_gmt":"2019-10-18T21:07:38","guid":{"rendered":"https:\/\/onlineacademiccommunity.uvic.ca\/indiscipline\/?page_id=6"},"modified":"2023-08-08T04:17:24","modified_gmt":"2023-08-08T04:17:24","slug":"equipe","status":"publish","type":"page","link":"https:\/\/onlineacademiccommunity.uvic.ca\/indiscipline\/equipe\/","title":{"rendered":"Membres"},"content":{"rendered":"<p>Pour devenir membre, veuillez remplir le <a href=\"https:\/\/forms.gle\/Q6L8U78SzdsEafmW8\" target=\"_blank\" rel=\"noopener noreferrer\">formulaire d&#8217;adh\u00e9sion<\/a>.<\/p>\n<h3>Directeur<\/h3>\n<p><a href=\"https:\/\/www.pierreluclandry.com\/\" target=\"_blank\" rel=\"noopener noreferrer\">Pierre-Luc LANDRY<\/a> (Universit\u00e9 de Victoria)<\/p>\n<h3>Codirectrice<\/h3>\n<p><a href=\"https:\/\/www.stefaniabecheanu.com\/\" target=\"_blank\" rel=\"noopener noreferrer\">Stefania BECHEANU<\/a> (artiste ind\u00e9pendante)<\/p>\n<h3>Comit\u00e9 permanent<\/h3>\n<div class=\"page\" title=\"Page 3\">\n<div class=\"section\">\n<div class=\"layoutArea\">E\u0301tienne BEAULIEU (Ce\u0301gep de Drummondville, e\u0301ditions Nota bene)<br \/>\n<a href=\"https:\/\/www.stefaniabecheanu.com\/\" target=\"_blank\" rel=\"noopener noreferrer\">Stefania BECHEANU<\/a> (artiste ind\u00e9pendante)<br \/>\nNathalie FILSER (E\u0301cole supe\u0301rieure d\u2019art de Lorraine)<br \/>\n<a href=\"https:\/\/www.uvic.ca\/humanities\/french\/about-us\/faculty\/landry-pierre-luc.php\" target=\"_blank\" rel=\"noopener noreferrer\">Pierre-Luc LANDRY<\/a> (Universite\u0301 de Victoria)<br \/>\nMyriam SUCHET (Universite\u0301 Sorbonne Nouvelle \u2013 Paris 3)<\/p>\n<h3>Membres<\/h3>\n<p><a href=\"https:\/\/short-edition.com\/fr\/oeuvre\/nouvelles\/puerto-plata\" target=\"_blank\" rel=\"noopener noreferrer\">C\u00e9cile BALTZ<\/a> (enseignante au primaire)<br \/>\nJoyce BAKER (autrice et occultiste)<br \/>\nE\u0301tienne BEAULIEU (Ce\u0301gep de Drummondville, e\u0301ditions Nota bene)<br \/>\n<a href=\"https:\/\/www.stefaniabecheanu.com\/\" target=\"_blank\" rel=\"noopener noreferrer\">Stefania BECHEANU<\/a> (artiste ind\u00e9pendante)<br \/>\n<a href=\"https:\/\/www.usherbrooke.ca\/dall\/nous-joindre\/personnel-enseignant\/boisclair-isabelle\/\" target=\"_blank\" rel=\"noopener noreferrer\">Isabelle BOISCLAIR<\/a> (Universit\u00e9 de Sherbrooke)<br \/>\nNicholas DAWSON (Universit\u00e9 du Qu\u00e9bec \u00e0 Montr\u00e9al)<br \/>\n<a href=\"http:\/\/smndvll.format.com\" target=\"_blank\" rel=\"noopener noreferrer\">Simon DOUVILLE<\/a> (po\u00e8te et photographe)<br \/>\nS\u00e9bastien EMOND (\u00e9crivain.e)<br \/>\nNathalie FILSER (E\u0301cole supe\u0301rieure d\u2019art de Lorraine)<br \/>\n<a href=\"https:\/\/www.uvic.ca\/humanities\/french\/about-us\/faculty\/fromet-de-rosnay-emile.php\" target=\"_blank\" rel=\"noopener noreferrer\">Emile FROMET DE ROSNAY<\/a> (Universit\u00e9 de Victoria)<br \/>\nFlorian GRANDENA (Universit\u00e9 d&#8217;Ottawa)<br \/>\nMimi HADDAM (auteure)<br \/>\n<a href=\"http:\/\/lrsm.ca\/\" target=\"_blank\" rel=\"noopener noreferrer\">Simon HAREL<\/a> (Universit\u00e9 de Montr\u00e9al)<br \/>\n<a href=\"https:\/\/symonhenry.com\/\" target=\"_blank\" rel=\"noopener noreferrer\">Symon HENRY<\/a> (artiste pigiste)<br \/>\nVanessa J\u00c9ROME (Simon Fraser University\/University of Victoria, Radio-Canada)<br \/>\nC\u00e9cile KARS (enseignante au primaire)<br \/>\n<a href=\"https:\/\/www.uvic.ca\/humanities\/french\/about-us\/faculty\/landry-pierre-luc.php\">Pierre-Luc LANDRY<\/a> (Universit\u00e9 de Victoria)<br \/>\nAriane LESSARD (autrice)<br \/>\nMari\u00e8ve MAR\u00c9CHALE (chercheur\u00b7euse ind\u00e9pendant\u00b7e et \u00e9crivain\u00b7e)<br \/>\n<a href=\"http:\/\/www.annyckmartin.com\" target=\"_blank\" rel=\"noopener\">Annyck MARTIN<\/a> (Universit\u00e9 du Qu\u00e9bec \u00e0 Montr\u00e9al)<br \/>\n<a href=\"http:\/\/www.sebastienpesot.com\" target=\"_blank\" rel=\"noopener noreferrer\">S\u00e9bastien PESOT<\/a> (Universit\u00e9 de Sherbrooke)<br \/>\nFanie PIGEON-DECELLES (Universit\u00e9 de Victoria)<br \/>\nCharles QUIMPER (auteur)<br \/>\nAlexandre RAINVILLE (Universit\u00e9 de Sherbrooke)<br \/>\n<a href=\"http:\/\/www.laterredemarielle.com\" target=\"_blank\" rel=\"noopener\">Marielle RIVARD<\/a> (chercheuse-cr\u00e9atrice, artiste et psychologue)<br \/>\n<a href=\"https:\/\/philippestgermain.com\/\" target=\"_blank\" rel=\"noopener noreferrer\">Philippe ST-GERMAIN<\/a> (Coll\u00e8ge Ahuntsic)<br \/>\n<a href=\"https:\/\/apps.uqo.ca\/DosEtuCorpsProf\/PageProfesseur.aspx?id=madeleine.stratford@uqo.ca\" target=\"_blank\" rel=\"noopener noreferrer\">Madeleine STRATFORD<\/a> (Universit\u00e9 du Qu\u00e9bec en Outaouais)<br \/>\nMyriam SUCHET (Universite\u0301 Sorbonne Nouvelle \u2013 Paris 3)<\/p>\n<\/div>\n<\/div>\n<\/div>\n","protected":false},"excerpt":{"rendered":"<p>Pour devenir membre, veuillez remplir le formulaire d&#8217;adh\u00e9sion. Directeur Pierre-Luc LANDRY (Universit\u00e9 de Victoria) Codirectrice Stefania BECHEANU (artiste ind\u00e9pendante) Comit\u00e9 permanent E\u0301tienne BEAULIEU (Ce\u0301gep de Drummondville, e\u0301ditions Nota bene) Stefania &#8230;<\/p>\n","protected":false},"author":7791,"featured_media":0,"parent":0,"menu_order":0,"comment_status":"closed","ping_status":"closed","template":"","meta":{"_et_pb_use_builder":"","_et_pb_old_content":"","_et_gb_content_width":"","footnotes":""},"class_list":["post-6","page","type-page","status-publish","hentry"],"_links":{"self":[{"href":"https:\/\/onlineacademiccommunity.uvic.ca\/indiscipline\/wp-json\/wp\/v2\/pages\/6","targetHints":{"allow":["GET"]}}],"collection":[{"href":"https:\/\/onlineacademiccommunity.uvic.ca\/indiscipline\/wp-json\/wp\/v2\/pages"}],"about":[{"href":"https:\/\/onlineacademiccommunity.uvic.ca\/indiscipline\/wp-json\/wp\/v2\/types\/page"}],"author":[{"embeddable":true,"href":"https:\/\/onlineacademiccommunity.uvic.ca\/indiscipline\/wp-json\/wp\/v2\/users\/7791"}],"replies":[{"embeddable":true,"href":"https:\/\/onlineacademiccommunity.uvic.ca\/indiscipline\/wp-json\/wp\/v2\/comments?post=6"}],"version-history":[{"count":31,"href":"https:\/\/onlineacademiccommunity.uvic.ca\/indiscipline\/wp-json\/wp\/v2\/pages\/6\/revisions"}],"predecessor-version":[{"id":357,"href":"https:\/\/onlineacademiccommunity.uvic.ca\/indiscipline\/wp-json\/wp\/v2\/pages\/6\/revisions\/357"}],"wp:attachment":[{"href":"https:\/\/onlineacademiccommunity.uvic.ca\/indiscipline\/wp-json\/wp\/v2\/media?parent=6"}],"curies":[{"name":"wp","href":"https:\/\/api.w.org\/{rel}","templated":true}]}}