{"id":117,"date":"2020-01-17T21:52:25","date_gmt":"2020-01-17T21:52:25","guid":{"rendered":"https:\/\/onlineacademiccommunity.uvic.ca\/indiscipline\/?page_id=117"},"modified":"2022-10-26T21:47:42","modified_gmt":"2022-10-26T21:47:42","slug":"protocole-de-redaction","status":"publish","type":"page","link":"https:\/\/onlineacademiccommunity.uvic.ca\/indiscipline\/protocole-de-redaction\/","title":{"rendered":"Protocole de r\u00e9daction"},"content":{"rendered":"<p>Le Groupe de travail et d\u2019expe\u0301rimentation sur l\u2019indiscipline publie sur l\u2019Agr\u00e9gateur des textes, dans la section <a href=\"https:\/\/onlineacademiccommunity.uvic.ca\/indiscipline\/category\/partages\/\">Partages<\/a>, des vid\u00e9os ou des fichiers sonores qui rendent compte d\u2019\u00e9v\u00e9nements (artistiques ou acad\u00e9miques, officiels ou clandestins) ou de publications (livres, articles, zines, sites web, etc.) dont le contenu a le potentiel d\u2019am\u00e9liorer et d\u2019\u00e9largir notre compr\u00e9hension de la m\u00e9thode indisciplinaire, de l\u2019indiscipline, des artistes et intellectuel\u00b7le\u00b7s indisciplin\u00e9\u00b7e\u00b7s.<\/p>\n<p>La forme des textes publi\u00e9s ici est libre: ils peuvent \u00eatre universitaires, th\u00e9oriques, philosophiques, litt\u00e9raires, artistiques, cr\u00e9atifs, fragmentaires, etc. Indisciplin\u00e9s.<\/p>\n<p>Pour proposer un texte,\u00a0<a href=\"https:\/\/onlineacademiccommunity.uvic.ca\/indiscipline\/contact\/\">contactez-nous<\/a>.<br \/>\nLes propositions feront l\u2019objet d\u2019une r\u00e9vision par les pairs avant leur publication.<\/p>\n<ul>\n<li><strong>Les textes sont publi\u00e9s principalement en fran\u00e7ais ou en anglais<\/strong>; toutefois, les<strong>\u00a0textes h\u00e9t\u00e9rolingues<\/strong>\u00a0et les\u00a0<strong>textes \u00e9crits dans une autre langue<\/strong>\u00a0sont aussi accept\u00e9s et encourag\u00e9s. Pour faciliter l\u2019\u00e9valuation des textes \u00e9crits dans une autre langue que le fran\u00e7ais et l\u2019anglais, il est possible que l\u2019\u00e9quipe demande \u00e0 la personne qui soumet une proposition d\u2019accompagner son compte rendu d\u2019une liste d\u2019\u00e9valuateurs ou d\u2019\u00e9valuatrices potentielles.<\/li>\n<li>Comme nous publions en ligne, il n\u2019y a\u00a0<strong>pas de longueur maximale<\/strong>.<\/li>\n<li>Vos textes peuvent \u00eatre accompagn\u00e9s de\u00a0<strong>documents audiovisuels<\/strong>; assurez-vous qu\u2019ils soient libres de droits ou que l\u2019artiste en permette le partage; faites-nous parvenir des fichiers de haute qualit\u00e9.<\/li>\n<li><strong>Pas d\u2019espaces fines ou ins\u00e9cables\u00a0<\/strong>avant les deux-points, le point-virgule ou le guillemet fermant, ni apr\u00e8s le guillemet ouvrant. Utilisez les guillemets fran\u00e7ais et les apostrophes courbes.<\/li>\n<li><strong>Veuillez ne pas ins\u00e9rer de notes de bas de page<\/strong>\u00a0dans votre texte.<\/li>\n<li>Les citations doivent respecter le\u00a0<a href=\"https:\/\/owl.purdue.edu\/owl\/research_and_citation\/apa_style\/apa_style_introduction.html\" target=\"_blank\" rel=\"noopener noreferrer\">mod\u00e8le APA<\/a>; par exemple, dans le corps du texte: (Tremblay, 2008, p. 16).<\/li>\n<li>Accompagnez votre texte d\u2019une\u00a0<strong>bibliographie compl\u00e8te<\/strong>.<\/li>\n<\/ul>\n","protected":false},"excerpt":{"rendered":"<p>Le Groupe de travail et d\u2019expe\u0301rimentation sur l\u2019indiscipline publie sur l\u2019Agr\u00e9gateur des textes, dans la section Partages, des vid\u00e9os ou des fichiers sonores qui rendent compte d\u2019\u00e9v\u00e9nements (artistiques ou acad\u00e9miques, &#8230;<\/p>\n","protected":false},"author":7791,"featured_media":0,"parent":0,"menu_order":0,"comment_status":"closed","ping_status":"closed","template":"","meta":{"_et_pb_use_builder":"","_et_pb_old_content":"","_et_gb_content_width":"","footnotes":""},"class_list":["post-117","page","type-page","status-publish","hentry"],"_links":{"self":[{"href":"https:\/\/onlineacademiccommunity.uvic.ca\/indiscipline\/wp-json\/wp\/v2\/pages\/117","targetHints":{"allow":["GET"]}}],"collection":[{"href":"https:\/\/onlineacademiccommunity.uvic.ca\/indiscipline\/wp-json\/wp\/v2\/pages"}],"about":[{"href":"https:\/\/onlineacademiccommunity.uvic.ca\/indiscipline\/wp-json\/wp\/v2\/types\/page"}],"author":[{"embeddable":true,"href":"https:\/\/onlineacademiccommunity.uvic.ca\/indiscipline\/wp-json\/wp\/v2\/users\/7791"}],"replies":[{"embeddable":true,"href":"https:\/\/onlineacademiccommunity.uvic.ca\/indiscipline\/wp-json\/wp\/v2\/comments?post=117"}],"version-history":[{"count":5,"href":"https:\/\/onlineacademiccommunity.uvic.ca\/indiscipline\/wp-json\/wp\/v2\/pages\/117\/revisions"}],"predecessor-version":[{"id":342,"href":"https:\/\/onlineacademiccommunity.uvic.ca\/indiscipline\/wp-json\/wp\/v2\/pages\/117\/revisions\/342"}],"wp:attachment":[{"href":"https:\/\/onlineacademiccommunity.uvic.ca\/indiscipline\/wp-json\/wp\/v2\/media?parent=117"}],"curies":[{"name":"wp","href":"https:\/\/api.w.org\/{rel}","templated":true}]}}