{"id":110,"date":"2021-06-23T14:41:37","date_gmt":"2021-06-23T14:41:37","guid":{"rendered":"https:\/\/onlineacademiccommunity.uvic.ca\/eurosem\/?page_id=110"},"modified":"2021-06-23T14:59:53","modified_gmt":"2021-06-23T14:59:53","slug":"universita-di-pisa-italy-november-2019","status":"publish","type":"page","link":"https:\/\/onlineacademiccommunity.uvic.ca\/eurosem\/universita-di-pisa-italy-november-2019\/","title":{"rendered":"Universit\u00e0 di Pisa, Italy (November 2019)"},"content":{"rendered":"<h1 id=\"PageTopHeading\">The European Semester and Euro Area Governance:&nbsp;The Italian Case&nbsp;<\/h1>\n<div id=\"media_rotator\" class=\"rotator\">\n<figure><\/figure>\n<div class=\"select\">ngg_shortcode_0_placeholder<\/div>\n<\/div>\n<h4><strong><img loading=\"lazy\" decoding=\"async\" class=\"wp-image-64 aligncenter\" src=\"https:\/\/onlineacademiccommunity.uvic.ca\/eurosem\/wp-content\/uploads\/sites\/6177\/2021\/06\/logosbeneficaireserasmusright_withthesupportof-1.jpg\" alt=\"\" width=\"617\" height=\"167\" srcset=\"https:\/\/onlineacademiccommunity.uvic.ca\/eurosem\/wp-content\/uploads\/sites\/6177\/2021\/06\/logosbeneficaireserasmusright_withthesupportof-1.jpg 853w, https:\/\/onlineacademiccommunity.uvic.ca\/eurosem\/wp-content\/uploads\/sites\/6177\/2021\/06\/logosbeneficaireserasmusright_withthesupportof-1-300x81.jpg 300w, https:\/\/onlineacademiccommunity.uvic.ca\/eurosem\/wp-content\/uploads\/sites\/6177\/2021\/06\/logosbeneficaireserasmusright_withthesupportof-1-768x208.jpg 768w\" sizes=\"auto, (max-width: 617px) 100vw, 617px\" \/><\/strong><\/h4>\n<h4><strong>Dipartimento di Economia e Management, Pisa<\/strong><\/h4>\n<h4><strong>21- 22 November 2019<\/strong><\/h4>\n<h4><strong>Sala Conferenze Polo Piagge<\/strong><\/h4>\n<p>&nbsp;<\/p>\n<h3><a href=\"https:\/\/onlineacademiccommunity.uvic.ca\/eurosem\/wp-content\/uploads\/sites\/6177\/2021\/06\/final-program-17-nov.pdf\">Download Program<\/a>&nbsp;<\/h3>\n<h3><a href=\"https:\/\/onlineacademiccommunity.uvic.ca\/eurosem\/wp-content\/uploads\/sites\/6177\/2021\/06\/conference-notes-from-rapporteurs-pisa-conference.pdf\">Conference Notes<\/a><\/h3>\n<p><strong>21 NOVEMBER 2019 <\/strong><\/p>\n<p><strong>15:45 &#8211; 17:15 Il Semestre europeo. Cos\u2019\u00e8? Perch\u00e9 \u00e8 stato introdotto? Che implicazioni ha per l\u2019Italia? (ITALIANO) <\/strong><\/p>\n<p>Saluti: Pompeo Della Posta (Universit\u00e0 di Pisa), Amy Verdun (University of Leiden; University of Victoria), Silvio Bianchi Martini (Direttore, Dipartimento di Economia e Management, Universit\u00e0 di Pisa)<\/p>\n<p><u>Chair<\/u>: Annette Bongardt (CICP, University of \u00c9vora, &amp; Universidade Fernando Pessoa, Porto)<\/p>\n<p>Davide Berti e Luca Rufolo (neolaureati, Universit\u00e0 di Pisa)<\/p>\n<p>Dimitri Lorenzani (Commissione europea, DG Affari economici e finanziari)<\/p>\n<p>Francesco Felici (Ministero dell\u2019Economia e delle Finanze)<\/p>\n<p>Pietro Tommasino (Banca d\u2019Italia)<\/p>\n<p><strong>Coffee break 17:15 &#8211; 17:45 (Sala Studio, Piano Terra Polo Economia)<\/strong><\/p>\n<p><strong>17:45 \u2013 19:30 Academic presentations on the European Semester \u2013 Part 1 (ENGLISH)<\/strong><\/p>\n<p><u>Chair<\/u>: Daniel F. Schulz (University of Agder)<\/p>\n<p>Nicole Baerg (University of Essex) and Mark Hallerberg (Hertie School of Governance, Berlin) \u2018\u2018Explaining Instability in the Stability and Growth Pact: The Contribution of Member State Power and Euroskepticism to the Euro Crisis\u201d.<\/p>\n<p>David Bokhorst (Dutch Second Chamber, The Hague) \u201cThe application of the European Semester in Italy: the case of liberalisation of professional services\u201d.<\/p>\n<p>Fabio Bulfone (Max Planck Institute for the Study of Societies, Cologne) and Arianna Tassinari (European University Institute) \u201cUnder Pressure. Electoral Politics, State-Business Relations and Labour Market Reforms in Southern Europe 2008-2018\u201d.<\/p>\n<p>Fabrizio Di Mascio (University of Turin) \u201cThe dynamics of EU influence and fiscal consolidation in Italy and Spain\u201d.<\/p>\n<p><u>Discussants<\/u>:<\/p>\n<p>Mark Dawson (Hertie School of Governance, Berlin)<\/p>\n<p>Stefania Baroncelli (Free University of Bozen-Bolzano)<\/p>\n<p><strong>20:30 \u2013 22:30 Dinner (location to be announced, for conference speakers)<\/strong><\/p>\n<p><strong>22 NOVEMBER 2019<\/strong><\/p>\n<p><strong>9:00-10:30 Academic presentations on the European Semester \u2013 Part 2 (ENGLISH)<\/strong><\/p>\n<p><u>Chair<\/u>: Francisco Torres (Universidade Cat\u00f3lica Portuguesa)<\/p>\n<p>J\u00f6rg Haas (Hertie School of Governance, Berlin) \u201cEconomic policy coordination in the euro area: do reform characteristics drive implementation under the European Semester?\u201d [<\/p>\n<p>Reinout van der Veer (Erasmus University, Rotterdam) \u201cEnforcing the unenforceable: Politicisation and the EU\u2019s Stability and Growth Pact\u201d.<\/p>\n<p>Camilla Mariotto (University of Innsbruck) \u201cImplementing the EU economic rules: member states&#8217; compliance with the country-specific recommendation\u201d.<\/p>\n<p><u>Discussants<\/u>:<\/p>\n<p>Michele Chang (College of Europe, Bruges)<\/p>\n<p>Paul Schure (University of Victoria)<\/p>\n<p><strong>10:30-11 Coffee-Break (Sala Studio, Piano Terra Polo Economia)<\/strong><\/p>\n<p><strong>11-12:45 Roundtable &#8211; The European Semester in Practice in Italy<\/strong> <strong>(ENGLISH)<\/strong><\/p>\n<p><u>Chair<\/u>: Marcello Signorelli (Universit\u00e0 di Perugia)<\/p>\n<p>Pasquale Tridico (Presidente INPS)<\/p>\n<p>Pasquale Lucio Scandizzo (Universit\u00e0 di Roma \u201cTor Vergata\u201d)<\/p>\n<p>Antonia Carparelli (European Commission Delegation in Rome)<\/p>\n<p>Nicoletta Teodosi (European Anti-Poverty Network)<\/p>\n<p>Patrick Vesan (Universit\u00e0 della Valle d\u2019Aosta)<\/p>\n<p><strong>12:45 \u2013 13:00&nbsp;&nbsp; Book presentation: <\/strong>Michele Chang, Frederico Steinberg and Francisco Torres (eds),&nbsp;<em>The Political Economy of Adjustment Throughout and Beyond the Eurozone Crisis<\/em>, Routledge, November 2019.<\/p>\n<p><strong>13:00 &#8211; 14:30 Lunch for conference participants (Sala Studio, Piano Terra Polo Economia)<\/strong><\/p>\n<p><strong>14:30 \u2013 16:30 <\/strong><strong>Academic Roundtable on the benefits, implications and critical aspects of the European Semester with a specific view to Italy: are the CSRs well received? (ENGLISH)<\/strong><\/p>\n<p><u>Chair<\/u>: Amy Verdun (University of Leiden and University of Victoria)<\/p>\n<p>Lorenzo Codogno (London School of Economics)<\/p>\n<p>Roberto Tamborini (University of Trento)<\/p>\n<p>Enrico Marelli (University of Brescia)<\/p>\n<p>Fabio Masini (University of Roma Tre)<\/p>\n<p>Roberto Di Quirico (University of Cagliari)<\/p>\n<p><strong>16:30-17:00 Coffee-Break (Sala Studio, Piano Terra Polo Economia)<\/strong><\/p>\n<p><strong>17:00 \u2013 19:00 Il Semestre europeo e il dialogo fra la Commissione europea e il governo italiano (ITALIANO<\/strong>) \u2013 <strong><em>La cittadinanza \u00e8 caldamente invitata a partecipare<\/em><\/strong><\/p>\n<p>Salutati, Prof. Carlo Petronio (Prorettore vicario, Universit\u00e0 di Pisa)<\/p>\n<p><u>Chair<\/u>: Pompeo Della Posta (Universit\u00e0 di Pisa)<\/p>\n<p>Keynote speakers:<\/p>\n<p>Giovanni Tria (Universit\u00e0 di Roma \u201cTor Vergata\u201d, gi\u00e0 Ministro dell\u2019Economia e della Finanze)<\/p>\n<p>Marco Buti (Direttore Generale DG ECFIN, Commissione europea)<\/p>\n<p><u>Discussione<\/u>:<\/p>\n<p><strong>19:00-19:30 Drinks (Sala Studio, Piano Terra Polo Economia)<\/strong><\/p>\n<p><strong>20:30-22:30 Dinner (location to be announced, for conference speakers)<\/strong><\/p>\n<h4><em>Organisers: Dr. Amy Verdun (<a href=\"mailto:averdun@uvic.ca\" target=\"_blank\" rel=\"noopener\">averdun@uvic.ca<\/a>), Dr. Valerie D\u2019Erman (<a href=\"mailto:vjderman@uvic.ca\" target=\"_blank\" rel=\"noopener\">vjderman@uvic.ca<\/a>)&nbsp;<\/em><\/h4>\n<p>&nbsp;<\/p>\n<p><img loading=\"lazy\" decoding=\"async\" class=\"aligncenter size-full wp-image-100\" src=\"https:\/\/onlineacademiccommunity.uvic.ca\/eurosem\/wp-content\/uploads\/sites\/6177\/2021\/06\/final-poster-w542.jpg\" alt=\"\" width=\"542\" height=\"766\" srcset=\"https:\/\/onlineacademiccommunity.uvic.ca\/eurosem\/wp-content\/uploads\/sites\/6177\/2021\/06\/final-poster-w542.jpg 542w, https:\/\/onlineacademiccommunity.uvic.ca\/eurosem\/wp-content\/uploads\/sites\/6177\/2021\/06\/final-poster-w542-212x300.jpg 212w\" sizes=\"auto, (max-width: 542px) 100vw, 542px\" \/><\/p>\n","protected":false},"excerpt":{"rendered":"<p>The European Semester and Euro Area Governance:&nbsp;The Italian Case&nbsp; Dipartimento di Economia e Management, Pisa 21- 22 November 2019 Sala Conferenze Polo Piagge &nbsp; Download Program&nbsp; Conference Notes 21 NOVEMBER &#8230;<\/p>\n","protected":false},"author":13496,"featured_media":0,"parent":0,"menu_order":0,"comment_status":"closed","ping_status":"closed","template":"","meta":{"ngg_post_thumbnail":0,"footnotes":""},"class_list":["post-110","page","type-page","status-publish","hentry"],"_links":{"self":[{"href":"https:\/\/onlineacademiccommunity.uvic.ca\/eurosem\/wp-json\/wp\/v2\/pages\/110","targetHints":{"allow":["GET"]}}],"collection":[{"href":"https:\/\/onlineacademiccommunity.uvic.ca\/eurosem\/wp-json\/wp\/v2\/pages"}],"about":[{"href":"https:\/\/onlineacademiccommunity.uvic.ca\/eurosem\/wp-json\/wp\/v2\/types\/page"}],"author":[{"embeddable":true,"href":"https:\/\/onlineacademiccommunity.uvic.ca\/eurosem\/wp-json\/wp\/v2\/users\/13496"}],"replies":[{"embeddable":true,"href":"https:\/\/onlineacademiccommunity.uvic.ca\/eurosem\/wp-json\/wp\/v2\/comments?post=110"}],"version-history":[{"count":2,"href":"https:\/\/onlineacademiccommunity.uvic.ca\/eurosem\/wp-json\/wp\/v2\/pages\/110\/revisions"}],"predecessor-version":[{"id":117,"href":"https:\/\/onlineacademiccommunity.uvic.ca\/eurosem\/wp-json\/wp\/v2\/pages\/110\/revisions\/117"}],"wp:attachment":[{"href":"https:\/\/onlineacademiccommunity.uvic.ca\/eurosem\/wp-json\/wp\/v2\/media?parent=110"}],"curies":[{"name":"wp","href":"https:\/\/api.w.org\/{rel}","templated":true}]}}