{"id":1069,"date":"2019-05-15T09:07:22","date_gmt":"2019-05-15T16:07:22","guid":{"rendered":"https:\/\/onlineacademiccommunity.uvic.ca\/comarts\/?page_id=1069"},"modified":"2022-10-21T10:39:45","modified_gmt":"2022-10-21T17:39:45","slug":"agenda","status":"publish","type":"page","link":"https:\/\/onlineacademiccommunity.uvic.ca\/comarts\/agenda\/","title":{"rendered":"Agenda &#8211; Connections 2019"},"content":{"rendered":"<h1 style=\"text-align: center\"><strong>Feminists and feminisms in museums and art galleries:&nbsp;<\/strong><strong>International knowledge exchange and engagement with <\/strong><strong>common research issues<\/strong><\/h1>\n<h1 style=\"text-align: center\"><strong>SSHRC Connections Workshop Schedule<\/strong><\/h1>\n<h2 style=\"text-align: center\"><strong>Friday January 25, 2019 &#8211; Sunday&nbsp;January 27, 2019<\/strong><\/h2>\n<h2 style=\"text-align: center\"><strong>Museu Nacional de Arte Contempor\u00e2nea (<\/strong><strong>National Museum of Contemporary Art, NMCA)<\/strong><\/h2>\n<p>&nbsp;<\/p>\n<table>\n<tbody>\n<tr>\n<td width=\"64\"><strong>Date<\/strong><\/td>\n<td width=\"76\"><strong>Time<\/strong><\/td>\n<td width=\"123\"><strong>Location <\/strong><\/td>\n<td width=\"265\"><strong>Activity <\/strong><\/td>\n<\/tr>\n<tr>\n<td width=\"64\">Jan. 24<\/td>\n<td width=\"76\">6:15pm<\/td>\n<td width=\"123\">Hotel Mundial &#8211; meet in lobby<\/td>\n<td width=\"265\">Walk to NMCA for opening lecture and networking event&nbsp;<\/td>\n<\/tr>\n<tr>\n<td width=\"64\">&nbsp;<\/td>\n<td width=\"76\">6:30-7:30pm<\/td>\n<td width=\"123\">Sala Polivalente (SP), National Museum of Contemporary Art (NMCA)<\/td>\n<td width=\"265\">Clover, Sanford, Taber, and Williamson &#8211; <em>The feminist museum hack for gender justice: Critical, creative, and contextual applications&nbsp;<\/em><\/td>\n<\/tr>\n<tr>\n<td width=\"64\">Jan. 25<\/td>\n<td width=\"76\">9:45am<\/td>\n<td width=\"123\">Hotel lobby<\/td>\n<td width=\"265\">Walk to NMCA<\/td>\n<\/tr>\n<tr>\n<td width=\"64\">&nbsp;<\/td>\n<td width=\"76\">10:00-10:45am<\/td>\n<td width=\"123\">Sala Polivalente (SP),&nbsp;NMCA<\/td>\n<td width=\"265\">Ferreira \u2013 <em>Welcome to Portugal and NMCA<\/em><\/td>\n<\/tr>\n<tr>\n<td width=\"64\">&nbsp;<\/td>\n<td width=\"76\">10:45-11:15am<\/td>\n<td width=\"123\">SP, NMCA<\/td>\n<td width=\"265\">Taber, Clover, and Sanford \u2013 <em>Introduction to workshop<\/em><\/td>\n<\/tr>\n<tr>\n<td width=\"64\">&nbsp;<\/td>\n<td width=\"76\">11:30-12:15pm<\/td>\n<td width=\"123\">SP, NMCA<\/td>\n<td width=\"265\">Ferreira, Monteiro, and Moreira &#8211; The invisibility cloak: Are museums and collections still veiling women artist&#8217;s work with disinterest and demeaning words<\/td>\n<\/tr>\n<tr>\n<td width=\"64\">&nbsp;<\/td>\n<td width=\"76\">12:30-1:45pm<\/td>\n<td width=\"123\">NMCA<\/td>\n<td width=\"265\">Group lunch (catered)<\/td>\n<\/tr>\n<tr>\n<td width=\"64\">&nbsp;<\/td>\n<td width=\"76\">2:00-<\/p>\n<p>3:15pm<\/td>\n<td width=\"123\">SP, NMCA<\/td>\n<td width=\"265\">\n<p class=\"LC20lb\">Sch\u00f6nweger, International Women&#8217;s Museum Association \u2013 <em>Creative presentation <\/em>&nbsp;<\/p>\n<\/td>\n<\/tr>\n<tr>\n<td width=\"64\">&nbsp;<\/td>\n<td width=\"76\">3:30-<\/p>\n<p>4:15pm<\/p>\n<p>&nbsp;<\/td>\n<td width=\"123\">SP, NMCA<\/td>\n<td width=\"265\">Formenti, Del Negro, and Luraschi &#8211; <em>Unexpected audiences: Four paths for a dream of life<\/em><\/td>\n<\/tr>\n<tr>\n<td width=\"64\">&nbsp;<\/td>\n<td width=\"76\">4:30-<\/p>\n<p>5:15pm<\/td>\n<td width=\"123\">SP, NMCA<\/td>\n<td width=\"265\">Clover and Sanford &#8211;<i>&nbsp;Fashioning women, defrocking patriarchy<\/i><\/td>\n<\/tr>\n<tr>\n<td width=\"64\">&nbsp;<\/td>\n<td width=\"76\">5:30-6:15pm<\/td>\n<td width=\"123\">SP, NMCA<\/td>\n<td width=\"265\">Merriweather &#8211; <em>Racialized gendered literacy: A racial realist <\/em><em>reading of museum space of the African American female<\/em><\/td>\n<\/tr>\n<tr>\n<td width=\"64\">&nbsp;<\/td>\n<td width=\"76\">6:30-7:15-<\/td>\n<td width=\"123\">SP, NMCA<\/td>\n<td width=\"265\">Williamson &#8211; <em>Barbie Hack<\/em><\/td>\n<\/tr>\n<tr>\n<td width=\"64\">&nbsp;<\/td>\n<td width=\"76\">7:30-<\/p>\n<p>onwards<\/td>\n<td width=\"123\">\n<p class=\"LC20lb\">Toma L\u00e1 D\u00e1 C\u00e1&nbsp;<span style=\"font-family: inherit;font-size: inherit\">Travessa do Sequeiro 38<\/span><\/p>\n<\/td>\n<td width=\"265\">Group dinner<\/td>\n<\/tr>\n<tr>\n<td width=\"64\">Jan. 26<\/td>\n<td width=\"76\">10:00-11:30am<\/td>\n<td width=\"123\">SP, NMCA<\/td>\n<td width=\"265\">Williamson &#8211; <em>Exploring societal gender representation and (in)justice through visual and text-based collage enquiry in a gallery setting&nbsp;<\/em>(including group activity)<\/td>\n<\/tr>\n<tr>\n<td width=\"64\">&nbsp;<\/td>\n<td width=\"76\">11:45am-12:30pm<\/td>\n<td width=\"123\">SP, NMCA<\/td>\n<td width=\"265\">Taber \u2013 Military heritage sites: Women&#8217;s war work, castles, and fortresses&nbsp;<\/td>\n<\/tr>\n<tr>\n<td width=\"64\">&nbsp;<\/td>\n<td width=\"76\">12:45-<\/p>\n<p>2:15pm<\/td>\n<td width=\"123\">TBA<\/td>\n<td width=\"265\">Group lunch (catered)<\/td>\n<\/tr>\n<tr>\n<td width=\"64\">&nbsp;<\/td>\n<td width=\"76\">2:30-3:15pm<\/td>\n<td width=\"123\">SP, NMCA<\/td>\n<td width=\"265\">Thivierge &#8211; <em>Canadian women in STEM: A history &nbsp;<\/em><\/td>\n<\/tr>\n<tr>\n<td width=\"64\">&nbsp;<\/td>\n<td width=\"76\">3:30-4:15pm<\/td>\n<td width=\"123\">SP, NMCA<\/td>\n<td width=\"265\">Grover &#8211; <em>Decolonizing discourses on Niagara Falls: An analysis of feminist praxis in the exhibit 1779<\/em><\/td>\n<\/tr>\n<tr>\n<td width=\"64\">&nbsp;<\/td>\n<td width=\"76\">4:30-5:15pm<\/td>\n<td width=\"123\">SP, NMCA<\/td>\n<td width=\"265\">Henehan and Voelkel &#8211; <em>Infinitely obscure lives: Invisibility of women in a U.S<\/em><em>. historic site<\/em><\/td>\n<\/tr>\n<tr>\n<td width=\"64\">&nbsp;<\/td>\n<td width=\"76\">5:30-6:15pm<\/td>\n<td width=\"123\">SP, NMCA<\/td>\n<td width=\"265\">Johnson &#8211; <em>Beneath the invisibility cloak<\/em><\/td>\n<\/tr>\n<tr>\n<td width=\"64\">&nbsp;<\/td>\n<td width=\"76\">6:30-<\/p>\n<p>7:30pm<\/td>\n<td width=\"123\">TBA<\/td>\n<td width=\"265\">Time to explore&nbsp;<\/td>\n<\/tr>\n<tr>\n<td width=\"64\">&nbsp;<\/td>\n<td width=\"76\">7:30pm onwards<\/td>\n<td width=\"123\">Le\u00e3o d&#8217;Ouro<\/p>\n<p>Rua 1 de Dezembro 105<\/td>\n<td width=\"265\">Group dinner<\/td>\n<\/tr>\n<tr>\n<td width=\"64\">Jan. 27<\/td>\n<td width=\"76\">10:00-1:00pm<\/td>\n<td width=\"123\">i.e. Casa da Cera, Museu Nacional de Arte Antiga, Funda\u00e7\u00e3o Arpad Szenes Vieira da Silva<\/td>\n<td width=\"265\">All &#8211;&nbsp;<em>Museum interventions, methodologies, pedagogies: Museum visits<\/em><\/p>\n<p>Choose your own museum\/gallery<\/td>\n<\/tr>\n<tr>\n<td width=\"64\">&nbsp;<\/td>\n<td width=\"76\">1:15am-2:45pm<\/td>\n<td width=\"123\">NMCA<\/td>\n<td width=\"265\">Group lunch (catered) and debrief from museum visits<\/td>\n<\/tr>\n<tr>\n<td width=\"64\">&nbsp;<\/td>\n<td width=\"76\">3:00-4:30pm<\/td>\n<td width=\"123\">SP, NMCA<\/td>\n<td width=\"265\">Sch\u00f6nweger &#8211;&nbsp;<em>Global feminist museum hack<\/em><\/td>\n<\/tr>\n<tr>\n<td width=\"64\">&nbsp;<\/td>\n<td width=\"76\">4:30-5:15pm<\/td>\n<td width=\"123\">SP, NMCA<\/td>\n<td width=\"265\">All &#8211; <em>Mapping out research dissemination, future grants, and closing<\/em><\/td>\n<\/tr>\n<tr>\n<td width=\"64\">&nbsp;<\/td>\n<td width=\"76\">5:15pm onwards<\/td>\n<td width=\"123\">&nbsp;<\/td>\n<td width=\"265\">Dinner on our own<\/td>\n<\/tr>\n<tr>\n<td width=\"64\">Jan. 28<\/td>\n<td width=\"76\">&nbsp;<\/td>\n<td width=\"123\">&nbsp;<\/td>\n<td width=\"265\">Travel home<\/td>\n<\/tr>\n<\/tbody>\n<\/table>\n<p>&nbsp;<\/p>\n<p>For a detailed description of the conference workshops and activities, <a href=\"https:\/\/onlineacademiccommunity.uvic.ca\/comarts\/wp-content\/uploads\/sites\/3036\/2019\/08\/Final-Report-Connections-2019-Final.pdf\">click here to see the SSHRC Final Report.&nbsp;<\/a><\/p>\n<p>&nbsp;<\/p>\n<p>&nbsp;<\/p>\n<p>&nbsp;<\/p>\n","protected":false},"excerpt":{"rendered":"<p>Feminists and feminisms in museums and art galleries:&nbsp;International knowledge exchange and engagement with common research issues SSHRC Connections Workshop Schedule Friday January 25, 2019 &#8211; Sunday&nbsp;January 27, 2019 Museu Nacional de Arte Contempor\u00e2nea (National Museum of Contemporary Art, NMCA) &nbsp; Date Time Location Activity Jan. 24 6:15pm Hotel Mundial &#8211; meet in lobby Walk to [&hellip;]<\/p>\n","protected":false},"author":7574,"featured_media":0,"parent":0,"menu_order":0,"comment_status":"closed","ping_status":"closed","template":"","meta":{"ngg_post_thumbnail":0,"footnotes":""},"class_list":["post-1069","page","type-page","status-publish","hentry"],"_links":{"self":[{"href":"https:\/\/onlineacademiccommunity.uvic.ca\/comarts\/wp-json\/wp\/v2\/pages\/1069","targetHints":{"allow":["GET"]}}],"collection":[{"href":"https:\/\/onlineacademiccommunity.uvic.ca\/comarts\/wp-json\/wp\/v2\/pages"}],"about":[{"href":"https:\/\/onlineacademiccommunity.uvic.ca\/comarts\/wp-json\/wp\/v2\/types\/page"}],"author":[{"embeddable":true,"href":"https:\/\/onlineacademiccommunity.uvic.ca\/comarts\/wp-json\/wp\/v2\/users\/7574"}],"replies":[{"embeddable":true,"href":"https:\/\/onlineacademiccommunity.uvic.ca\/comarts\/wp-json\/wp\/v2\/comments?post=1069"}],"version-history":[{"count":5,"href":"https:\/\/onlineacademiccommunity.uvic.ca\/comarts\/wp-json\/wp\/v2\/pages\/1069\/revisions"}],"predecessor-version":[{"id":1353,"href":"https:\/\/onlineacademiccommunity.uvic.ca\/comarts\/wp-json\/wp\/v2\/pages\/1069\/revisions\/1353"}],"wp:attachment":[{"href":"https:\/\/onlineacademiccommunity.uvic.ca\/comarts\/wp-json\/wp\/v2\/media?parent=1069"}],"curies":[{"name":"wp","href":"https:\/\/api.w.org\/{rel}","templated":true}]}}